{"id":4858,"date":"2019-05-15T12:01:25","date_gmt":"2019-05-15T10:01:25","guid":{"rendered":"https:\/\/www.cyalume.eu\/?page_id=4858"},"modified":"2023-06-09T10:46:43","modified_gmt":"2023-06-09T08:46:43","slug":"scivolo-di-espulsione-per-marcatori-luminosi-lightshape","status":"publish","type":"page","link":"https:\/\/www.cyalume.eu\/it\/bastoncino-luminoso-chemlight-snaplight-cyalume\/sistema-di-segnalazione-dei-percorsi-della-miniera-di-razorback\/scivolo-di-espulsione-per-marcatori-luminosi-lightshape\/","title":{"rendered":"Scivolo di espulsione per marcatori luminosi LightShape"},"content":{"rendered":"\t\t<div data-elementor-type=\"wp-page\" data-elementor-id=\"4858\" class=\"elementor elementor-4858\" data-elementor-post-type=\"page\">\n\t\t\t\t\t\t<section class=\"elementor-section elementor-top-section elementor-element elementor-element-68cabba5 elementor-section-boxed elementor-section-height-default elementor-section-height-default\" data-id=\"68cabba5\" data-element_type=\"section\" data-e-type=\"section\" data-settings=\"{&quot;background_background&quot;:&quot;classic&quot;}\">\n\t\t\t\t\t\t<div class=\"elementor-container elementor-column-gap-default\">\n\t\t\t\t\t<div class=\"elementor-column elementor-col-100 elementor-top-column elementor-element elementor-element-1fe8c193\" data-id=\"1fe8c193\" data-element_type=\"column\" data-e-type=\"column\">\n\t\t\t<div class=\"elementor-widget-wrap elementor-element-populated\">\n\t\t\t\t\t\t<div class=\"elementor-element elementor-element-195aaa2a elementor-widget elementor-widget-heading\" data-id=\"195aaa2a\" data-element_type=\"widget\" data-e-type=\"widget\" data-widget_type=\"heading.default\">\n\t\t\t\t<div class=\"elementor-widget-container\">\n\t\t\t\t\t<h1 class=\"elementor-heading-title elementor-size-default\">Goulotte d&#8217;\u00e9jection pour marqueurs lumineux LightShape<\/h1>\t\t\t\t<\/div>\n\t\t\t\t<\/div>\n\t\t\t\t<div class=\"elementor-element elementor-element-36345836 elementor-widget elementor-widget-shortcode\" data-id=\"36345836\" data-element_type=\"widget\" data-e-type=\"widget\" data-widget_type=\"shortcode.default\">\n\t\t\t\t<div class=\"elementor-widget-container\">\n\t\t\t\t\t\t\t<div class=\"elementor-shortcode\"><nav aria-label=\"breadcrumbs\">\n            <div class=\"breadcrumb-container theme1\">\n                <ol>\n                                    <\/ol>\n            <\/div>\n        <\/nav>    <script type=\"application\/ld+json\">\n        {\n            \"@context\": \"http:\/\/schema.org\",\n            \"@type\": \"BreadcrumbList\",\n            \"itemListElement\": [\n                            ]\n        }\n    <\/script>\n   \n    <script>\n            <\/script>\n<\/div>\n\t\t\t\t\t\t<\/div>\n\t\t\t\t<\/div>\n\t\t\t\t\t<\/div>\n\t\t<\/div>\n\t\t\t\t\t<\/div>\n\t\t<\/section>\n\t\t\t\t<section class=\"elementor-section elementor-top-section elementor-element elementor-element-565202ca elementor-section-boxed elementor-section-height-default elementor-section-height-default\" data-id=\"565202ca\" data-element_type=\"section\" data-e-type=\"section\">\n\t\t\t\t\t\t<div class=\"elementor-container elementor-column-gap-default\">\n\t\t\t\t\t<div class=\"elementor-column elementor-col-50 elementor-top-column elementor-element elementor-element-441e85de\" data-id=\"441e85de\" data-element_type=\"column\" data-e-type=\"column\">\n\t\t\t<div class=\"elementor-widget-wrap elementor-element-populated\">\n\t\t\t\t\t\t<div class=\"elementor-element elementor-element-139c1f29 elementor-arrows-position-inside elementor-pagination-position-outside elementor-widget elementor-widget-image-carousel\" data-id=\"139c1f29\" data-element_type=\"widget\" data-e-type=\"widget\" data-settings=\"{&quot;slides_to_show&quot;:&quot;1&quot;,&quot;navigation&quot;:&quot;both&quot;,&quot;autoplay&quot;:&quot;yes&quot;,&quot;pause_on_hover&quot;:&quot;yes&quot;,&quot;pause_on_interaction&quot;:&quot;yes&quot;,&quot;autoplay_speed&quot;:5000,&quot;infinite&quot;:&quot;yes&quot;,&quot;effect&quot;:&quot;slide&quot;,&quot;speed&quot;:500}\" data-widget_type=\"image-carousel.default\">\n\t\t\t\t<div class=\"elementor-widget-container\">\n\t\t\t\t\t\t\t<div class=\"elementor-image-carousel-wrapper swiper\" role=\"region\" aria-roledescription=\"carousel\" aria-label=\"Afbeelding carrousel\" dir=\"ltr\">\n\t\t\t<div class=\"elementor-image-carousel swiper-wrapper\" aria-live=\"off\">\n\t\t\t\t\t\t\t\t<div class=\"swiper-slide\" role=\"group\" aria-roledescription=\"slide\" aria-label=\"1 van 2\"><figure class=\"swiper-slide-inner\"><img decoding=\"async\" class=\"swiper-slide-image\" src=\"https:\/\/www.cyalume.eu\/wp-content\/uploads\/2019\/03\/Goulotte-d-ejection-de-marqueurs-lumineux-pour-marquage-d-itineraires-demines.jpg\" alt=\"Goulotte d&#039;\u00e9jection de marqueurs lumineux pour marquage d&#039;itin\u00e9raires d\u00e9min\u00e9s\" \/><\/figure><\/div><div class=\"swiper-slide\" role=\"group\" aria-roledescription=\"slide\" aria-label=\"2 van 2\"><figure class=\"swiper-slide-inner\"><img decoding=\"async\" class=\"swiper-slide-image\" src=\"https:\/\/www.cyalume.eu\/wp-content\/uploads\/2019\/05\/goulotte-de-guidage-et-de-distribution-de-marqueurs-lumineux-pour-marquage-de-routes-de-convois.jpg\" alt=\"goulotte de guidage et de distribution de marqueurs lumineux pour marquage de routes de convois\" \/><\/figure><\/div>\t\t\t<\/div>\n\t\t\t\t\t\t\t\t\t\t\t\t<div class=\"elementor-swiper-button elementor-swiper-button-prev\" role=\"button\" tabindex=\"0\">\n\t\t\t\t\t\t<i aria-hidden=\"true\" class=\"eicon-chevron-left\"><\/i>\t\t\t\t\t<\/div>\n\t\t\t\t\t<div class=\"elementor-swiper-button elementor-swiper-button-next\" role=\"button\" tabindex=\"0\">\n\t\t\t\t\t\t<i aria-hidden=\"true\" class=\"eicon-chevron-right\"><\/i>\t\t\t\t\t<\/div>\n\t\t\t\t\n\t\t\t\t\t\t\t\t\t<div class=\"swiper-pagination\"><\/div>\n\t\t\t\t\t\t\t\t\t<\/div>\n\t\t\t\t\t\t<\/div>\n\t\t\t\t<\/div>\n\t\t\t\t\t<\/div>\n\t\t<\/div>\n\t\t\t\t<div class=\"elementor-column elementor-col-50 elementor-top-column elementor-element elementor-element-45d09a7a\" data-id=\"45d09a7a\" data-element_type=\"column\" data-e-type=\"column\">\n\t\t\t<div class=\"elementor-widget-wrap elementor-element-populated\">\n\t\t\t\t\t\t<div class=\"elementor-element elementor-element-345a900a elementor-widget elementor-widget-text-editor\" data-id=\"345a900a\" data-element_type=\"widget\" data-e-type=\"widget\" data-widget_type=\"text-editor.default\">\n\t\t\t\t<div class=\"elementor-widget-container\">\n\t\t\t\t\t\t\t\t\t<h2>Goulotte pour le guidage et la disposition des marqueurs LightShape au sol en dehors de la trace des pneus<\/h2><p>Sur le dispositif Razorback, chaque r\u00e9servoir de stockage dispose de sa propre goulotte d\u2019\u00e9jection qui est fix\u00e9e \u00e0 la sortie de chaque magasin de deux c\u00f4t\u00e9s du v\u00e9hicule. La goulotte est destin\u00e9e \u00e0 guider les marqueurs LightShape et \u00e0 les d\u00e9livrer en les pla\u00e7ant \u00e0 c\u00f4t\u00e9 des traces laiss\u00e9es par les pneus des v\u00e9hicules du convoi.<\/p><p>Elles sont faciles \u00e0 monter sur tout type de v\u00e9hicule blind\u00e9 et sont fabriqu\u00e9s avec une longueur variable en fonction du type de v\u00e9hicule \u00e0 \u00e9quiper.<\/p>\t\t\t\t\t\t\t\t<\/div>\n\t\t\t\t<\/div>\n\t\t\t\t<div class=\"elementor-element elementor-element-39dfcaf4 elementor-align-center elementor-widget elementor-widget-button\" data-id=\"39dfcaf4\" data-element_type=\"widget\" data-e-type=\"widget\" data-widget_type=\"button.default\">\n\t\t\t\t<div class=\"elementor-widget-container\">\n\t\t\t\t\t\t\t\t\t<div class=\"elementor-button-wrapper\">\n\t\t\t\t\t<a class=\"elementor-button elementor-button-link elementor-size-sm\" href=\"https:\/\/www.cyalume.eu\/cyalume-technologies\/contact-ou-nous-trouver\/\" target=\"_blank\">\n\t\t\t\t\t\t<span class=\"elementor-button-content-wrapper\">\n\t\t\t\t\t\t<span class=\"elementor-button-icon\">\n\t\t\t\t<i aria-hidden=\"true\" class=\"far fa-file-pdf\"><\/i>\t\t\t<\/span>\n\t\t\t\t\t\t\t\t\t<span class=\"elementor-button-text\">Nous contacter pour toute demande de prix<\/span>\n\t\t\t\t\t<\/span>\n\t\t\t\t\t<\/a>\n\t\t\t\t<\/div>\n\t\t\t\t\t\t\t\t<\/div>\n\t\t\t\t<\/div>\n\t\t\t\t\t<\/div>\n\t\t<\/div>\n\t\t\t\t\t<\/div>\n\t\t<\/section>\n\t\t\t\t<section class=\"elementor-section elementor-top-section elementor-element elementor-element-4d70c7bd elementor-section-boxed elementor-section-height-default elementor-section-height-default\" data-id=\"4d70c7bd\" data-element_type=\"section\" data-e-type=\"section\" data-settings=\"{&quot;background_background&quot;:&quot;classic&quot;}\">\n\t\t\t\t\t\t<div class=\"elementor-container elementor-column-gap-default\">\n\t\t\t\t\t<div class=\"elementor-column elementor-col-100 elementor-top-column elementor-element elementor-element-4ac25dbf\" data-id=\"4ac25dbf\" data-element_type=\"column\" data-e-type=\"column\">\n\t\t\t<div class=\"elementor-widget-wrap elementor-element-populated\">\n\t\t\t\t\t\t<div class=\"elementor-element elementor-element-520861ca elementor-widget elementor-widget-heading\" data-id=\"520861ca\" data-element_type=\"widget\" data-e-type=\"widget\" data-widget_type=\"heading.default\">\n\t\t\t\t<div class=\"elementor-widget-container\">\n\t\t\t\t\t<h3 class=\"elementor-heading-title elementor-size-default\">Les produits Cyalume associ\u00e9s<\/h3>\t\t\t\t<\/div>\n\t\t\t\t<\/div>\n\t\t\t\t<section class=\"elementor-section elementor-inner-section elementor-element elementor-element-374244d4 elementor-section-boxed elementor-section-height-default elementor-section-height-default\" data-id=\"374244d4\" data-element_type=\"section\" data-e-type=\"section\">\n\t\t\t\t\t\t<div class=\"elementor-container elementor-column-gap-default\">\n\t\t\t\t\t<div data-ra-url=\"https:\/\/www.cyalume.shop\/fr\/12-batons-lumineux\" data-ra-target=\"_self\" class=\"ra-clickable-wrapper elementor-column elementor-col-25 elementor-inner-column elementor-element elementor-element-56c9211 home_produits\" style=\"cursor:pointer;\" data-id=\"56c9211\" data-element_type=\"column\" data-e-type=\"column\" data-settings=\"{&quot;background_background&quot;:&quot;classic&quot;}\">\n\t\t\t<div class=\"elementor-widget-wrap elementor-element-populated\">\n\t\t\t\t\t\t<div class=\"elementor-element elementor-element-29c8be3 elementor-widget elementor-widget-image\" data-id=\"29c8be3\" data-element_type=\"widget\" data-e-type=\"widget\" data-widget_type=\"image.default\">\n\t\t\t\t<div class=\"elementor-widget-container\">\n\t\t\t\t\t\t\t\t\t\t\t\t\t\t\t\t<a href=\"https:\/\/www.cyalume.eu\/baton-lumineux-cyalume-chemlight-snaplight\/systeme-de-marquage-itineraires-demines-razorback\/\">\n\t\t\t\t\t\t\t<img fetchpriority=\"high\" decoding=\"async\" width=\"700\" height=\"500\" src=\"https:\/\/www.cyalume.eu\/wp-content\/uploads\/2019\/03\/Razorback-systeme-marquage-itineraires-demines.jpg\" class=\"elementor-animation-grow attachment-large size-large wp-image-4083\" alt=\"Razorback syst\u00e8me marquage itin\u00e9raires d\u00e9min\u00e9s\" srcset=\"https:\/\/www.cyalume.eu\/wp-content\/uploads\/2019\/03\/Razorback-systeme-marquage-itineraires-demines.jpg 700w, https:\/\/www.cyalume.eu\/wp-content\/uploads\/2019\/03\/Razorback-systeme-marquage-itineraires-demines-300x214.jpg 300w, https:\/\/www.cyalume.eu\/wp-content\/uploads\/2019\/03\/Razorback-systeme-marquage-itineraires-demines-204x146.jpg 204w, https:\/\/www.cyalume.eu\/wp-content\/uploads\/2019\/03\/Razorback-systeme-marquage-itineraires-demines-50x36.jpg 50w, https:\/\/www.cyalume.eu\/wp-content\/uploads\/2019\/03\/Razorback-systeme-marquage-itineraires-demines-105x75.jpg 105w\" sizes=\"(max-width: 700px) 100vw, 700px\" \/>\t\t\t\t\t\t\t\t<\/a>\n\t\t\t\t\t\t\t\t\t\t\t\t\t\t\t<\/div>\n\t\t\t\t<\/div>\n\t\t\t\t<div class=\"elementor-element elementor-element-56057140 elementor-widget elementor-widget-heading\" data-id=\"56057140\" data-element_type=\"widget\" data-e-type=\"widget\" data-widget_type=\"heading.default\">\n\t\t\t\t<div class=\"elementor-widget-container\">\n\t\t\t\t\t<p class=\"elementor-heading-title elementor-size-default\"><a href=\"https:\/\/www.cyalume.eu\/baton-lumineux-cyalume-chemlight-snaplight\/systeme-de-marquage-itineraires-demines-razorback\/\">Syst\u00e8me de marquage d\u2019itin\u00e9raires d\u00e9min\u00e9s<\/a><\/p>\t\t\t\t<\/div>\n\t\t\t\t<\/div>\n\t\t\t\t\t<\/div>\n\t\t<\/div>\n\t\t\t\t<div data-ra-url=\"https:\/\/www.cyalume.shop\/fr\/12-batons-lumineux\" data-ra-target=\"_self\" class=\"ra-clickable-wrapper elementor-column elementor-col-25 elementor-inner-column elementor-element elementor-element-5869c0ee home_produits\" style=\"cursor:pointer;\" data-id=\"5869c0ee\" data-element_type=\"column\" data-e-type=\"column\" data-settings=\"{&quot;background_background&quot;:&quot;classic&quot;}\">\n\t\t\t<div class=\"elementor-widget-wrap elementor-element-populated\">\n\t\t\t\t\t\t<div class=\"elementor-element elementor-element-3ecd9d0f elementor-widget elementor-widget-image\" data-id=\"3ecd9d0f\" data-element_type=\"widget\" data-e-type=\"widget\" data-widget_type=\"image.default\">\n\t\t\t\t<div class=\"elementor-widget-container\">\n\t\t\t\t\t\t\t\t\t\t\t\t\t\t\t\t<a href=\"https:\/\/www.cyalume.eu\/baton-lumineux-cyalume-chemlight-snaplight\/systeme-de-marquage-itineraires-demines-razorback\/marqueurs-lightshape-pour-razorback\/\">\n\t\t\t\t\t\t\t<img decoding=\"async\" width=\"700\" height=\"500\" src=\"https:\/\/www.cyalume.eu\/wp-content\/uploads\/2019\/03\/marqueurs-circulaires-Lightshape-pour-systeme-razorback.jpg\" class=\"elementor-animation-grow attachment-large size-large wp-image-4089\" alt=\"marqueurs circulaires Lightshape pour syst\u00e8me razorback\" srcset=\"https:\/\/www.cyalume.eu\/wp-content\/uploads\/2019\/03\/marqueurs-circulaires-Lightshape-pour-systeme-razorback.jpg 700w, https:\/\/www.cyalume.eu\/wp-content\/uploads\/2019\/03\/marqueurs-circulaires-Lightshape-pour-systeme-razorback-300x214.jpg 300w, https:\/\/www.cyalume.eu\/wp-content\/uploads\/2019\/03\/marqueurs-circulaires-Lightshape-pour-systeme-razorback-204x146.jpg 204w, https:\/\/www.cyalume.eu\/wp-content\/uploads\/2019\/03\/marqueurs-circulaires-Lightshape-pour-systeme-razorback-50x36.jpg 50w, https:\/\/www.cyalume.eu\/wp-content\/uploads\/2019\/03\/marqueurs-circulaires-Lightshape-pour-systeme-razorback-105x75.jpg 105w\" sizes=\"(max-width: 700px) 100vw, 700px\" \/>\t\t\t\t\t\t\t\t<\/a>\n\t\t\t\t\t\t\t\t\t\t\t\t\t\t\t<\/div>\n\t\t\t\t<\/div>\n\t\t\t\t<div class=\"elementor-element elementor-element-73933a2f elementor-widget elementor-widget-heading\" data-id=\"73933a2f\" data-element_type=\"widget\" data-e-type=\"widget\" data-widget_type=\"heading.default\">\n\t\t\t\t<div class=\"elementor-widget-container\">\n\t\t\t\t\t<p class=\"elementor-heading-title elementor-size-default\"><a href=\"https:\/\/www.cyalume.eu\/baton-lumineux-cyalume-chemlight-snaplight\/systeme-de-marquage-itineraires-demines-razorback\/marqueurs-lightshape-pour-razorback\/\">Marqueurs circulaires LightShape pour Razorback<\/a><\/p>\t\t\t\t<\/div>\n\t\t\t\t<\/div>\n\t\t\t\t\t<\/div>\n\t\t<\/div>\n\t\t\t\t<div data-ra-url=\"https:\/\/www.cyalume.shop\/fr\/12-batons-lumineux\" data-ra-target=\"_self\" class=\"ra-clickable-wrapper elementor-column elementor-col-25 elementor-inner-column elementor-element elementor-element-4bc02ce home_produits\" style=\"cursor:pointer;\" data-id=\"4bc02ce\" data-element_type=\"column\" data-e-type=\"column\" data-settings=\"{&quot;background_background&quot;:&quot;classic&quot;}\">\n\t\t\t<div class=\"elementor-widget-wrap elementor-element-populated\">\n\t\t\t\t\t\t<div class=\"elementor-element elementor-element-7a190663 elementor-widget elementor-widget-image\" data-id=\"7a190663\" data-element_type=\"widget\" data-e-type=\"widget\" data-widget_type=\"image.default\">\n\t\t\t\t<div class=\"elementor-widget-container\">\n\t\t\t\t\t\t\t\t\t\t\t\t\t\t\t\t<a href=\"https:\/\/www.cyalume.eu\/baton-lumineux-cyalume-chemlight-snaplight\/systeme-de-marquage-itineraires-demines-razorback\/dispositif-activation-et-de-distribution-des-marqueurs\/\">\n\t\t\t\t\t\t\t<img decoding=\"async\" width=\"700\" height=\"500\" src=\"https:\/\/www.cyalume.eu\/wp-content\/uploads\/2019\/03\/systeme-de-distribution-de-LightShape-sur-razorback-marquage-d-itineraires-demines.jpg\" class=\"elementor-animation-grow attachment-large size-large wp-image-4090\" alt=\"syst\u00e8me de distribution de LightShape sur razorback marquage d&#039;itin\u00e9raires d\u00e9min\u00e9s\" srcset=\"https:\/\/www.cyalume.eu\/wp-content\/uploads\/2019\/03\/systeme-de-distribution-de-LightShape-sur-razorback-marquage-d-itineraires-demines.jpg 700w, https:\/\/www.cyalume.eu\/wp-content\/uploads\/2019\/03\/systeme-de-distribution-de-LightShape-sur-razorback-marquage-d-itineraires-demines-300x214.jpg 300w, https:\/\/www.cyalume.eu\/wp-content\/uploads\/2019\/03\/systeme-de-distribution-de-LightShape-sur-razorback-marquage-d-itineraires-demines-204x146.jpg 204w, https:\/\/www.cyalume.eu\/wp-content\/uploads\/2019\/03\/systeme-de-distribution-de-LightShape-sur-razorback-marquage-d-itineraires-demines-50x36.jpg 50w, https:\/\/www.cyalume.eu\/wp-content\/uploads\/2019\/03\/systeme-de-distribution-de-LightShape-sur-razorback-marquage-d-itineraires-demines-105x75.jpg 105w\" sizes=\"(max-width: 700px) 100vw, 700px\" \/>\t\t\t\t\t\t\t\t<\/a>\n\t\t\t\t\t\t\t\t\t\t\t\t\t\t\t<\/div>\n\t\t\t\t<\/div>\n\t\t\t\t<div class=\"elementor-element elementor-element-12edee40 elementor-widget elementor-widget-heading\" data-id=\"12edee40\" data-element_type=\"widget\" data-e-type=\"widget\" data-widget_type=\"heading.default\">\n\t\t\t\t<div class=\"elementor-widget-container\">\n\t\t\t\t\t<p class=\"elementor-heading-title elementor-size-default\"><a href=\"https:\/\/www.cyalume.eu\/baton-lumineux-cyalume-chemlight-snaplight\/systeme-de-marquage-itineraires-demines-razorback\/dispositif-activation-et-de-distribution-des-marqueurs\/\">Dispositif d\u2019activation et de distribution des marqueurs<\/a><\/p>\t\t\t\t<\/div>\n\t\t\t\t<\/div>\n\t\t\t\t\t<\/div>\n\t\t<\/div>\n\t\t\t\t<div data-ra-url=\"https:\/\/www.cyalume.shop\/fr\/12-batons-lumineux\" data-ra-target=\"_self\" class=\"ra-clickable-wrapper elementor-column elementor-col-25 elementor-inner-column elementor-element elementor-element-5f1a0299 home_produits\" style=\"cursor:pointer;\" data-id=\"5f1a0299\" data-element_type=\"column\" data-e-type=\"column\" data-settings=\"{&quot;background_background&quot;:&quot;classic&quot;}\">\n\t\t\t<div class=\"elementor-widget-wrap elementor-element-populated\">\n\t\t\t\t\t\t<div class=\"elementor-element elementor-element-6f8d7158 elementor-widget elementor-widget-image\" data-id=\"6f8d7158\" data-element_type=\"widget\" data-e-type=\"widget\" data-widget_type=\"image.default\">\n\t\t\t\t<div class=\"elementor-widget-container\">\n\t\t\t\t\t\t\t\t\t\t\t\t\t\t\t\t<a href=\"https:\/\/www.cyalume.eu\/baton-lumineux-cyalume-chemlight-snaplight\/systeme-de-marquage-itineraires-demines-razorback\/commande-manuelle-du-razorback\/\">\n\t\t\t\t\t\t\t<img loading=\"lazy\" decoding=\"async\" width=\"700\" height=\"500\" src=\"https:\/\/www.cyalume.eu\/wp-content\/uploads\/2019\/03\/commande-manuelle-razorback-systeme-de-marquage-d-itineraires-de-routes-deminees.jpg\" class=\"elementor-animation-grow attachment-large size-large wp-image-4091\" alt=\"commande manuelle razorback syst\u00e8me de marquage d&#039;itin\u00e9raires de routes demin\u00e9es\" srcset=\"https:\/\/www.cyalume.eu\/wp-content\/uploads\/2019\/03\/commande-manuelle-razorback-systeme-de-marquage-d-itineraires-de-routes-deminees.jpg 700w, https:\/\/www.cyalume.eu\/wp-content\/uploads\/2019\/03\/commande-manuelle-razorback-systeme-de-marquage-d-itineraires-de-routes-deminees-300x214.jpg 300w, https:\/\/www.cyalume.eu\/wp-content\/uploads\/2019\/03\/commande-manuelle-razorback-systeme-de-marquage-d-itineraires-de-routes-deminees-204x146.jpg 204w, https:\/\/www.cyalume.eu\/wp-content\/uploads\/2019\/03\/commande-manuelle-razorback-systeme-de-marquage-d-itineraires-de-routes-deminees-50x36.jpg 50w, https:\/\/www.cyalume.eu\/wp-content\/uploads\/2019\/03\/commande-manuelle-razorback-systeme-de-marquage-d-itineraires-de-routes-deminees-105x75.jpg 105w\" sizes=\"(max-width: 700px) 100vw, 700px\" \/>\t\t\t\t\t\t\t\t<\/a>\n\t\t\t\t\t\t\t\t\t\t\t\t\t\t\t<\/div>\n\t\t\t\t<\/div>\n\t\t\t\t<div class=\"elementor-element elementor-element-664bae3f elementor-widget elementor-widget-heading\" data-id=\"664bae3f\" data-element_type=\"widget\" data-e-type=\"widget\" data-widget_type=\"heading.default\">\n\t\t\t\t<div class=\"elementor-widget-container\">\n\t\t\t\t\t<p class=\"elementor-heading-title elementor-size-default\"><a href=\"https:\/\/www.cyalume.eu\/baton-lumineux-cyalume-chemlight-snaplight\/systeme-de-marquage-itineraires-demines-razorback\/commande-manuelle-du-razorback\/\">Commande manuelle du Razorback<\/a><\/p>\t\t\t\t<\/div>\n\t\t\t\t<\/div>\n\t\t\t\t\t<\/div>\n\t\t<\/div>\n\t\t\t\t\t<\/div>\n\t\t<\/section>\n\t\t\t\t\t<\/div>\n\t\t<\/div>\n\t\t\t\t\t<\/div>\n\t\t<\/section>\n\t\t\t\t<\/div>\n\t\t","protected":false},"excerpt":{"rendered":"<p>Previous image Next image Goulotte pour le guidage et la disposition des marqueurs LightShape au sol en dehors de la trace des pneus Sur le dispositif Razorback, chaque r\u00e9servoir de stockage dispose de sa propre goulotte d\u2019\u00e9jection qui est fix\u00e9e \u00e0 la sortie de chaque magasin de deux c\u00f4t\u00e9s du v\u00e9hicule. La goulotte est destin\u00e9e [&hellip;]<\/p>\n","protected":false},"author":2,"featured_media":4094,"parent":4077,"menu_order":2,"comment_status":"closed","ping_status":"closed","template":"","meta":{"footnotes":""},"class_list":["post-4858","page","type-page","status-publish","has-post-thumbnail","hentry"],"aioseo_notices":[],"_links":{"self":[{"href":"https:\/\/www.cyalume.eu\/it\/wp-json\/wp\/v2\/pages\/4858","targetHints":{"allow":["GET"]}}],"collection":[{"href":"https:\/\/www.cyalume.eu\/it\/wp-json\/wp\/v2\/pages"}],"about":[{"href":"https:\/\/www.cyalume.eu\/it\/wp-json\/wp\/v2\/types\/page"}],"author":[{"embeddable":true,"href":"https:\/\/www.cyalume.eu\/it\/wp-json\/wp\/v2\/users\/2"}],"replies":[{"embeddable":true,"href":"https:\/\/www.cyalume.eu\/it\/wp-json\/wp\/v2\/comments?post=4858"}],"version-history":[{"count":6,"href":"https:\/\/www.cyalume.eu\/it\/wp-json\/wp\/v2\/pages\/4858\/revisions"}],"predecessor-version":[{"id":30306,"href":"https:\/\/www.cyalume.eu\/it\/wp-json\/wp\/v2\/pages\/4858\/revisions\/30306"}],"up":[{"embeddable":true,"href":"https:\/\/www.cyalume.eu\/it\/wp-json\/wp\/v2\/pages\/4077"}],"wp:featuredmedia":[{"embeddable":true,"href":"https:\/\/www.cyalume.eu\/it\/wp-json\/wp\/v2\/media\/4094"}],"wp:attachment":[{"href":"https:\/\/www.cyalume.eu\/it\/wp-json\/wp\/v2\/media?parent=4858"}],"curies":[{"name":"wp","href":"https:\/\/api.w.org\/{rel}","templated":true}]}}