{"id":4848,"date":"2019-05-15T11:53:41","date_gmt":"2019-05-15T09:53:41","guid":{"rendered":"https:\/\/www.cyalume.eu\/?page_id=4848"},"modified":"2023-06-09T10:41:23","modified_gmt":"2023-06-09T08:41:23","slug":"sistema-di-attivazione-e-distribuzione-dei-marcatori","status":"publish","type":"page","link":"https:\/\/www.cyalume.eu\/it\/bastoncino-luminoso-chemlight-snaplight-cyalume\/sistema-di-segnalazione-dei-percorsi-della-miniera-di-razorback\/sistema-di-attivazione-e-distribuzione-dei-marcatori\/","title":{"rendered":"Sistema di attivazione e distribuzione dei marcatori"},"content":{"rendered":"\t\t<div data-elementor-type=\"wp-page\" data-elementor-id=\"4848\" class=\"elementor elementor-4848\" data-elementor-post-type=\"page\">\n\t\t\t\t\t\t<section class=\"elementor-section elementor-top-section elementor-element elementor-element-4ceff26f elementor-section-boxed elementor-section-height-default elementor-section-height-default\" data-id=\"4ceff26f\" data-element_type=\"section\" data-e-type=\"section\" data-settings=\"{&quot;background_background&quot;:&quot;classic&quot;}\">\n\t\t\t\t\t\t<div class=\"elementor-container elementor-column-gap-default\">\n\t\t\t\t\t<div class=\"elementor-column elementor-col-100 elementor-top-column elementor-element elementor-element-1d7a822c\" data-id=\"1d7a822c\" data-element_type=\"column\" data-e-type=\"column\">\n\t\t\t<div class=\"elementor-widget-wrap elementor-element-populated\">\n\t\t\t\t\t\t<div class=\"elementor-element elementor-element-1060b51c elementor-widget elementor-widget-heading\" data-id=\"1060b51c\" data-element_type=\"widget\" data-e-type=\"widget\" data-widget_type=\"heading.default\">\n\t\t\t\t<div class=\"elementor-widget-container\">\n\t\t\t\t\t<h1 class=\"elementor-heading-title elementor-size-default\">Dispositif d&#8217;activation et de distribution des marqueurs<\/h1>\t\t\t\t<\/div>\n\t\t\t\t<\/div>\n\t\t\t\t<div class=\"elementor-element elementor-element-6b9678a5 elementor-widget elementor-widget-shortcode\" data-id=\"6b9678a5\" data-element_type=\"widget\" data-e-type=\"widget\" data-widget_type=\"shortcode.default\">\n\t\t\t\t<div class=\"elementor-widget-container\">\n\t\t\t\t\t\t\t<div class=\"elementor-shortcode\"><nav aria-label=\"breadcrumbs\">\n            <div class=\"breadcrumb-container theme1\">\n                <ol>\n                                    <\/ol>\n            <\/div>\n        <\/nav>    <script type=\"application\/ld+json\">\n        {\n            \"@context\": \"http:\/\/schema.org\",\n            \"@type\": \"BreadcrumbList\",\n            \"itemListElement\": [\n                            ]\n        }\n    <\/script>\n   \n    <script>\n            <\/script>\n<\/div>\n\t\t\t\t\t\t<\/div>\n\t\t\t\t<\/div>\n\t\t\t\t\t<\/div>\n\t\t<\/div>\n\t\t\t\t\t<\/div>\n\t\t<\/section>\n\t\t\t\t<section class=\"elementor-section elementor-top-section elementor-element elementor-element-772f14f6 elementor-section-boxed elementor-section-height-default elementor-section-height-default\" data-id=\"772f14f6\" data-element_type=\"section\" data-e-type=\"section\">\n\t\t\t\t\t\t<div class=\"elementor-container elementor-column-gap-default\">\n\t\t\t\t\t<div class=\"elementor-column elementor-col-50 elementor-top-column elementor-element elementor-element-4a258121\" data-id=\"4a258121\" data-element_type=\"column\" data-e-type=\"column\">\n\t\t\t<div class=\"elementor-widget-wrap elementor-element-populated\">\n\t\t\t\t\t\t<div class=\"elementor-element elementor-element-449b13d6 elementor-arrows-position-inside elementor-pagination-position-outside elementor-widget elementor-widget-image-carousel\" data-id=\"449b13d6\" data-element_type=\"widget\" data-e-type=\"widget\" data-settings=\"{&quot;slides_to_show&quot;:&quot;1&quot;,&quot;navigation&quot;:&quot;both&quot;,&quot;autoplay&quot;:&quot;yes&quot;,&quot;pause_on_hover&quot;:&quot;yes&quot;,&quot;pause_on_interaction&quot;:&quot;yes&quot;,&quot;autoplay_speed&quot;:5000,&quot;infinite&quot;:&quot;yes&quot;,&quot;effect&quot;:&quot;slide&quot;,&quot;speed&quot;:500}\" data-widget_type=\"image-carousel.default\">\n\t\t\t\t<div class=\"elementor-widget-container\">\n\t\t\t\t\t\t\t<div class=\"elementor-image-carousel-wrapper swiper\" role=\"region\" aria-roledescription=\"carousel\" aria-label=\"Carrousel d\u2019images\" dir=\"ltr\">\n\t\t\t<div class=\"elementor-image-carousel swiper-wrapper\" aria-live=\"off\">\n\t\t\t\t\t\t\t\t<div class=\"swiper-slide\" role=\"group\" aria-roledescription=\"slide\" aria-label=\"1 sur 4\"><figure class=\"swiper-slide-inner\"><img decoding=\"async\" class=\"swiper-slide-image\" src=\"https:\/\/www.cyalume.eu\/wp-content\/uploads\/2019\/03\/systeme-de-distribution-de-LightShape-sur-razorback-marquage-d-itineraires-demines.jpg\" alt=\"syst\u00e8me de distribution de LightShape sur razorback marquage d&#039;itin\u00e9raires d\u00e9min\u00e9s\" \/><\/figure><\/div><div class=\"swiper-slide\" role=\"group\" aria-roledescription=\"slide\" aria-label=\"2 sur 4\"><figure class=\"swiper-slide-inner\"><img decoding=\"async\" class=\"swiper-slide-image\" src=\"https:\/\/www.cyalume.eu\/wp-content\/uploads\/2019\/05\/reservoirs-de-marqueurs-lumineux-du-razorback-pour-marquage-de-routes-deminees.jpg\" alt=\"r\u00e9servoirs de marqueurs lumineux du razorback pour marquage de routes d\u00e9min\u00e9es\" \/><\/figure><\/div><div class=\"swiper-slide\" role=\"group\" aria-roledescription=\"slide\" aria-label=\"3 sur 4\"><figure class=\"swiper-slide-inner\"><img decoding=\"async\" class=\"swiper-slide-image\" src=\"https:\/\/www.cyalume.eu\/wp-content\/uploads\/2019\/05\/Magasins-de-stockage-de-marqueurs-lumineux-et-systeme-d-activation.jpg\" alt=\"Magasins de stockage de marqueurs lumineux et syst\u00e8me d&#039;activation\" \/><\/figure><\/div><div class=\"swiper-slide\" role=\"group\" aria-roledescription=\"slide\" aria-label=\"4 sur 4\"><figure class=\"swiper-slide-inner\"><img decoding=\"async\" class=\"swiper-slide-image\" src=\"https:\/\/www.cyalume.eu\/wp-content\/uploads\/2019\/05\/magasin-de-stockage-des-marqueurs-lumineux-du-razorback.jpg\" alt=\"magasin de stockage des marqueurs lumineux du razorback\" \/><\/figure><\/div>\t\t\t<\/div>\n\t\t\t\t\t\t\t\t\t\t\t\t<div class=\"elementor-swiper-button elementor-swiper-button-prev\" role=\"button\" tabindex=\"0\">\n\t\t\t\t\t\t<i aria-hidden=\"true\" class=\"eicon-chevron-left\"><\/i>\t\t\t\t\t<\/div>\n\t\t\t\t\t<div class=\"elementor-swiper-button elementor-swiper-button-next\" role=\"button\" tabindex=\"0\">\n\t\t\t\t\t\t<i aria-hidden=\"true\" class=\"eicon-chevron-right\"><\/i>\t\t\t\t\t<\/div>\n\t\t\t\t\n\t\t\t\t\t\t\t\t\t<div class=\"swiper-pagination\"><\/div>\n\t\t\t\t\t\t\t\t\t<\/div>\n\t\t\t\t\t\t<\/div>\n\t\t\t\t<\/div>\n\t\t\t\t\t<\/div>\n\t\t<\/div>\n\t\t\t\t<div class=\"elementor-column elementor-col-50 elementor-top-column elementor-element elementor-element-40fda1f1\" data-id=\"40fda1f1\" data-element_type=\"column\" data-e-type=\"column\">\n\t\t\t<div class=\"elementor-widget-wrap elementor-element-populated\">\n\t\t\t\t\t\t<div class=\"elementor-element elementor-element-74adb72e elementor-widget elementor-widget-text-editor\" data-id=\"74adb72e\" data-element_type=\"widget\" data-e-type=\"widget\" data-widget_type=\"text-editor.default\">\n\t\t\t\t<div class=\"elementor-widget-container\">\n\t\t\t\t\t\t\t\t\t<h2>Magasins de stockage, d\u2019activation et de distribution des marqueurs circulaires lumineux LightShape<\/h2><p>Le syst\u00e8me de marquage d\u2019itin\u00e9raires d\u00e9min\u00e9s Razorback est construit en acier robuste et en aluminium extrud\u00e9. C\u2019est un syst\u00e8me l\u00e9ger qui est dot\u00e9 d\u2019une puissance \u00e9lectrique de 24 Volts (Sp\u00e9cifications OTAN) et qui peut \u00eatre adapt\u00e9 \u00e0 tout type de v\u00e9hicule blind\u00e9.<\/p><p>Ce syst\u00e8me \u00e0 doubles r\u00e9servoirs de marqueurs offre une redondance en cas d\u2019avaries li\u00e9es au combat ou au blocage du syst\u00e8me. Chaque magasin ou r\u00e9servoir a une capacit\u00e9 de stockage de 100 marqueurs circulaires lumineux LightShape, soit une capacit\u00e9 totale de 400 marqueurs puisque chaque dispositif est dot\u00e9 de deux r\u00e9servoirs. Ce syst\u00e8me de stockage de marqueurs est facile \u00e0 entretenir et simple \u00e0 charger en marqueurs.<\/p><p>Ce dispositif d\u2019activation et de distribution de disques LightShape est une unit\u00e9 scell\u00e9e qui ne n\u00e9cessite pas de maintenance particuli\u00e8re.<\/p>\t\t\t\t\t\t\t\t<\/div>\n\t\t\t\t<\/div>\n\t\t\t\t<div class=\"elementor-element elementor-element-1088c458 elementor-align-center elementor-widget elementor-widget-button\" data-id=\"1088c458\" data-element_type=\"widget\" data-e-type=\"widget\" data-widget_type=\"button.default\">\n\t\t\t\t<div class=\"elementor-widget-container\">\n\t\t\t\t\t\t\t\t\t<div class=\"elementor-button-wrapper\">\n\t\t\t\t\t<a class=\"elementor-button elementor-button-link elementor-size-sm\" href=\"https:\/\/www.cyalume.eu\/cyalume-technologies\/contact-ou-nous-trouver\/\" target=\"_blank\">\n\t\t\t\t\t\t<span class=\"elementor-button-content-wrapper\">\n\t\t\t\t\t\t<span class=\"elementor-button-icon\">\n\t\t\t\t<i aria-hidden=\"true\" class=\"far fa-file-pdf\"><\/i>\t\t\t<\/span>\n\t\t\t\t\t\t\t\t\t<span class=\"elementor-button-text\">Nous contacter pour toute demande de prix<\/span>\n\t\t\t\t\t<\/span>\n\t\t\t\t\t<\/a>\n\t\t\t\t<\/div>\n\t\t\t\t\t\t\t\t<\/div>\n\t\t\t\t<\/div>\n\t\t\t\t\t<\/div>\n\t\t<\/div>\n\t\t\t\t\t<\/div>\n\t\t<\/section>\n\t\t\t\t<section class=\"elementor-section elementor-top-section elementor-element elementor-element-2135063d elementor-section-boxed elementor-section-height-default elementor-section-height-default\" data-id=\"2135063d\" data-element_type=\"section\" data-e-type=\"section\" data-settings=\"{&quot;background_background&quot;:&quot;classic&quot;}\">\n\t\t\t\t\t\t<div class=\"elementor-container elementor-column-gap-default\">\n\t\t\t\t\t<div class=\"elementor-column elementor-col-100 elementor-top-column elementor-element elementor-element-24e27906\" data-id=\"24e27906\" data-element_type=\"column\" data-e-type=\"column\">\n\t\t\t<div class=\"elementor-widget-wrap elementor-element-populated\">\n\t\t\t\t\t\t<div class=\"elementor-element elementor-element-55e31717 elementor-widget elementor-widget-heading\" data-id=\"55e31717\" data-element_type=\"widget\" data-e-type=\"widget\" data-widget_type=\"heading.default\">\n\t\t\t\t<div class=\"elementor-widget-container\">\n\t\t\t\t\t<h3 class=\"elementor-heading-title elementor-size-default\">Les produits Cyalume associ\u00e9s<\/h3>\t\t\t\t<\/div>\n\t\t\t\t<\/div>\n\t\t\t\t<section class=\"elementor-section elementor-inner-section elementor-element elementor-element-3500dd97 elementor-section-boxed elementor-section-height-default elementor-section-height-default\" data-id=\"3500dd97\" data-element_type=\"section\" data-e-type=\"section\">\n\t\t\t\t\t\t<div class=\"elementor-container elementor-column-gap-default\">\n\t\t\t\t\t<div data-ra-url=\"https:\/\/www.cyalume.shop\/fr\/12-batons-lumineux\" data-ra-target=\"_self\" class=\"ra-clickable-wrapper elementor-column elementor-col-25 elementor-inner-column elementor-element elementor-element-480f53c0 home_produits\" style=\"cursor:pointer;\" data-id=\"480f53c0\" data-element_type=\"column\" data-e-type=\"column\" data-settings=\"{&quot;background_background&quot;:&quot;classic&quot;}\">\n\t\t\t<div class=\"elementor-widget-wrap elementor-element-populated\">\n\t\t\t\t\t\t<div class=\"elementor-element elementor-element-4d72e94d elementor-widget elementor-widget-image\" data-id=\"4d72e94d\" data-element_type=\"widget\" data-e-type=\"widget\" data-widget_type=\"image.default\">\n\t\t\t\t<div class=\"elementor-widget-container\">\n\t\t\t\t\t\t\t\t\t\t\t\t\t\t\t\t<a href=\"https:\/\/www.cyalume.eu\/baton-lumineux-cyalume-chemlight-snaplight\/batons-lumineux-et-marqueurs-lumineux-infrarouges\/baton-lumineux-6inch-chemlight-infrarouge-15cm\/\">\n\t\t\t\t\t\t\t<img fetchpriority=\"high\" decoding=\"async\" width=\"700\" height=\"500\" src=\"https:\/\/www.cyalume.eu\/wp-content\/uploads\/2019\/03\/Razorback-systeme-marquage-itineraires-demines.jpg\" class=\"elementor-animation-grow attachment-large size-large wp-image-4083\" alt=\"Razorback syst\u00e8me marquage itin\u00e9raires d\u00e9min\u00e9s\" srcset=\"https:\/\/www.cyalume.eu\/wp-content\/uploads\/2019\/03\/Razorback-systeme-marquage-itineraires-demines.jpg 700w, https:\/\/www.cyalume.eu\/wp-content\/uploads\/2019\/03\/Razorback-systeme-marquage-itineraires-demines-300x214.jpg 300w, https:\/\/www.cyalume.eu\/wp-content\/uploads\/2019\/03\/Razorback-systeme-marquage-itineraires-demines-204x146.jpg 204w, https:\/\/www.cyalume.eu\/wp-content\/uploads\/2019\/03\/Razorback-systeme-marquage-itineraires-demines-50x36.jpg 50w, https:\/\/www.cyalume.eu\/wp-content\/uploads\/2019\/03\/Razorback-systeme-marquage-itineraires-demines-105x75.jpg 105w\" sizes=\"(max-width: 700px) 100vw, 700px\" \/>\t\t\t\t\t\t\t\t<\/a>\n\t\t\t\t\t\t\t\t\t\t\t\t\t\t\t<\/div>\n\t\t\t\t<\/div>\n\t\t\t\t<div class=\"elementor-element elementor-element-352c3c25 elementor-widget elementor-widget-heading\" data-id=\"352c3c25\" data-element_type=\"widget\" data-e-type=\"widget\" data-widget_type=\"heading.default\">\n\t\t\t\t<div class=\"elementor-widget-container\">\n\t\t\t\t\t<p class=\"elementor-heading-title elementor-size-default\"><a href=\"https:\/\/www.cyalume.eu\/baton-lumineux-cyalume-chemlight-snaplight\/systeme-de-marquage-itineraires-demines-razorback\/\">Syst\u00e8me de marquage d\u2019itin\u00e9raires d\u00e9min\u00e9s<\/a><\/p>\t\t\t\t<\/div>\n\t\t\t\t<\/div>\n\t\t\t\t\t<\/div>\n\t\t<\/div>\n\t\t\t\t<div data-ra-url=\"https:\/\/www.cyalume.shop\/fr\/12-batons-lumineux\" data-ra-target=\"_self\" class=\"ra-clickable-wrapper elementor-column elementor-col-25 elementor-inner-column elementor-element elementor-element-251cef2d home_produits\" style=\"cursor:pointer;\" data-id=\"251cef2d\" data-element_type=\"column\" data-e-type=\"column\" data-settings=\"{&quot;background_background&quot;:&quot;classic&quot;}\">\n\t\t\t<div class=\"elementor-widget-wrap elementor-element-populated\">\n\t\t\t\t\t\t<div class=\"elementor-element elementor-element-509b9d40 elementor-widget elementor-widget-image\" data-id=\"509b9d40\" data-element_type=\"widget\" data-e-type=\"widget\" data-widget_type=\"image.default\">\n\t\t\t\t<div class=\"elementor-widget-container\">\n\t\t\t\t\t\t\t\t\t\t\t\t\t\t\t\t<a href=\"https:\/\/www.cyalume.eu\/baton-lumineux-cyalume-chemlight-snaplight\/systeme-de-marquage-itineraires-demines-razorback\/marqueurs-lightshape-pour-razorback\/\">\n\t\t\t\t\t\t\t<img decoding=\"async\" width=\"700\" height=\"500\" src=\"https:\/\/www.cyalume.eu\/wp-content\/uploads\/2019\/03\/marqueurs-circulaires-Lightshape-pour-systeme-razorback.jpg\" class=\"elementor-animation-grow attachment-large size-large wp-image-4089\" alt=\"marqueurs circulaires Lightshape pour syst\u00e8me razorback\" srcset=\"https:\/\/www.cyalume.eu\/wp-content\/uploads\/2019\/03\/marqueurs-circulaires-Lightshape-pour-systeme-razorback.jpg 700w, https:\/\/www.cyalume.eu\/wp-content\/uploads\/2019\/03\/marqueurs-circulaires-Lightshape-pour-systeme-razorback-300x214.jpg 300w, https:\/\/www.cyalume.eu\/wp-content\/uploads\/2019\/03\/marqueurs-circulaires-Lightshape-pour-systeme-razorback-204x146.jpg 204w, https:\/\/www.cyalume.eu\/wp-content\/uploads\/2019\/03\/marqueurs-circulaires-Lightshape-pour-systeme-razorback-50x36.jpg 50w, https:\/\/www.cyalume.eu\/wp-content\/uploads\/2019\/03\/marqueurs-circulaires-Lightshape-pour-systeme-razorback-105x75.jpg 105w\" sizes=\"(max-width: 700px) 100vw, 700px\" \/>\t\t\t\t\t\t\t\t<\/a>\n\t\t\t\t\t\t\t\t\t\t\t\t\t\t\t<\/div>\n\t\t\t\t<\/div>\n\t\t\t\t<div class=\"elementor-element elementor-element-798e12f8 elementor-widget elementor-widget-heading\" data-id=\"798e12f8\" data-element_type=\"widget\" data-e-type=\"widget\" data-widget_type=\"heading.default\">\n\t\t\t\t<div class=\"elementor-widget-container\">\n\t\t\t\t\t<p class=\"elementor-heading-title elementor-size-default\"><a href=\"https:\/\/www.cyalume.eu\/baton-lumineux-cyalume-chemlight-snaplight\/systeme-de-marquage-itineraires-demines-razorback\/marqueurs-lightshape-pour-razorback\/\">Marqueurs circulaires LightShape pour Razorback<\/a><\/p>\t\t\t\t<\/div>\n\t\t\t\t<\/div>\n\t\t\t\t\t<\/div>\n\t\t<\/div>\n\t\t\t\t<div data-ra-url=\"https:\/\/www.cyalume.shop\/fr\/12-batons-lumineux\" data-ra-target=\"_self\" class=\"ra-clickable-wrapper elementor-column elementor-col-25 elementor-inner-column elementor-element elementor-element-30b7356d home_produits\" style=\"cursor:pointer;\" data-id=\"30b7356d\" data-element_type=\"column\" data-e-type=\"column\" data-settings=\"{&quot;background_background&quot;:&quot;classic&quot;}\">\n\t\t\t<div class=\"elementor-widget-wrap elementor-element-populated\">\n\t\t\t\t\t\t<div class=\"elementor-element elementor-element-462166a1 elementor-widget elementor-widget-image\" data-id=\"462166a1\" data-element_type=\"widget\" data-e-type=\"widget\" data-widget_type=\"image.default\">\n\t\t\t\t<div class=\"elementor-widget-container\">\n\t\t\t\t\t\t\t\t\t\t\t\t\t\t\t\t<a href=\"https:\/\/www.cyalume.eu\/baton-lumineux-cyalume-chemlight-snaplight\/systeme-de-marquage-itineraires-demines-razorback\/commande-manuelle-du-razorback\/\">\n\t\t\t\t\t\t\t<img decoding=\"async\" width=\"700\" height=\"500\" src=\"https:\/\/www.cyalume.eu\/wp-content\/uploads\/2019\/03\/commande-manuelle-razorback-systeme-de-marquage-d-itineraires-de-routes-deminees.jpg\" class=\"elementor-animation-grow attachment-large size-large wp-image-4091\" alt=\"commande manuelle razorback syst\u00e8me de marquage d&#039;itin\u00e9raires de routes demin\u00e9es\" srcset=\"https:\/\/www.cyalume.eu\/wp-content\/uploads\/2019\/03\/commande-manuelle-razorback-systeme-de-marquage-d-itineraires-de-routes-deminees.jpg 700w, https:\/\/www.cyalume.eu\/wp-content\/uploads\/2019\/03\/commande-manuelle-razorback-systeme-de-marquage-d-itineraires-de-routes-deminees-300x214.jpg 300w, https:\/\/www.cyalume.eu\/wp-content\/uploads\/2019\/03\/commande-manuelle-razorback-systeme-de-marquage-d-itineraires-de-routes-deminees-204x146.jpg 204w, https:\/\/www.cyalume.eu\/wp-content\/uploads\/2019\/03\/commande-manuelle-razorback-systeme-de-marquage-d-itineraires-de-routes-deminees-50x36.jpg 50w, https:\/\/www.cyalume.eu\/wp-content\/uploads\/2019\/03\/commande-manuelle-razorback-systeme-de-marquage-d-itineraires-de-routes-deminees-105x75.jpg 105w\" sizes=\"(max-width: 700px) 100vw, 700px\" \/>\t\t\t\t\t\t\t\t<\/a>\n\t\t\t\t\t\t\t\t\t\t\t\t\t\t\t<\/div>\n\t\t\t\t<\/div>\n\t\t\t\t<div class=\"elementor-element elementor-element-139dbaa elementor-widget elementor-widget-heading\" data-id=\"139dbaa\" data-element_type=\"widget\" data-e-type=\"widget\" data-widget_type=\"heading.default\">\n\t\t\t\t<div class=\"elementor-widget-container\">\n\t\t\t\t\t<p class=\"elementor-heading-title elementor-size-default\"><a href=\"https:\/\/www.cyalume.eu\/baton-lumineux-cyalume-chemlight-snaplight\/systeme-de-marquage-itineraires-demines-razorback\/commande-manuelle-du-razorback\/\">Commande manuelle du razorback<\/a><\/p>\t\t\t\t<\/div>\n\t\t\t\t<\/div>\n\t\t\t\t\t<\/div>\n\t\t<\/div>\n\t\t\t\t<div data-ra-url=\"https:\/\/www.cyalume.shop\/fr\/12-batons-lumineux\" data-ra-target=\"_self\" class=\"ra-clickable-wrapper elementor-column elementor-col-25 elementor-inner-column elementor-element elementor-element-175e6b11 home_produits\" style=\"cursor:pointer;\" data-id=\"175e6b11\" data-element_type=\"column\" data-e-type=\"column\" data-settings=\"{&quot;background_background&quot;:&quot;classic&quot;}\">\n\t\t\t<div class=\"elementor-widget-wrap elementor-element-populated\">\n\t\t\t\t\t\t<div class=\"elementor-element elementor-element-550f6d5b elementor-widget elementor-widget-image\" data-id=\"550f6d5b\" data-element_type=\"widget\" data-e-type=\"widget\" data-widget_type=\"image.default\">\n\t\t\t\t<div class=\"elementor-widget-container\">\n\t\t\t\t\t\t\t\t\t\t\t\t\t\t\t\t<a href=\"https:\/\/www.cyalume.eu\/baton-lumineux-cyalume-chemlight-snaplight\/systeme-de-marquage-itineraires-demines-razorback\/goulotte-ejection-pour-marqueurs-lumineux-lightshape\/\">\n\t\t\t\t\t\t\t<img loading=\"lazy\" decoding=\"async\" width=\"700\" height=\"500\" src=\"https:\/\/www.cyalume.eu\/wp-content\/uploads\/2019\/03\/Goulotte-d-ejection-de-marqueurs-lumineux-pour-marquage-d-itineraires-demines.jpg\" class=\"elementor-animation-grow attachment-large size-large wp-image-4092\" alt=\"Goulotte d&#039;\u00e9jection de marqueurs lumineux pour marquage d&#039;itin\u00e9raires d\u00e9min\u00e9s\" srcset=\"https:\/\/www.cyalume.eu\/wp-content\/uploads\/2019\/03\/Goulotte-d-ejection-de-marqueurs-lumineux-pour-marquage-d-itineraires-demines.jpg 700w, https:\/\/www.cyalume.eu\/wp-content\/uploads\/2019\/03\/Goulotte-d-ejection-de-marqueurs-lumineux-pour-marquage-d-itineraires-demines-300x214.jpg 300w, https:\/\/www.cyalume.eu\/wp-content\/uploads\/2019\/03\/Goulotte-d-ejection-de-marqueurs-lumineux-pour-marquage-d-itineraires-demines-204x146.jpg 204w, https:\/\/www.cyalume.eu\/wp-content\/uploads\/2019\/03\/Goulotte-d-ejection-de-marqueurs-lumineux-pour-marquage-d-itineraires-demines-50x36.jpg 50w, https:\/\/www.cyalume.eu\/wp-content\/uploads\/2019\/03\/Goulotte-d-ejection-de-marqueurs-lumineux-pour-marquage-d-itineraires-demines-105x75.jpg 105w\" sizes=\"(max-width: 700px) 100vw, 700px\" \/>\t\t\t\t\t\t\t\t<\/a>\n\t\t\t\t\t\t\t\t\t\t\t\t\t\t\t<\/div>\n\t\t\t\t<\/div>\n\t\t\t\t<div class=\"elementor-element elementor-element-5d70bcf1 elementor-widget elementor-widget-heading\" data-id=\"5d70bcf1\" data-element_type=\"widget\" data-e-type=\"widget\" data-widget_type=\"heading.default\">\n\t\t\t\t<div class=\"elementor-widget-container\">\n\t\t\t\t\t<p class=\"elementor-heading-title elementor-size-default\"><a href=\"https:\/\/www.cyalume.eu\/baton-lumineux-cyalume-chemlight-snaplight\/systeme-de-marquage-itineraires-demines-razorback\/goulotte-ejection-pour-marqueurs-lumineux-lightshape\/\">Goulotte d\u2019\u00e9jection pour marqueur LightShape<\/a><\/p>\t\t\t\t<\/div>\n\t\t\t\t<\/div>\n\t\t\t\t\t<\/div>\n\t\t<\/div>\n\t\t\t\t\t<\/div>\n\t\t<\/section>\n\t\t\t\t\t<\/div>\n\t\t<\/div>\n\t\t\t\t\t<\/div>\n\t\t<\/section>\n\t\t\t\t<\/div>\n\t\t","protected":false},"excerpt":{"rendered":"<p>Previous image Next image Magasins de stockage, d\u2019activation et de distribution des marqueurs circulaires lumineux LightShape Le syst\u00e8me de marquage d\u2019itin\u00e9raires d\u00e9min\u00e9s Razorback est construit en acier robuste et en aluminium extrud\u00e9. C\u2019est un syst\u00e8me l\u00e9ger qui est dot\u00e9 d\u2019une puissance \u00e9lectrique de 24 Volts (Sp\u00e9cifications OTAN) et qui peut \u00eatre adapt\u00e9 \u00e0 tout type [&hellip;]<\/p>\n","protected":false},"author":2,"featured_media":4094,"parent":4077,"menu_order":2,"comment_status":"closed","ping_status":"closed","template":"","meta":{"footnotes":""},"class_list":["post-4848","page","type-page","status-publish","has-post-thumbnail","hentry"],"aioseo_notices":[],"_links":{"self":[{"href":"https:\/\/www.cyalume.eu\/it\/wp-json\/wp\/v2\/pages\/4848","targetHints":{"allow":["GET"]}}],"collection":[{"href":"https:\/\/www.cyalume.eu\/it\/wp-json\/wp\/v2\/pages"}],"about":[{"href":"https:\/\/www.cyalume.eu\/it\/wp-json\/wp\/v2\/types\/page"}],"author":[{"embeddable":true,"href":"https:\/\/www.cyalume.eu\/it\/wp-json\/wp\/v2\/users\/2"}],"replies":[{"embeddable":true,"href":"https:\/\/www.cyalume.eu\/it\/wp-json\/wp\/v2\/comments?post=4848"}],"version-history":[{"count":6,"href":"https:\/\/www.cyalume.eu\/it\/wp-json\/wp\/v2\/pages\/4848\/revisions"}],"predecessor-version":[{"id":30302,"href":"https:\/\/www.cyalume.eu\/it\/wp-json\/wp\/v2\/pages\/4848\/revisions\/30302"}],"up":[{"embeddable":true,"href":"https:\/\/www.cyalume.eu\/it\/wp-json\/wp\/v2\/pages\/4077"}],"wp:featuredmedia":[{"embeddable":true,"href":"https:\/\/www.cyalume.eu\/it\/wp-json\/wp\/v2\/media\/4094"}],"wp:attachment":[{"href":"https:\/\/www.cyalume.eu\/it\/wp-json\/wp\/v2\/media?parent=4848"}],"curies":[{"name":"wp","href":"https:\/\/api.w.org\/{rel}","templated":true}]}}