{"id":4643,"date":"2019-04-24T18:46:49","date_gmt":"2019-04-24T16:46:49","guid":{"rendered":"https:\/\/www.cyalume.eu\/?page_id=4643"},"modified":"2025-11-04T16:43:35","modified_gmt":"2025-11-04T15:43:35","slug":"modello-di-sicurezza-a-base-magnetica","status":"publish","type":"page","link":"https:\/\/www.cyalume.eu\/it\/bastoncino-luminoso-chemlight-snaplight-cyalume\/accessori-bastoncini-luminosi-cyalume\/modello-di-sicurezza-a-base-magnetica\/","title":{"rendered":"Base magnetica - Modello di sicurezza"},"content":{"rendered":"\t\t<div data-elementor-type=\"wp-page\" data-elementor-id=\"4643\" class=\"elementor elementor-4643\" data-elementor-post-type=\"page\">\n\t\t\t\t\t\t<section class=\"elementor-section elementor-top-section elementor-element elementor-element-1f57d78b elementor-section-boxed elementor-section-height-default elementor-section-height-default\" data-id=\"1f57d78b\" data-element_type=\"section\" data-e-type=\"section\" data-settings=\"{&quot;background_background&quot;:&quot;classic&quot;}\">\n\t\t\t\t\t\t<div class=\"elementor-container elementor-column-gap-default\">\n\t\t\t\t\t<div class=\"elementor-column elementor-col-100 elementor-top-column elementor-element elementor-element-224864ef\" data-id=\"224864ef\" data-element_type=\"column\" data-e-type=\"column\">\n\t\t\t<div class=\"elementor-widget-wrap elementor-element-populated\">\n\t\t\t\t\t\t<div class=\"elementor-element elementor-element-2a0e9e0c elementor-widget elementor-widget-heading\" data-id=\"2a0e9e0c\" data-element_type=\"widget\" data-e-type=\"widget\" data-widget_type=\"heading.default\">\n\t\t\t\t<div class=\"elementor-widget-container\">\n\t\t\t\t\t<h1 class=\"elementor-heading-title elementor-size-default\">Base Magn\u00e9tique \u2013 Mod\u00e8le S\u00e9curit\u00e9<\/h1>\t\t\t\t<\/div>\n\t\t\t\t<\/div>\n\t\t\t\t<div class=\"elementor-element elementor-element-64614447 elementor-widget elementor-widget-shortcode\" data-id=\"64614447\" data-element_type=\"widget\" data-e-type=\"widget\" data-widget_type=\"shortcode.default\">\n\t\t\t\t<div class=\"elementor-widget-container\">\n\t\t\t\t\t\t\t<div class=\"elementor-shortcode\"><nav aria-label=\"breadcrumbs\">\n            <div class=\"breadcrumb-container theme1\">\n                <ol>\n                                    <\/ol>\n            <\/div>\n        <\/nav>    <script type=\"application\/ld+json\">\n        {\n            \"@context\": \"http:\/\/schema.org\",\n            \"@type\": \"BreadcrumbList\",\n            \"itemListElement\": [\n                            ]\n        }\n    <\/script>\n   \n    <script>\n            <\/script>\n<\/div>\n\t\t\t\t\t\t<\/div>\n\t\t\t\t<\/div>\n\t\t\t\t\t<\/div>\n\t\t<\/div>\n\t\t\t\t\t<\/div>\n\t\t<\/section>\n\t\t\t\t<section class=\"elementor-section elementor-top-section elementor-element elementor-element-2099b697 elementor-section-boxed elementor-section-height-default elementor-section-height-default\" data-id=\"2099b697\" data-element_type=\"section\" data-e-type=\"section\">\n\t\t\t\t\t\t<div class=\"elementor-container elementor-column-gap-default\">\n\t\t\t\t\t<div class=\"elementor-column elementor-col-50 elementor-top-column elementor-element elementor-element-1b23bf33\" data-id=\"1b23bf33\" data-element_type=\"column\" data-e-type=\"column\">\n\t\t\t<div class=\"elementor-widget-wrap elementor-element-populated\">\n\t\t\t\t\t\t<div class=\"elementor-element elementor-element-fa3f469 elementor-arrows-position-inside elementor-pagination-position-outside elementor-widget elementor-widget-image-carousel\" data-id=\"fa3f469\" data-element_type=\"widget\" data-e-type=\"widget\" data-settings=\"{&quot;slides_to_show&quot;:&quot;1&quot;,&quot;navigation&quot;:&quot;both&quot;,&quot;autoplay&quot;:&quot;yes&quot;,&quot;pause_on_hover&quot;:&quot;yes&quot;,&quot;pause_on_interaction&quot;:&quot;yes&quot;,&quot;autoplay_speed&quot;:5000,&quot;infinite&quot;:&quot;yes&quot;,&quot;effect&quot;:&quot;slide&quot;,&quot;speed&quot;:500}\" data-widget_type=\"image-carousel.default\">\n\t\t\t\t<div class=\"elementor-widget-container\">\n\t\t\t\t\t\t\t<div class=\"elementor-image-carousel-wrapper swiper\" role=\"region\" aria-roledescription=\"carousel\" aria-label=\"Carrousel d\u2019images\" dir=\"ltr\">\n\t\t\t<div class=\"elementor-image-carousel swiper-wrapper\" aria-live=\"off\">\n\t\t\t\t\t\t\t\t<div class=\"swiper-slide\" role=\"group\" aria-roledescription=\"slide\" aria-label=\"1 di 3\"><figure class=\"swiper-slide-inner\"><img decoding=\"async\" class=\"swiper-slide-image\" src=\"https:\/\/www.cyalume.eu\/wp-content\/uploads\/2019\/03\/base-magnetique-cyalume-modele-securite.jpg\" alt=\"base magnetique cyalume modele securite\" \/><\/figure><\/div><div class=\"swiper-slide\" role=\"group\" aria-roledescription=\"slide\" aria-label=\"2 di 3\"><figure class=\"swiper-slide-inner\"><img decoding=\"async\" class=\"swiper-slide-image\" src=\"https:\/\/www.cyalume.eu\/wp-content\/uploads\/2019\/04\/base-magnetique-securite-pour-fixer-baton-lumineux.jpg\" alt=\"base magnetique securite pour fixer baton lumineux\" \/><\/figure><\/div><div class=\"swiper-slide\" role=\"group\" aria-roledescription=\"slide\" aria-label=\"3 di 3\"><figure class=\"swiper-slide-inner\"><img decoding=\"async\" class=\"swiper-slide-image\" src=\"https:\/\/www.cyalume.eu\/wp-content\/uploads\/2019\/04\/base-magnetique-avec-baton-lumineux-changement-de-roue-de-vehicule.jpg\" alt=\"base magnetique avec baton lumineux changement de roue de vehicule\" \/><\/figure><\/div>\t\t\t<\/div>\n\t\t\t\t\t\t\t\t\t\t\t\t<div class=\"elementor-swiper-button elementor-swiper-button-prev\" role=\"button\" tabindex=\"0\">\n\t\t\t\t\t\t<i aria-hidden=\"true\" class=\"eicon-chevron-left\"><\/i>\t\t\t\t\t<\/div>\n\t\t\t\t\t<div class=\"elementor-swiper-button elementor-swiper-button-next\" role=\"button\" tabindex=\"0\">\n\t\t\t\t\t\t<i aria-hidden=\"true\" class=\"eicon-chevron-right\"><\/i>\t\t\t\t\t<\/div>\n\t\t\t\t\n\t\t\t\t\t\t\t\t\t<div class=\"swiper-pagination\"><\/div>\n\t\t\t\t\t\t\t\t\t<\/div>\n\t\t\t\t\t\t<\/div>\n\t\t\t\t<\/div>\n\t\t\t\t\t<\/div>\n\t\t<\/div>\n\t\t\t\t<div class=\"elementor-column elementor-col-50 elementor-top-column elementor-element elementor-element-68160159\" data-id=\"68160159\" data-element_type=\"column\" data-e-type=\"column\">\n\t\t\t<div class=\"elementor-widget-wrap elementor-element-populated\">\n\t\t\t\t\t\t<div class=\"elementor-element elementor-element-28ba155 elementor-widget elementor-widget-text-editor\" data-id=\"28ba155\" data-element_type=\"widget\" data-e-type=\"widget\" data-widget_type=\"text-editor.default\">\n\t\t\t\t<div class=\"elementor-widget-container\">\n\t\t\t\t\t\t\t\t\t<h2>Base magn\u00e9tique (utilisation s\u00e9curit\u00e9) pour b\u00e2tons lumineux<\/h2><p><strong>La base magn\u00e9tique (version s\u00e9curit\u00e9)<\/strong> est utilis\u00e9e avec les <strong>b\u00e2tons lumineux Cyalume<\/strong> et permet le maintien de tout b\u00e2ton lumineux Cyalume en position fixe sur tout support m\u00e9tallique.<\/p><p>La base magn\u00e9tique s\u2019adapte \u00e0 tout b\u00e2ton lumineux Cyalume except\u00e9 le 15\u2019\u2019 Impact (40cm) qui a deux anneaux \u00e0 chaque extr\u00e9mit\u00e9.<br \/>La base magn\u00e9tique se fixe sur toute surface magn\u00e9tique ou m\u00e9tallique et maintient le b\u00e2ton lumineux en position fixe. Elle permet une libert\u00e9 de mouvement et favorise une visibilit\u00e9 optimale.<\/p><p><strong>La base magn\u00e9tique<\/strong> est utilis\u00e9e par exemple avec des b\u00e2tons Cyalume pour avoir un <strong>\u00e9clairage en cas de panne de v\u00e9hicule<\/strong>. On fait adh\u00e9rer la base magn\u00e9tique sur la carrosserie du v\u00e9hicule et on y ins\u00e8re un Cyalume. Ainsi l\u2019\u00e9clairage est optimal et permet de pouvoir par exemple changer une roue de voiture dans l\u2019obscurit\u00e9. <strong>Cet \u00e9clairage de secours<\/strong> s\u2019av\u00e8re bien pratique. Il est ainsi recommand\u00e9 de glisser dans vos <strong>kits auto<\/strong> ou <strong>kits de secours<\/strong> des b\u00e2tons Cyalume ainsi qu\u2019une base magn\u00e9tique, gages de s\u00e9curit\u00e9 et s\u00e9r\u00e9nit\u00e9.<\/p>\t\t\t\t\t\t\t\t<\/div>\n\t\t\t\t<\/div>\n\t\t\t\t<div class=\"elementor-element elementor-element-24aef9f4 elementor-align-center elementor-widget elementor-widget-button\" data-id=\"24aef9f4\" data-element_type=\"widget\" data-e-type=\"widget\" data-widget_type=\"button.default\">\n\t\t\t\t<div class=\"elementor-widget-container\">\n\t\t\t\t\t\t\t\t\t<div class=\"elementor-button-wrapper\">\n\t\t\t\t\t<a class=\"elementor-button elementor-button-link elementor-size-sm\" href=\"https:\/\/www.cyalume.shop\/fr\/accessoires\/31-566-base-magnetique-securite-pour-batons-lumineux-cyalume.html\" target=\"_blank\">\n\t\t\t\t\t\t<span class=\"elementor-button-content-wrapper\">\n\t\t\t\t\t\t<span class=\"elementor-button-icon\">\n\t\t\t\t<i aria-hidden=\"true\" class=\"fas fa-shopping-cart\"><\/i>\t\t\t<\/span>\n\t\t\t\t\t\t\t\t\t<span class=\"elementor-button-text\">ACHETER<\/span>\n\t\t\t\t\t<\/span>\n\t\t\t\t\t<\/a>\n\t\t\t\t<\/div>\n\t\t\t\t\t\t\t\t<\/div>\n\t\t\t\t<\/div>\n\t\t\t\t\t<\/div>\n\t\t<\/div>\n\t\t\t\t\t<\/div>\n\t\t<\/section>\n\t\t\t\t<section class=\"elementor-section elementor-top-section elementor-element elementor-element-5c11eb4e elementor-section-full_width elementor-section-height-default elementor-section-height-default\" data-id=\"5c11eb4e\" data-element_type=\"section\" data-e-type=\"section\" data-settings=\"{&quot;background_background&quot;:&quot;classic&quot;}\">\n\t\t\t\t\t\t<div class=\"elementor-container elementor-column-gap-default\">\n\t\t\t\t\t<div class=\"elementor-column elementor-col-33 elementor-top-column elementor-element elementor-element-3e20ed96\" data-id=\"3e20ed96\" data-element_type=\"column\" data-e-type=\"column\">\n\t\t\t<div class=\"elementor-widget-wrap elementor-element-populated\">\n\t\t\t\t\t\t<div class=\"elementor-element elementor-element-63ce288e elementor-view-default elementor-position-block-start elementor-mobile-position-block-start elementor-widget elementor-widget-icon-box\" data-id=\"63ce288e\" data-element_type=\"widget\" data-e-type=\"widget\" data-widget_type=\"icon-box.default\">\n\t\t\t\t<div class=\"elementor-widget-container\">\n\t\t\t\t\t\t\t<div class=\"elementor-icon-box-wrapper\">\n\n\t\t\t\t\t\t<div class=\"elementor-icon-box-icon\">\n\t\t\t\t<span  class=\"elementor-icon elementor-animation-float\">\n\t\t\t\t<i aria-hidden=\"true\" class=\"fas fa-box\"><\/i>\t\t\t\t<\/span>\n\t\t\t<\/div>\n\t\t\t\n\t\t\t\t\t\t<div class=\"elementor-icon-box-content\">\n\n\t\t\t\t\t\t\t\t\t<h4 class=\"elementor-icon-box-title\">\n\t\t\t\t\t\t<span  >\n\t\t\t\t\t\t\tConditionnement\t\t\t\t\t\t<\/span>\n\t\t\t\t\t<\/h4>\n\t\t\t\t\n\t\t\t\t\t\t\t\t\t<p class=\"elementor-icon-box-description\">\n\t\t\t\t\t\t\u00e0 l\u2019unit\u00e9 <br \/>\nsac de 12pcs\n\t\t\t\t\t<\/p>\n\t\t\t\t\n\t\t\t<\/div>\n\t\t\t\n\t\t<\/div>\n\t\t\t\t\t\t<\/div>\n\t\t\t\t<\/div>\n\t\t\t\t\t<\/div>\n\t\t<\/div>\n\t\t\t\t<div class=\"elementor-column elementor-col-33 elementor-top-column elementor-element elementor-element-560c08b1\" data-id=\"560c08b1\" data-element_type=\"column\" data-e-type=\"column\">\n\t\t\t<div class=\"elementor-widget-wrap elementor-element-populated\">\n\t\t\t\t\t\t<div class=\"elementor-element elementor-element-629cea88 elementor-view-default elementor-position-block-start elementor-mobile-position-block-start elementor-widget elementor-widget-icon-box\" data-id=\"629cea88\" data-element_type=\"widget\" data-e-type=\"widget\" data-widget_type=\"icon-box.default\">\n\t\t\t\t<div class=\"elementor-widget-container\">\n\t\t\t\t\t\t\t<div class=\"elementor-icon-box-wrapper\">\n\n\t\t\t\t\t\t<div class=\"elementor-icon-box-icon\">\n\t\t\t\t<span  class=\"elementor-icon elementor-animation-float\">\n\t\t\t\t<i aria-hidden=\"true\" class=\"far fa-clock\"><\/i>\t\t\t\t<\/span>\n\t\t\t<\/div>\n\t\t\t\n\t\t\t\t\t\t<div class=\"elementor-icon-box-content\">\n\n\t\t\t\t\t\t\t\t\t<h4 class=\"elementor-icon-box-title\">\n\t\t\t\t\t\t<span  >\n\t\t\t\t\t\t\tCouleur\t\t\t\t\t\t<\/span>\n\t\t\t\t\t<\/h4>\n\t\t\t\t\n\t\t\t\t\t\t\t\t\t<p class=\"elementor-icon-box-description\">\n\t\t\t\t\t\tVert\t\t\t\t\t<\/p>\n\t\t\t\t\n\t\t\t<\/div>\n\t\t\t\n\t\t<\/div>\n\t\t\t\t\t\t<\/div>\n\t\t\t\t<\/div>\n\t\t\t\t\t<\/div>\n\t\t<\/div>\n\t\t\t\t<div class=\"elementor-column elementor-col-33 elementor-top-column elementor-element elementor-element-15dc55d6\" data-id=\"15dc55d6\" data-element_type=\"column\" data-e-type=\"column\">\n\t\t\t<div class=\"elementor-widget-wrap elementor-element-populated\">\n\t\t\t\t\t\t<div class=\"elementor-element elementor-element-44e66abe elementor-view-default elementor-position-block-start elementor-mobile-position-block-start elementor-widget elementor-widget-icon-box\" data-id=\"44e66abe\" data-element_type=\"widget\" data-e-type=\"widget\" data-widget_type=\"icon-box.default\">\n\t\t\t\t<div class=\"elementor-widget-container\">\n\t\t\t\t\t\t\t<div class=\"elementor-icon-box-wrapper\">\n\n\t\t\t\t\t\t<div class=\"elementor-icon-box-icon\">\n\t\t\t\t<span  class=\"elementor-icon elementor-animation-float\">\n\t\t\t\t<i aria-hidden=\"true\" class=\"fas fa-arrows-alt-h\"><\/i>\t\t\t\t<\/span>\n\t\t\t<\/div>\n\t\t\t\n\t\t\t\t\t\t<div class=\"elementor-icon-box-content\">\n\n\t\t\t\t\t\t\t\t\t<h4 class=\"elementor-icon-box-title\">\n\t\t\t\t\t\t<span  >\n\t\t\t\t\t\t\tDimensions et Poids (individuel non emball\u00e9)\t\t\t\t\t\t<\/span>\n\t\t\t\t\t<\/h4>\n\t\t\t\t\n\t\t\t\t\t\t\t\t\t<p class=\"elementor-icon-box-description\">\n\t\t\t\t\t\tHauteur: 37 mm <br \/>\nDiam\u00e8tre: 57 mm <br \/>\nPoids: 85 g \n\t\t\t\t\t<\/p>\n\t\t\t\t\n\t\t\t<\/div>\n\t\t\t\n\t\t<\/div>\n\t\t\t\t\t\t<\/div>\n\t\t\t\t<\/div>\n\t\t\t\t\t<\/div>\n\t\t<\/div>\n\t\t\t\t\t<\/div>\n\t\t<\/section>\n\t\t\t\t<section class=\"elementor-section elementor-top-section elementor-element elementor-element-1233cee0 elementor-section-boxed elementor-section-height-default elementor-section-height-default\" data-id=\"1233cee0\" data-element_type=\"section\" data-e-type=\"section\" data-settings=\"{&quot;background_background&quot;:&quot;classic&quot;}\">\n\t\t\t\t\t\t<div class=\"elementor-container elementor-column-gap-default\">\n\t\t\t\t\t<div class=\"elementor-column elementor-col-100 elementor-top-column elementor-element elementor-element-7645f5ca\" data-id=\"7645f5ca\" data-element_type=\"column\" data-e-type=\"column\">\n\t\t\t<div class=\"elementor-widget-wrap elementor-element-populated\">\n\t\t\t\t\t\t<div class=\"elementor-element elementor-element-4b2d554 elementor-widget elementor-widget-heading\" data-id=\"4b2d554\" data-element_type=\"widget\" data-e-type=\"widget\" data-widget_type=\"heading.default\">\n\t\t\t\t<div class=\"elementor-widget-container\">\n\t\t\t\t\t<h3 class=\"elementor-heading-title elementor-size-default\">Les produits Cyalume associ\u00e9s<\/h3>\t\t\t\t<\/div>\n\t\t\t\t<\/div>\n\t\t\t\t<section class=\"elementor-section elementor-inner-section elementor-element elementor-element-218a13a4 elementor-section-boxed elementor-section-height-default elementor-section-height-default\" data-id=\"218a13a4\" data-element_type=\"section\" data-e-type=\"section\">\n\t\t\t\t\t\t<div class=\"elementor-container elementor-column-gap-default\">\n\t\t\t\t\t<div data-ra-url=\"https:\/\/www.cyalume.shop\/fr\/12-batons-lumineux\" data-ra-target=\"_self\" class=\"ra-clickable-wrapper elementor-column elementor-col-25 elementor-inner-column elementor-element elementor-element-2801c540 home_produits\" style=\"cursor:pointer;\" data-id=\"2801c540\" data-element_type=\"column\" data-e-type=\"column\" data-settings=\"{&quot;background_background&quot;:&quot;classic&quot;}\">\n\t\t\t<div class=\"elementor-widget-wrap elementor-element-populated\">\n\t\t\t\t\t\t<div class=\"elementor-element elementor-element-22ddc2f8 elementor-widget elementor-widget-image\" data-id=\"22ddc2f8\" data-element_type=\"widget\" data-e-type=\"widget\" data-widget_type=\"image.default\">\n\t\t\t\t<div class=\"elementor-widget-container\">\n\t\t\t\t\t\t\t\t\t\t\t\t\t\t\t\t<a href=\"https:\/\/www.cyalume.eu\/baton-lumineux-cyalume-chemlight-snaplight\/batons-et-marqueurs-lumineux\/baton-lumineux-6-inch-snaplight-15cm\/\">\n\t\t\t\t\t\t\t<img fetchpriority=\"high\" decoding=\"async\" width=\"700\" height=\"500\" src=\"https:\/\/www.cyalume.eu\/wp-content\/uploads\/2019\/03\/baton-lumineux-SnapLight-15cm-6inch-lumiere-de-secours.jpg\" class=\"elementor-animation-grow attachment-large size-large wp-image-3869\" alt=\"baton lumineux SnapLight 15cm 6inch lumiere de secours\" srcset=\"https:\/\/www.cyalume.eu\/wp-content\/uploads\/2019\/03\/baton-lumineux-SnapLight-15cm-6inch-lumiere-de-secours.jpg 700w, https:\/\/www.cyalume.eu\/wp-content\/uploads\/2019\/03\/baton-lumineux-SnapLight-15cm-6inch-lumiere-de-secours-300x214.jpg 300w, https:\/\/www.cyalume.eu\/wp-content\/uploads\/2019\/03\/baton-lumineux-SnapLight-15cm-6inch-lumiere-de-secours-204x146.jpg 204w, https:\/\/www.cyalume.eu\/wp-content\/uploads\/2019\/03\/baton-lumineux-SnapLight-15cm-6inch-lumiere-de-secours-50x36.jpg 50w, https:\/\/www.cyalume.eu\/wp-content\/uploads\/2019\/03\/baton-lumineux-SnapLight-15cm-6inch-lumiere-de-secours-105x75.jpg 105w\" sizes=\"(max-width: 700px) 100vw, 700px\" \/>\t\t\t\t\t\t\t\t<\/a>\n\t\t\t\t\t\t\t\t\t\t\t\t\t\t\t<\/div>\n\t\t\t\t<\/div>\n\t\t\t\t<div class=\"elementor-element elementor-element-5838d514 elementor-widget elementor-widget-heading\" data-id=\"5838d514\" data-element_type=\"widget\" data-e-type=\"widget\" data-widget_type=\"heading.default\">\n\t\t\t\t<div class=\"elementor-widget-container\">\n\t\t\t\t\t<p class=\"elementor-heading-title elementor-size-default\"><a href=\"https:\/\/www.cyalume.eu\/baton-lumineux-cyalume-chemlight-snaplight\/batons-et-marqueurs-lumineux\/baton-lumineux-6-inch-snaplight-15cm\/\">SnapLight 15cm (6\u2033)\n<\/a><\/p>\t\t\t\t<\/div>\n\t\t\t\t<\/div>\n\t\t\t\t\t<\/div>\n\t\t<\/div>\n\t\t\t\t<div data-ra-url=\"https:\/\/www.cyalume.shop\/fr\/12-batons-lumineux\" data-ra-target=\"_self\" class=\"ra-clickable-wrapper elementor-column elementor-col-25 elementor-inner-column elementor-element elementor-element-3f86de62 home_produits\" style=\"cursor:pointer;\" data-id=\"3f86de62\" data-element_type=\"column\" data-e-type=\"column\" data-settings=\"{&quot;background_background&quot;:&quot;classic&quot;}\">\n\t\t\t<div class=\"elementor-widget-wrap elementor-element-populated\">\n\t\t\t\t\t\t<div class=\"elementor-element elementor-element-40e8e56 elementor-widget elementor-widget-image\" data-id=\"40e8e56\" data-element_type=\"widget\" data-e-type=\"widget\" data-widget_type=\"image.default\">\n\t\t\t\t<div class=\"elementor-widget-container\">\n\t\t\t\t\t\t\t\t\t\t\t\t\t\t\t\t<a href=\"https:\/\/www.cyalume.eu\/baton-lumineux-cyalume-chemlight-snaplight\/batons-et-marqueurs-lumineux\/baton-lumineux-non-impact-40cm-15inch\/\">\n\t\t\t\t\t\t\t<img decoding=\"async\" width=\"700\" height=\"500\" src=\"https:\/\/www.cyalume.eu\/wp-content\/uploads\/2019\/03\/baton-lumineux-cyalume-non-impact-40cm.jpg\" class=\"elementor-animation-grow attachment-large size-large wp-image-3884\" alt=\"baton lumineux cyalume non-impact 40cm\" srcset=\"https:\/\/www.cyalume.eu\/wp-content\/uploads\/2019\/03\/baton-lumineux-cyalume-non-impact-40cm.jpg 700w, https:\/\/www.cyalume.eu\/wp-content\/uploads\/2019\/03\/baton-lumineux-cyalume-non-impact-40cm-300x214.jpg 300w, https:\/\/www.cyalume.eu\/wp-content\/uploads\/2019\/03\/baton-lumineux-cyalume-non-impact-40cm-204x146.jpg 204w, https:\/\/www.cyalume.eu\/wp-content\/uploads\/2019\/03\/baton-lumineux-cyalume-non-impact-40cm-50x36.jpg 50w, https:\/\/www.cyalume.eu\/wp-content\/uploads\/2019\/03\/baton-lumineux-cyalume-non-impact-40cm-105x75.jpg 105w\" sizes=\"(max-width: 700px) 100vw, 700px\" \/>\t\t\t\t\t\t\t\t<\/a>\n\t\t\t\t\t\t\t\t\t\t\t\t\t\t\t<\/div>\n\t\t\t\t<\/div>\n\t\t\t\t<div class=\"elementor-element elementor-element-61fbf597 elementor-widget elementor-widget-heading\" data-id=\"61fbf597\" data-element_type=\"widget\" data-e-type=\"widget\" data-widget_type=\"heading.default\">\n\t\t\t\t<div class=\"elementor-widget-container\">\n\t\t\t\t\t<p class=\"elementor-heading-title elementor-size-default\"><a href=\"https:\/\/www.cyalume.eu\/baton-lumineux-cyalume-chemlight-snaplight\/batons-et-marqueurs-lumineux\/baton-lumineux-non-impact-40cm-15inch\/\">Non-Impact 40cm (15\u2033)<\/a><\/p>\t\t\t\t<\/div>\n\t\t\t\t<\/div>\n\t\t\t\t\t<\/div>\n\t\t<\/div>\n\t\t\t\t<div data-ra-url=\"https:\/\/www.cyalume.shop\/fr\/12-batons-lumineux\" data-ra-target=\"_self\" class=\"ra-clickable-wrapper elementor-column elementor-col-25 elementor-inner-column elementor-element elementor-element-cdcb0e4 home_produits\" style=\"cursor:pointer;\" data-id=\"cdcb0e4\" data-element_type=\"column\" data-e-type=\"column\" data-settings=\"{&quot;background_background&quot;:&quot;classic&quot;}\">\n\t\t\t<div class=\"elementor-widget-wrap elementor-element-populated\">\n\t\t\t\t\t\t<div class=\"elementor-element elementor-element-355b98d elementor-widget elementor-widget-image\" data-id=\"355b98d\" data-element_type=\"widget\" data-e-type=\"widget\" data-widget_type=\"image.default\">\n\t\t\t\t<div class=\"elementor-widget-container\">\n\t\t\t\t\t\t\t\t\t\t\t\t\t\t\t\t<a href=\"https:\/\/www.cyalume.eu\/baton-lumineux-cyalume-chemlight-snaplight\/batons-et-marqueurs-lumineux\/baton-lumineux-12-inch-snaplight-30cm\/\">\n\t\t\t\t\t\t\t<img decoding=\"async\" width=\"700\" height=\"500\" src=\"https:\/\/www.cyalume.eu\/wp-content\/uploads\/2019\/03\/baton-lumineux-SnapLight-vert-30cm.jpg\" class=\"elementor-animation-grow attachment-large size-large wp-image-3870\" alt=\"baton lumineux SnapLight vert 30cm\" srcset=\"https:\/\/www.cyalume.eu\/wp-content\/uploads\/2019\/03\/baton-lumineux-SnapLight-vert-30cm.jpg 700w, https:\/\/www.cyalume.eu\/wp-content\/uploads\/2019\/03\/baton-lumineux-SnapLight-vert-30cm-300x214.jpg 300w, https:\/\/www.cyalume.eu\/wp-content\/uploads\/2019\/03\/baton-lumineux-SnapLight-vert-30cm-204x146.jpg 204w, https:\/\/www.cyalume.eu\/wp-content\/uploads\/2019\/03\/baton-lumineux-SnapLight-vert-30cm-50x36.jpg 50w, https:\/\/www.cyalume.eu\/wp-content\/uploads\/2019\/03\/baton-lumineux-SnapLight-vert-30cm-105x75.jpg 105w\" sizes=\"(max-width: 700px) 100vw, 700px\" \/>\t\t\t\t\t\t\t\t<\/a>\n\t\t\t\t\t\t\t\t\t\t\t\t\t\t\t<\/div>\n\t\t\t\t<\/div>\n\t\t\t\t<div class=\"elementor-element elementor-element-20837c9e elementor-widget elementor-widget-heading\" data-id=\"20837c9e\" data-element_type=\"widget\" data-e-type=\"widget\" data-widget_type=\"heading.default\">\n\t\t\t\t<div class=\"elementor-widget-container\">\n\t\t\t\t\t<p class=\"elementor-heading-title elementor-size-default\"><a href=\"https:\/\/www.cyalume.eu\/baton-lumineux-cyalume-chemlight-snaplight\/batons-et-marqueurs-lumineux\/baton-lumineux-12-inch-snaplight-30cm\/\">SnapLight 30 cm (12\u2033)<\/a><\/p>\t\t\t\t<\/div>\n\t\t\t\t<\/div>\n\t\t\t\t\t<\/div>\n\t\t<\/div>\n\t\t\t\t<div data-ra-url=\"https:\/\/www.cyalume.shop\/fr\/12-batons-lumineux\" data-ra-target=\"_self\" class=\"ra-clickable-wrapper elementor-column elementor-col-25 elementor-inner-column elementor-element elementor-element-6b5b8c3d home_produits\" style=\"cursor:pointer;\" data-id=\"6b5b8c3d\" data-element_type=\"column\" data-e-type=\"column\" data-settings=\"{&quot;background_background&quot;:&quot;classic&quot;}\">\n\t\t\t<div class=\"elementor-widget-wrap elementor-element-populated\">\n\t\t\t\t\t\t<div class=\"elementor-element elementor-element-7aa0844a elementor-widget elementor-widget-image\" data-id=\"7aa0844a\" data-element_type=\"widget\" data-e-type=\"widget\" data-widget_type=\"image.default\">\n\t\t\t\t<div class=\"elementor-widget-container\">\n\t\t\t\t\t\t\t\t\t\t\t\t\t\t\t\t<a href=\"https:\/\/www.cyalume.eu\/baton-lumineux-cyalume-chemlight-snaplight\/batons-et-marqueurs-lumineux\/baton-lumineux-10-inch-flare-alternative-25cm\/\">\n\t\t\t\t\t\t\t<img loading=\"lazy\" decoding=\"async\" width=\"700\" height=\"500\" src=\"https:\/\/www.cyalume.eu\/wp-content\/uploads\/2019\/03\/baton-lumineux-25cm-flare-alternative-cyalume.jpg\" class=\"elementor-animation-grow attachment-large size-large wp-image-3864\" alt=\"baton lumineux 25cm flare alternative cyalume\" srcset=\"https:\/\/www.cyalume.eu\/wp-content\/uploads\/2019\/03\/baton-lumineux-25cm-flare-alternative-cyalume.jpg 700w, https:\/\/www.cyalume.eu\/wp-content\/uploads\/2019\/03\/baton-lumineux-25cm-flare-alternative-cyalume-300x214.jpg 300w, https:\/\/www.cyalume.eu\/wp-content\/uploads\/2019\/03\/baton-lumineux-25cm-flare-alternative-cyalume-204x146.jpg 204w, https:\/\/www.cyalume.eu\/wp-content\/uploads\/2019\/03\/baton-lumineux-25cm-flare-alternative-cyalume-50x36.jpg 50w, https:\/\/www.cyalume.eu\/wp-content\/uploads\/2019\/03\/baton-lumineux-25cm-flare-alternative-cyalume-105x75.jpg 105w\" sizes=\"(max-width: 700px) 100vw, 700px\" \/>\t\t\t\t\t\t\t\t<\/a>\n\t\t\t\t\t\t\t\t\t\t\t\t\t\t\t<\/div>\n\t\t\t\t<\/div>\n\t\t\t\t<div class=\"elementor-element elementor-element-12b98acd elementor-widget elementor-widget-heading\" data-id=\"12b98acd\" data-element_type=\"widget\" data-e-type=\"widget\" data-widget_type=\"heading.default\">\n\t\t\t\t<div class=\"elementor-widget-container\">\n\t\t\t\t\t<p class=\"elementor-heading-title elementor-size-default\"><a href=\"https:\/\/www.cyalume.eu\/baton-lumineux-cyalume-chemlight-snaplight\/batons-et-marqueurs-lumineux\/baton-lumineux-10-inch-flare-alternative-25cm\/\">Flare Alternative 25 cm (10\u2033)<\/a><\/p>\t\t\t\t<\/div>\n\t\t\t\t<\/div>\n\t\t\t\t\t<\/div>\n\t\t<\/div>\n\t\t\t\t\t<\/div>\n\t\t<\/section>\n\t\t\t\t\t<\/div>\n\t\t<\/div>\n\t\t\t\t\t<\/div>\n\t\t<\/section>\n\t\t\t\t<\/div>\n\t\t","protected":false},"excerpt":{"rendered":"<p>Base magn\u00e9tique (utilisation s\u00e9curit\u00e9) pour b\u00e2tons lumineux La base magn\u00e9tique (version s\u00e9curit\u00e9) est utilis\u00e9e avec les b\u00e2tons lumineux Cyalume et permet le maintien de tout b\u00e2ton lumineux Cyalume en position fixe sur tout support m\u00e9tallique. La base magn\u00e9tique s\u2019adapte \u00e0 tout b\u00e2ton lumineux Cyalume except\u00e9 le 15\u2019\u2019 Impact (40cm) qui a deux anneaux \u00e0 chaque [&hellip;]<\/p>\n","protected":false},"author":2,"featured_media":4011,"parent":3989,"menu_order":0,"comment_status":"closed","ping_status":"closed","template":"","meta":{"footnotes":""},"class_list":["post-4643","page","type-page","status-publish","has-post-thumbnail","hentry"],"aioseo_notices":[],"_links":{"self":[{"href":"https:\/\/www.cyalume.eu\/it\/wp-json\/wp\/v2\/pages\/4643","targetHints":{"allow":["GET"]}}],"collection":[{"href":"https:\/\/www.cyalume.eu\/it\/wp-json\/wp\/v2\/pages"}],"about":[{"href":"https:\/\/www.cyalume.eu\/it\/wp-json\/wp\/v2\/types\/page"}],"author":[{"embeddable":true,"href":"https:\/\/www.cyalume.eu\/it\/wp-json\/wp\/v2\/users\/2"}],"replies":[{"embeddable":true,"href":"https:\/\/www.cyalume.eu\/it\/wp-json\/wp\/v2\/comments?post=4643"}],"version-history":[{"count":20,"href":"https:\/\/www.cyalume.eu\/it\/wp-json\/wp\/v2\/pages\/4643\/revisions"}],"predecessor-version":[{"id":35179,"href":"https:\/\/www.cyalume.eu\/it\/wp-json\/wp\/v2\/pages\/4643\/revisions\/35179"}],"up":[{"embeddable":true,"href":"https:\/\/www.cyalume.eu\/it\/wp-json\/wp\/v2\/pages\/3989"}],"wp:featuredmedia":[{"embeddable":true,"href":"https:\/\/www.cyalume.eu\/it\/wp-json\/wp\/v2\/media\/4011"}],"wp:attachment":[{"href":"https:\/\/www.cyalume.eu\/it\/wp-json\/wp\/v2\/media?parent=4643"}],"curies":[{"name":"wp","href":"https:\/\/api.w.org\/{rel}","templated":true}]}}