{"id":4225,"date":"2019-03-13T16:13:22","date_gmt":"2019-03-13T15:13:22","guid":{"rendered":"https:\/\/www.cyalume.eu\/?page_id=4225"},"modified":"2025-06-12T17:22:41","modified_gmt":"2025-06-12T15:22:41","slug":"biscotti","status":"publish","type":"page","link":"https:\/\/www.cyalume.eu\/it\/biscotti\/","title":{"rendered":"Informativa sulla privacy"},"content":{"rendered":"\t\t<div data-elementor-type=\"wp-page\" data-elementor-id=\"4225\" class=\"elementor elementor-4225\" data-elementor-post-type=\"page\">\n\t\t\t\t\t\t<section class=\"elementor-section elementor-top-section elementor-element elementor-element-33cda9e0 elementor-section-boxed elementor-section-height-default elementor-section-height-default\" data-id=\"33cda9e0\" data-element_type=\"section\" data-e-type=\"section\" data-settings=\"{&quot;background_background&quot;:&quot;classic&quot;}\">\n\t\t\t\t\t\t<div class=\"elementor-container elementor-column-gap-default\">\n\t\t\t\t\t<div class=\"elementor-column elementor-col-100 elementor-top-column elementor-element elementor-element-482a6b63\" data-id=\"482a6b63\" data-element_type=\"column\" data-e-type=\"column\">\n\t\t\t<div class=\"elementor-widget-wrap elementor-element-populated\">\n\t\t\t\t\t\t<div class=\"elementor-element elementor-element-66b89fb1 elementor-widget elementor-widget-heading\" data-id=\"66b89fb1\" data-element_type=\"widget\" data-e-type=\"widget\" data-widget_type=\"heading.default\">\n\t\t\t\t<div class=\"elementor-widget-container\">\n\t\t\t\t\t<h1 class=\"elementor-heading-title elementor-size-default\">Politique de confidentialit\u00e9<\/h1>\t\t\t\t<\/div>\n\t\t\t\t<\/div>\n\t\t\t\t<div class=\"elementor-element elementor-element-1101de48 elementor-widget elementor-widget-shortcode\" data-id=\"1101de48\" data-element_type=\"widget\" data-e-type=\"widget\" data-widget_type=\"shortcode.default\">\n\t\t\t\t<div class=\"elementor-widget-container\">\n\t\t\t\t\t\t\t<div class=\"elementor-shortcode\"><nav aria-label=\"breadcrumbs\">\n            <div class=\"breadcrumb-container theme1\">\n                <ol>\n                                    <\/ol>\n            <\/div>\n        <\/nav>    <script type=\"application\/ld+json\">\n        {\n            \"@context\": \"http:\/\/schema.org\",\n            \"@type\": \"BreadcrumbList\",\n            \"itemListElement\": [\n                            ]\n        }\n    <\/script>\n   \n    <script>\n            <\/script>\n<\/div>\n\t\t\t\t\t\t<\/div>\n\t\t\t\t<\/div>\n\t\t\t\t\t<\/div>\n\t\t<\/div>\n\t\t\t\t\t<\/div>\n\t\t<\/section>\n\t\t\t\t<section class=\"elementor-section elementor-top-section elementor-element elementor-element-7f566998 elementor-section-boxed elementor-section-height-default elementor-section-height-default\" data-id=\"7f566998\" data-element_type=\"section\" data-e-type=\"section\">\n\t\t\t\t\t\t<div class=\"elementor-container elementor-column-gap-default\">\n\t\t\t\t\t<div class=\"elementor-column elementor-col-100 elementor-top-column elementor-element elementor-element-164d1226\" data-id=\"164d1226\" data-element_type=\"column\" data-e-type=\"column\">\n\t\t\t<div class=\"elementor-widget-wrap elementor-element-populated\">\n\t\t\t\t\t\t<div class=\"elementor-element elementor-element-6d21a415 elementor-widget elementor-widget-text-editor\" data-id=\"6d21a415\" data-element_type=\"widget\" data-e-type=\"widget\" data-widget_type=\"text-editor.default\">\n\t\t\t\t<div class=\"elementor-widget-container\">\n\t\t\t\t\t\t\t\t\t<p><strong>Politique de gestion des cookies<\/strong><\/p><p>Lors de la consultation de notre site <a href=\"http:\/\/www.cyalume.eu\">www.cyalume.eu<\/a>, des cookies sont d\u00e9pos\u00e9s sur votre terminal.<\/p><p>Vous pouvez vous informer sur la nature des cookies d\u00e9pos\u00e9s, les accepter ou les refuser soit globalement pour l\u2019ensemble du site et l\u2019ensemble des services, soit service par service.<\/p><p><strong><u>Qu\u2019est-ce qu\u2019un cookie ?<\/u><\/strong><\/p><p>Un cookie est un petit fichier texte d\u00e9pos\u00e9 sur le disque dur de votre terminal lors de votre visite sur un site internet.<\/p><p>Il enregistre certaines informations sur votre navigation ou sur votre comportement en ligne.<\/p><h4><u>A quoi servent les cookies ?<\/u><\/h4><p>Les cookies servent \u00e0 vous diff\u00e9rencier pour am\u00e9liorer votre navigation et les services propos\u00e9s sur un site Internet. En pratique, les cookies techniques permettent de vous authentifier, de vous identifier, d\u2019acc\u00e9l\u00e9rer votre navigation et l\u2019acc\u00e8s aux diff\u00e9rentes fonctionnalit\u00e9s du site.<\/p><p>D\u2019autres cookies de mesure d\u2019audience et traceurs peuvent servir \u00e0 \u00e9tablir des statistiques d\u2019audience sur un site Internet et \u00e0 proposer \u00e0 l\u2019utilisateur des offres promotionnelles cibl\u00e9es en fonction de sa navigation.<\/p><h4>Comment vous opposer \u00e0 l\u2019installation de ces cookies ou les supprimer ?<\/h4><p>Sur vos ordinateurs, Smartphones et autres terminaux d\u2019acc\u00e8s \u00e0 Internet, par d\u00e9faut le logiciel de navigation accepte les cookies pr\u00e9sents sur les sites Internet.<\/p><p>Mais vous restez ma\u00eetre de l\u2019installation de ces cookies car vous avez la possibilit\u00e9 de configurer votre logiciel de navigation pour\u00a0:<\/p><ul><li>accepter ou refuser les cookies se trouvant sur notre site<\/li><li>refuser syst\u00e9matiquement tous les cookies<\/li><li>demander \u00e0 ce que votre consentement soit requis pour chacun des cookies que vous rencontrez lors de votre navigation sur internet.<\/li><\/ul><p>Pour ce faire, il vous suffit de vous reporter \u00e0 vos logiciels de navigation et de suivre leurs instructions. A titre d\u2019exemple\u00a0:<\/p><ul><li>Avec <strong>Internet Explorer<\/strong>\u2122 : menu Outils \u25ba Options internet \u25ba Onglet Confidentialit\u00e9 \u25ba choisissez le niveau souhait\u00e9<\/li><li>Avec <strong>Firefox<\/strong>\u2122 : menu Outils \u25ba Options \u25ba Onglet Vie priv\u00e9e \u25ba choisissez les options souhait\u00e9es<\/li><li>Avec <strong>Chrome<\/strong>\u2122 : menu de configuration (logo param\u00e8tres) \u25ba Param\u00e8tres \u25ba Param\u00e8tres avanc\u00e9s \u25ba Param\u00e8tres de contenu \u25ba Choisissez les options souhait\u00e9es<\/li><li>Avec <strong>Safari<\/strong>\u2122 : Safari (logo param\u00e8tres) \u25ba Pr\u00e9f\u00e9rences \u25ba S\u00e9curit\u00e9 \u25ba Afficher les cookies \u25ba Choisissez les options souhait\u00e9es<\/li><li>Avec <strong>Opera<\/strong>\u2122 : menu Outils \u25ba Pr\u00e9f\u00e9rences \u25ba Onglet Avanc\u00e9 \u25ba Rubrique Cookies \u25ba G\u00e9rer les cookies \u25ba Choisissez les options souhait\u00e9es<\/li><\/ul><p>Merci de noter qu\u2019en choisissant de bloquer nos cookies techniques et fonctionnels, vous risquez de voir la navigation sur notre site et\/ou l\u2019utilisation de certaines de ses fonctionnalit\u00e9s alt\u00e9r\u00e9es<em>.<\/em><\/p><h4><u>Cookies pr\u00e9sents sur notre site <\/u><\/h4><p>En vue d\u2019adapter notre site \u00e0 vos demandes et besoins, nous mesurons\u00a0le nombre de visites, le nombre de pages vues ainsi que votre activit\u00e9 sur notre site et votre fr\u00e9quence de retour, gr\u00e2ce aux outils Google Analytics.<\/p><table width=\"0\"><tbody><tr><td width=\"170\"><strong>Nom<\/strong><\/td><td width=\"589\"><strong>Usage<\/strong><\/td><\/tr><tr><td width=\"170\">Google Tag Manager<\/td><td width=\"589\">Statistiques<\/td><\/tr><\/tbody><\/table><h4>Notre site utilise par ailleurs sur sa page de contact un cookie servant au fonctionnement du captcha, le syst\u00e8me anti-robot g\u00e9r\u00e9 par Google.<\/h4><h4><u>Cookies Tiers destin\u00e9s \u00e0 am\u00e9liorer l\u2019interactivit\u00e9 de notre site<\/u><\/h4><p>Notre Site utilise certains services propos\u00e9s par des sites tiers qui engendrent le d\u00e9p\u00f4t de cookies tiers par ces services. Il s\u2019agit notamment des boutons de partages Twitter, Facebook, Youtube et Linkedin, des listes de tweets (Twitter) et des vid\u00e9os pr\u00e9sents sur notre site.<\/p><p><strong><em>R\u00e9seaux sociaux<\/em><\/strong><\/p><p>Les r\u00e9seaux sociaux permettent d\u2019am\u00e9liorer la convivialit\u00e9 du site et aident \u00e0 sa promotion via les partages.<\/p><p><strong>Facebook<\/strong>\u00a0(<u><a href=\"https:\/\/www.facebook.com\/policies\/cookies\/\">Voir le site officiel<\/a><\/u>)<\/p><p><strong>Twitter\u00a0<\/strong>(<u><a href=\"https:\/\/help.twitter.com\/fr\/rules-and-policies\/twitter-cookies\">Voir le site officiel<\/a><\/u>)<\/p><p><strong>Linkedin <\/strong>(<u><a href=\"https:\/\/www.linkedin.com\/legal\/cookie-policy?_l=fr_FR\">Voir le site officiel<\/a><\/u>)<\/p><p><strong><em>Vid\u00e9os <\/em><\/strong><\/p><p>Les services de partage de vid\u00e9os permettent d\u2019enrichir notre site de contenus vid\u00e9o et augmentent sa visibilit\u00e9.<\/p><p><strong>Youtube\u00a0<\/strong>(<u><a href=\"https:\/\/policies.google.com\/privacy?hl=fr&amp;gl=fr\">Voir le site officiel<\/a><\/u>)<\/p><h4><u>Dur\u00e9e de conservation<\/u><\/h4><p>Les cookies stock\u00e9s dans votre terminal ou tout autre \u00e9l\u00e9ment utilis\u00e9 pour vous identifier \u00e0 des fins de statistiques d\u2019audience ou publicitaires ont une dur\u00e9e de vie de 365 jours, cette dur\u00e9e n\u2019\u00e9tant pas prorog\u00e9e automatiquement lors de vos nouvelles visites sur notre site.<\/p>\t\t\t\t\t\t\t\t<\/div>\n\t\t\t\t<\/div>\n\t\t\t\t\t<\/div>\n\t\t<\/div>\n\t\t\t\t\t<\/div>\n\t\t<\/section>\n\t\t\t\t<\/div>\n\t\t","protected":false},"excerpt":{"rendered":"<p>Politique de gestion des cookies Lors de la consultation de notre site www.cyalume.eu, des cookies sont d\u00e9pos\u00e9s sur votre terminal. Vous pouvez vous informer sur la nature des cookies d\u00e9pos\u00e9s, les accepter ou les refuser soit globalement pour l\u2019ensemble du site et l\u2019ensemble des services, soit service par service. Qu\u2019est-ce qu\u2019un cookie ? Un cookie [&hellip;]<\/p>\n","protected":false},"author":1,"featured_media":0,"parent":0,"menu_order":0,"comment_status":"closed","ping_status":"closed","template":"","meta":{"footnotes":""},"class_list":["post-4225","page","type-page","status-publish","hentry"],"aioseo_notices":[],"_links":{"self":[{"href":"https:\/\/www.cyalume.eu\/it\/wp-json\/wp\/v2\/pages\/4225","targetHints":{"allow":["GET"]}}],"collection":[{"href":"https:\/\/www.cyalume.eu\/it\/wp-json\/wp\/v2\/pages"}],"about":[{"href":"https:\/\/www.cyalume.eu\/it\/wp-json\/wp\/v2\/types\/page"}],"author":[{"embeddable":true,"href":"https:\/\/www.cyalume.eu\/it\/wp-json\/wp\/v2\/users\/1"}],"replies":[{"embeddable":true,"href":"https:\/\/www.cyalume.eu\/it\/wp-json\/wp\/v2\/comments?post=4225"}],"version-history":[{"count":11,"href":"https:\/\/www.cyalume.eu\/it\/wp-json\/wp\/v2\/pages\/4225\/revisions"}],"predecessor-version":[{"id":30977,"href":"https:\/\/www.cyalume.eu\/it\/wp-json\/wp\/v2\/pages\/4225\/revisions\/30977"}],"wp:attachment":[{"href":"https:\/\/www.cyalume.eu\/it\/wp-json\/wp\/v2\/media?parent=4225"}],"curies":[{"name":"wp","href":"https:\/\/api.w.org\/{rel}","templated":true}]}}