{"id":4220,"date":"2019-03-13T16:08:40","date_gmt":"2019-03-13T15:08:40","guid":{"rendered":"https:\/\/www.cyalume.eu\/?page_id=4220"},"modified":"2023-04-13T15:00:39","modified_gmt":"2023-04-13T13:00:39","slug":"informazioni-legali","status":"publish","type":"page","link":"https:\/\/www.cyalume.eu\/it\/informazioni-legali\/","title":{"rendered":"Informazioni legali"},"content":{"rendered":"\t\t<div data-elementor-type=\"wp-page\" data-elementor-id=\"4220\" class=\"elementor elementor-4220\" data-elementor-post-type=\"page\">\n\t\t\t\t\t\t<section class=\"elementor-section elementor-top-section elementor-element elementor-element-58ed5c9 elementor-section-boxed elementor-section-height-default elementor-section-height-default\" data-id=\"58ed5c9\" data-element_type=\"section\" data-e-type=\"section\" data-settings=\"{&quot;background_background&quot;:&quot;classic&quot;}\">\n\t\t\t\t\t\t<div class=\"elementor-container elementor-column-gap-default\">\n\t\t\t\t\t<div class=\"elementor-column elementor-col-100 elementor-top-column elementor-element elementor-element-9a7c60f\" data-id=\"9a7c60f\" data-element_type=\"column\" data-e-type=\"column\">\n\t\t\t<div class=\"elementor-widget-wrap elementor-element-populated\">\n\t\t\t\t\t\t<div class=\"elementor-element elementor-element-c060038 elementor-widget elementor-widget-heading\" data-id=\"c060038\" data-element_type=\"widget\" data-e-type=\"widget\" data-widget_type=\"heading.default\">\n\t\t\t\t<div class=\"elementor-widget-container\">\n\t\t\t\t\t<h1 class=\"elementor-heading-title elementor-size-default\">Mentions l\u00e9gales<\/h1>\t\t\t\t<\/div>\n\t\t\t\t<\/div>\n\t\t\t\t<div class=\"elementor-element elementor-element-18fdbd4 elementor-widget elementor-widget-shortcode\" data-id=\"18fdbd4\" data-element_type=\"widget\" data-e-type=\"widget\" data-widget_type=\"shortcode.default\">\n\t\t\t\t<div class=\"elementor-widget-container\">\n\t\t\t\t\t\t\t<div class=\"elementor-shortcode\"><nav aria-label=\"breadcrumbs\">\n            <div class=\"breadcrumb-container theme1\">\n                <ol>\n                                    <\/ol>\n            <\/div>\n        <\/nav>    <script type=\"application\/ld+json\">\n        {\n            \"@context\": \"http:\/\/schema.org\",\n            \"@type\": \"BreadcrumbList\",\n            \"itemListElement\": \n        }\n    <\/script>\n   \n    <script>\n            <\/script>\n<\/div>\n\t\t\t\t\t\t<\/div>\n\t\t\t\t<\/div>\n\t\t\t\t\t<\/div>\n\t\t<\/div>\n\t\t\t\t\t<\/div>\n\t\t<\/section>\n\t\t\t\t<section class=\"elementor-section elementor-top-section elementor-element elementor-element-391df714 elementor-section-boxed elementor-section-height-default elementor-section-height-default\" data-id=\"391df714\" data-element_type=\"section\" data-e-type=\"section\">\n\t\t\t\t\t\t<div class=\"elementor-container elementor-column-gap-default\">\n\t\t\t\t\t<div class=\"elementor-column elementor-col-100 elementor-top-column elementor-element elementor-element-66903e93\" data-id=\"66903e93\" data-element_type=\"column\" data-e-type=\"column\">\n\t\t\t<div class=\"elementor-widget-wrap elementor-element-populated\">\n\t\t\t\t\t\t<div class=\"elementor-element elementor-element-4f51611 elementor-widget elementor-widget-text-editor\" data-id=\"4f51611\" data-element_type=\"widget\" data-e-type=\"widget\" data-widget_type=\"text-editor.default\">\n\t\t\t\t<div class=\"elementor-widget-container\">\n\t\t\t\t\t\t\t\t\t<p>Cyalume Technologies vous accueille sur son site Internet accessible \u00e0 l\u2019adresse URL suivante : https:\/\/www.cyalume.eu\/ (ci-apr\u00e8s d\u00e9sign\u00e9 \u00ab le site \u00bb).<\/p><ul><li><strong>Propri\u00e9taire du site\u00a0:<\/strong> CYALUME TECHNOLOGIES, SAS au capital de 98\u00a0385 \u20ac \u2013 RCS Aix-en-Provence 325\u00a0965\u00a0622 \u2013 si\u00e8ge\u00a0: 295 rue Mayor de Montricher 13290 AIX-EN-PROVENCE<\/li><li><strong>Responsable de la publication\u00a0:<\/strong> G\u00e9raldine BELLO, Marketing &amp; Business Development Manager, <a href=\"mailto:gbello[@]cyalume.com\">gbello(at)cyalume.com<\/a><\/li><li><strong>H\u00e9bergeur\u00a0:<\/strong> PYMAC, 11 rue Louise Colet, 13090 Aix en Provence, FRANCE &#8211; RCS AIX EN PROVENCE 419396254 &#8211; SIRET 419 396 254 00015 &#8211; CAPITAL 15626 \u20ac &#8211; CODE NAF 7311Z<\/li><\/ul><h2><strong>Conditions d\u2019utilisation du site<\/strong><\/h2><p>Ce site est exploit\u00e9\u00a0 dans le respect de la l\u00e9gislation fran\u00e7aise. L\u2019utilisation de ce site entra\u00eene l\u2019acceptation pleine et enti\u00e8re des conditions g\u00e9n\u00e9rales d\u2019utilisation ci-apr\u00e8s d\u00e9crites. Ces conditions d\u2019utilisation sont susceptibles d\u2019\u00eatre modifi\u00e9es ou compl\u00e9t\u00e9es \u00e0 tout moment, les utilisateurs du site sont donc invit\u00e9s \u00e0 les consulter et en prendre connaissance de mani\u00e8re r\u00e9guli\u00e8re.<\/p><ul><li><strong>Contenu du site\u00a0:<\/strong><\/li><\/ul><p>CYALUME TECHNOLOGIES s\u2019efforce de fournir sur le site https:\/\/www.cyalume.eu\/\u00a0des informations aussi pr\u00e9cises et fiables que possible, p\u00e9riodiquement remises \u00e0 jour.<br \/>Toutes les informations indiqu\u00e9es sur le site sont donn\u00e9es \u00e0 titre indicatif et sont susceptibles d\u2019\u00e9voluer. CYALUME TECHNOLOGIES se r\u00e9serve le droit \u00e0 tout moment et sans pr\u00e9avis de supprimer tout ou partie du contenu de ce site. Par ailleurs, les renseignements figurant sur ce site ne sont pas exhaustifs et sont donn\u00e9s sous r\u00e9serve de modifications ayant \u00e9t\u00e9 apport\u00e9es depuis leur mise en ligne.<\/p><ul><li><strong>Acc\u00e8s au site et responsabilit\u00e9<\/strong><\/li><\/ul><p>Ce site est accessible sans interruption \u00e0 l\u2019exception des cas de force majeure, probl\u00e8mes techniques tels que coupure des r\u00e9seaux t\u00e9l\u00e9phoniques, surcharge du site, panne. CYALUME TECHNOLOGIES n\u2019est par cons\u00e9quent en aucun cas responsable de ces interruptions et des cons\u00e9quences qui peuvent en r\u00e9sulter pour l\u2019utilisateur.<br \/>Une interruption pour raison de maintenance technique peut \u00e9galement \u00eatre d\u00e9cid\u00e9e par CYALUME TECHNOLOGIES qui s\u2019efforcera alors de communiquer pr\u00e9alablement aux utilisateurs les dates et heures de l\u2019intervention.<\/p><p>CYALUME TECHNOLOGIES ne pourra \u00eatre tenue responsable des dommages directs et indirects cons\u00e9cutifs \u00e0 l\u2019utilisation du site. Tout contenu t\u00e9l\u00e9charg\u00e9 se fait aux risques et p\u00e9rils de l\u2019utilisateur et sous sa seule responsabilit\u00e9.<br \/>En particulier, CYALUME TECHNOLOGIES ne pourra voir sa responsabilit\u00e9 engag\u00e9e quant aux dommages r\u00e9sultant de virus, de l\u2019intrusion frauduleuse d\u2019un tiers, de bug, de tout programme ou application qui serait incompatible avec le mat\u00e9riel ou les logiciels utilis\u00e9s par l\u2019utilisateur ainsi qu\u2019aux dommages subis par l\u2019utilisateur par le fait d\u2019une n\u00e9gligence ou faute de sa part ou de tout tiers.<\/p><ul><li><strong>Propri\u00e9t\u00e9 Intellectuelle<\/strong><\/li><\/ul><p>Le site et chacun des \u00e9l\u00e9ments qui le composent (marques d\u00e9pos\u00e9es, logos, textes, images, photos) sont la propri\u00e9t\u00e9 exclusive de CYALUME TECHNOLOGIES, seule habilit\u00e9e \u00e0 en utiliser les droits de propri\u00e9t\u00e9 intellectuelle. Toute reproduction, repr\u00e9sentation, modification, publication, adaptation de tout ou partie des \u00e9l\u00e9ments du site, quel que soit le moyen ou le proc\u00e9d\u00e9 utilis\u00e9 est interdite, sauf autorisation \u00e9crite pr\u00e9alable de CYALUME TECHNOLOGIES.<\/p><ul><li><strong>Donn\u00e9es personnelles<\/strong><\/li><\/ul><p>Soucieuse du respect de la vie priv\u00e9e du Client et de la protection des informations transmises par le client sur le site, CYALUME TECHNOLOGIES respecte la l\u00e9gislation en vigueur en mati\u00e8re de protection de la vie priv\u00e9e, loi n\u00b078-17 Informatique et Libert\u00e9s du 6 janvier 1978, modifi\u00e9e par la loi n\u00b02004-801 du 6 ao\u00fbt 2004.<br \/>CYALUME TECHNOLOGIES ne collecte des informations personnelles relatives \u00e0 l\u2019utilisateur que pour le besoin de certains services propos\u00e9s par le site, notamment la passation des commandes. L\u2019utilisateur fournit ces informations en toute connaissance de cause, notamment lorsqu\u2019il proc\u00e8de lui-m\u00eame \u00e0 leur saisie. L\u2019utilisateur est \u00e9galement inform\u00e9 que le service de livraison des produits offert par CYALUME TECHNOLOGIES implique la communication d\u2019une partie de ses donn\u00e9es personnelles \u00e0 la plateforme logistique effectuant les exp\u00e9ditions des produits.<\/p><p>Conform\u00e9ment aux dispositions de la loi des articles 38 et suivants de la loi 78-17 du 6 janvier 1978, tout utilisateur dispose d\u2019un droit d\u2019acc\u00e8s, de rectification et d\u2019opposition aux donn\u00e9es personnelles le concernant, en effectuant sa demande \u00e9crite et sign\u00e9e aupr\u00e8s de CYALUME TECHNOLOGIES \u00e0 l\u2019adresse suivante\u00a0: 295 rue Mayor de Montricher, CS 40435 &#8211; 13591 AIX-EN-PROVENCE Cedex 3.<br \/>Aucune information personnelle de l\u2019utilisateur n\u2019est publi\u00e9e \u00e0 l\u2019insu de l\u2019utilisateur, ni \u00e9chang\u00e9e, transf\u00e9r\u00e9e, c\u00e9d\u00e9e ou vendue sur un support quelconque \u00e0 des tiers. Seule l\u2019hypoth\u00e8se du rachat de CYALUME TECHNOLOGIES et de ses droits permettrait la transmission des dites information \u00e0 l\u2019\u00e9ventuel acqu\u00e9reur qui serait tenu \u00e0 son tour de la m\u00eame obligation de conservation et de modification de donn\u00e9es vis-\u00e0-vis de l\u2019utilisateur du site.<\/p><ul><li><strong>Liens hypertextes et cookies<\/strong><\/li><\/ul><p>La cr\u00e9ation de liens hypertextes vers le site ne peut \u00eatre faite qu\u2019avec l\u2019autorisation \u00e9crite et pr\u00e9alable de CYALUME TECHNOLOGIES. Toute demande d\u2019autorisation doit \u00eatre adress\u00e9e au si\u00e8ge de CYALUME TECHNOLOGIES. Toute utilisation non autoris\u00e9e constitue une contrefa\u00e7on sanctionn\u00e9e p\u00e9nalement.<br \/>A l\u2019inverse, le site peut renvoyer par des liens hypertextes \u00e0 diff\u00e9rents sites Internet exploit\u00e9s par d\u2019autres particuliers ou soci\u00e9t\u00e9s.\u00a0 CYALUME TECHNOLOGIES n\u2019a pas \u00e0 v\u00e9rifier le contenu desdits sites et ne proc\u00e8de donc \u00e0 aucun examen de ceux-ci. CYALUME TECHNOLOGIES ne saurait voir sa responsabilit\u00e9 engag\u00e9e quant \u00e0 l\u2019exactitude du contenu de ces sites. L\u2019acc\u00e8s et l\u2019utilisation de ces sites rel\u00e8vent de la seule responsabilit\u00e9 de l\u2019utilisateur.<br \/>La navigation sur le site https:\/\/www.cyalume.eu\/ est susceptible de provoquer l\u2019installation de cookies sur l\u2019ordinateur de l\u2019utilisateur. Un cookie est un fichier de petite taille dont le seul but est de faciliter sa navigation sur le site et de personnaliser le service qui lui est propos\u00e9. Toutefois, l\u2019utilisateur peut s\u2019opposer \u00e0 l\u2019enregistrement de ces cookies, la plupart des navigateurs Internet indiquant comment les refuser et les d\u00e9sactiver.<\/p><ul><li><strong>Droit applicable et attribution de juridiction<\/strong><\/li><\/ul><p>Tout litige ou contestation relatif \u00e0 l\u2019interpr\u00e9tation ou l\u2019ex\u00e9cution des pr\u00e9sentes et\/ou \u00e0 l\u2019utilisation du site https:\/\/www.cyalume.eu\/ sont soumis au droit fran\u00e7ais et seront de la comp\u00e9tence exclusive des tribunaux dont d\u00e9pend le si\u00e8ge de CYALUME TECHNOLOGIES.<\/p>\t\t\t\t\t\t\t\t<\/div>\n\t\t\t\t<\/div>\n\t\t\t\t\t<\/div>\n\t\t<\/div>\n\t\t\t\t\t<\/div>\n\t\t<\/section>\n\t\t\t\t<\/div>\n\t\t","protected":false},"excerpt":{"rendered":"<p>Cyalume Technologies vous accueille sur son site Internet accessible \u00e0 l\u2019adresse URL suivante : https:\/\/www.cyalume.eu\/ (ci-apr\u00e8s d\u00e9sign\u00e9 \u00ab le site \u00bb). Propri\u00e9taire du site\u00a0: CYALUME TECHNOLOGIES, SAS au capital de 98\u00a0385 \u20ac \u2013 RCS Aix-en-Provence 325\u00a0965\u00a0622 \u2013 si\u00e8ge\u00a0: 295 rue Mayor de Montricher 13290 AIX-EN-PROVENCE Responsable de la publication\u00a0: G\u00e9raldine BELLO, Marketing &amp; Business Development [&hellip;]<\/p>\n","protected":false},"author":1,"featured_media":0,"parent":0,"menu_order":0,"comment_status":"closed","ping_status":"closed","template":"","meta":{"footnotes":""},"class_list":["post-4220","page","type-page","status-publish","hentry"],"aioseo_notices":[],"_links":{"self":[{"href":"https:\/\/www.cyalume.eu\/it\/wp-json\/wp\/v2\/pages\/4220","targetHints":{"allow":["GET"]}}],"collection":[{"href":"https:\/\/www.cyalume.eu\/it\/wp-json\/wp\/v2\/pages"}],"about":[{"href":"https:\/\/www.cyalume.eu\/it\/wp-json\/wp\/v2\/types\/page"}],"author":[{"embeddable":true,"href":"https:\/\/www.cyalume.eu\/it\/wp-json\/wp\/v2\/users\/1"}],"replies":[{"embeddable":true,"href":"https:\/\/www.cyalume.eu\/it\/wp-json\/wp\/v2\/comments?post=4220"}],"version-history":[{"count":41,"href":"https:\/\/www.cyalume.eu\/it\/wp-json\/wp\/v2\/pages\/4220\/revisions"}],"predecessor-version":[{"id":29755,"href":"https:\/\/www.cyalume.eu\/it\/wp-json\/wp\/v2\/pages\/4220\/revisions\/29755"}],"wp:attachment":[{"href":"https:\/\/www.cyalume.eu\/it\/wp-json\/wp\/v2\/media?parent=4220"}],"curies":[{"name":"wp","href":"https:\/\/api.w.org\/{rel}","templated":true}]}}