{"id":4022,"date":"2019-03-07T15:11:32","date_gmt":"2019-03-07T14:11:32","guid":{"rendered":"https:\/\/www.cyalume.eu\/?page_id=4022"},"modified":"2025-06-26T15:42:51","modified_gmt":"2025-06-26T13:42:51","slug":"prodotti-riflettenti-a-infrarossi","status":"publish","type":"page","link":"https:\/\/www.cyalume.eu\/it\/bastoncino-luminoso-chemlight-snaplight-cyalume\/prodotti-riflettenti-a-infrarossi\/","title":{"rendered":"Prodotti che riflettono gli infrarossi"},"content":{"rendered":"\t\t<div data-elementor-type=\"wp-page\" data-elementor-id=\"4022\" class=\"elementor elementor-4022\" data-elementor-post-type=\"page\">\n\t\t\t\t\t\t<section class=\"elementor-section elementor-top-section elementor-element elementor-element-38a1d520 elementor-section-boxed elementor-section-height-default elementor-section-height-default\" data-id=\"38a1d520\" data-element_type=\"section\" data-e-type=\"section\" data-settings=\"{&quot;background_background&quot;:&quot;classic&quot;}\">\n\t\t\t\t\t\t<div class=\"elementor-container elementor-column-gap-default\">\n\t\t\t\t\t<div class=\"elementor-column elementor-col-100 elementor-top-column elementor-element elementor-element-2cf18c6b\" data-id=\"2cf18c6b\" data-element_type=\"column\" data-e-type=\"column\">\n\t\t\t<div class=\"elementor-widget-wrap elementor-element-populated\">\n\t\t\t\t\t\t<div class=\"elementor-element elementor-element-451b6289 elementor-widget elementor-widget-heading\" data-id=\"451b6289\" data-element_type=\"widget\" data-e-type=\"widget\" data-widget_type=\"heading.default\">\n\t\t\t\t<div class=\"elementor-widget-container\">\n\t\t\t\t\t<h1 class=\"elementor-heading-title elementor-size-default\">Produits r\u00e9fl\u00e9chissants infrarouges<\/h1>\t\t\t\t<\/div>\n\t\t\t\t<\/div>\n\t\t\t\t<div class=\"elementor-element elementor-element-39ee41c9 elementor-widget elementor-widget-shortcode\" data-id=\"39ee41c9\" data-element_type=\"widget\" data-e-type=\"widget\" data-widget_type=\"shortcode.default\">\n\t\t\t\t<div class=\"elementor-widget-container\">\n\t\t\t\t\t\t\t<div class=\"elementor-shortcode\"><nav aria-label=\"breadcrumbs\">\n            <div class=\"breadcrumb-container theme1\">\n                <ol>\n                                    <\/ol>\n            <\/div>\n        <\/nav>    <script type=\"application\/ld+json\">\n        {\n            \"@context\": \"http:\/\/schema.org\",\n            \"@type\": \"BreadcrumbList\",\n            \"itemListElement\": [\n                            ]\n        }\n    <\/script>\n   \n    <script>\n            <\/script>\n<\/div>\n\t\t\t\t\t\t<\/div>\n\t\t\t\t<\/div>\n\t\t\t\t\t<\/div>\n\t\t<\/div>\n\t\t\t\t\t<\/div>\n\t\t<\/section>\n\t\t\t\t<section class=\"elementor-section elementor-top-section elementor-element elementor-element-5a5f1bb6 elementor-section-full_width elementor-section-height-default elementor-section-height-default\" data-id=\"5a5f1bb6\" data-element_type=\"section\" data-e-type=\"section\" data-settings=\"{&quot;background_background&quot;:&quot;classic&quot;}\">\n\t\t\t\t\t\t<div class=\"elementor-container elementor-column-gap-default\">\n\t\t\t\t\t<div class=\"elementor-column elementor-col-100 elementor-top-column elementor-element elementor-element-375412a9\" data-id=\"375412a9\" data-element_type=\"column\" data-e-type=\"column\">\n\t\t\t<div class=\"elementor-widget-wrap elementor-element-populated\">\n\t\t\t\t\t\t<div class=\"elementor-element elementor-element-7b5eeb8 elementor-widget elementor-widget-heading\" data-id=\"7b5eeb8\" data-element_type=\"widget\" data-e-type=\"widget\" data-widget_type=\"heading.default\">\n\t\t\t\t<div class=\"elementor-widget-container\">\n\t\t\t\t\t<h2 class=\"elementor-heading-title elementor-size-default\">Produits r\u00e9tro-r\u00e9fl\u00e9chissants infrarouges (IR) : rouleaux, bandes, patchs, insignes\u2026<\/h2>\t\t\t\t<\/div>\n\t\t\t\t<\/div>\n\t\t\t\t\t<\/div>\n\t\t<\/div>\n\t\t\t\t\t<\/div>\n\t\t<\/section>\n\t\t\t\t<section class=\"elementor-section elementor-top-section elementor-element elementor-element-31361254 elementor-section-boxed elementor-section-height-default elementor-section-height-default\" data-id=\"31361254\" data-element_type=\"section\" data-e-type=\"section\">\n\t\t\t\t\t\t<div class=\"elementor-container elementor-column-gap-default\">\n\t\t\t\t\t<div class=\"elementor-column elementor-col-100 elementor-top-column elementor-element elementor-element-6f6287a2\" data-id=\"6f6287a2\" data-element_type=\"column\" data-e-type=\"column\">\n\t\t\t<div class=\"elementor-widget-wrap elementor-element-populated\">\n\t\t\t\t\t\t<div class=\"elementor-element elementor-element-d40f3b8 elementor-align-center elementor-widget elementor-widget-button\" data-id=\"d40f3b8\" data-element_type=\"widget\" data-e-type=\"widget\" data-widget_type=\"button.default\">\n\t\t\t\t<div class=\"elementor-widget-container\">\n\t\t\t\t\t\t\t\t\t<div class=\"elementor-button-wrapper\">\n\t\t\t\t\t<a class=\"elementor-button elementor-button-link elementor-size-sm\" href=\"https:\/\/www.cyalume.eu\/cyalume-technologies\/contact-ou-nous-trouver\/\" target=\"_blank\">\n\t\t\t\t\t\t<span class=\"elementor-button-content-wrapper\">\n\t\t\t\t\t\t<span class=\"elementor-button-icon\">\n\t\t\t\t<i aria-hidden=\"true\" class=\"fas fa-envelope-open\"><\/i>\t\t\t<\/span>\n\t\t\t\t\t\t\t\t\t<span class=\"elementor-button-text\"> Nous contacter pour toute demande de prix<\/span>\n\t\t\t\t\t<\/span>\n\t\t\t\t\t<\/a>\n\t\t\t\t<\/div>\n\t\t\t\t\t\t\t\t<\/div>\n\t\t\t\t<\/div>\n\t\t\t\t\t<\/div>\n\t\t<\/div>\n\t\t\t\t\t<\/div>\n\t\t<\/section>\n\t\t\t\t<section class=\"elementor-section elementor-top-section elementor-element elementor-element-ee58994 elementor-section-boxed elementor-section-height-default elementor-section-height-default\" data-id=\"ee58994\" data-element_type=\"section\" data-e-type=\"section\" data-settings=\"{&quot;background_background&quot;:&quot;classic&quot;}\">\n\t\t\t\t\t\t<div class=\"elementor-container elementor-column-gap-default\">\n\t\t\t\t\t<div class=\"elementor-column elementor-col-100 elementor-top-column elementor-element elementor-element-7881c41\" data-id=\"7881c41\" data-element_type=\"column\" data-e-type=\"column\">\n\t\t\t<div class=\"elementor-widget-wrap elementor-element-populated\">\n\t\t\t\t\t\t<section class=\"elementor-section elementor-inner-section elementor-element elementor-element-65fb0d1 elementor-section-boxed elementor-section-height-default elementor-section-height-default\" data-id=\"65fb0d1\" data-element_type=\"section\" data-e-type=\"section\">\n\t\t\t\t\t\t<div class=\"elementor-container elementor-column-gap-default\">\n\t\t\t\t\t<div class=\"elementor-column elementor-col-25 elementor-inner-column elementor-element elementor-element-54cef16 home_produits\" data-id=\"54cef16\" data-element_type=\"column\" data-e-type=\"column\" data-settings=\"{&quot;background_background&quot;:&quot;classic&quot;}\">\n\t\t\t<div class=\"elementor-widget-wrap elementor-element-populated\">\n\t\t\t\t\t\t<div class=\"elementor-element elementor-element-61380ea elementor-widget elementor-widget-image\" data-id=\"61380ea\" data-element_type=\"widget\" data-e-type=\"widget\" data-widget_type=\"image.default\">\n\t\t\t\t<div class=\"elementor-widget-container\">\n\t\t\t\t\t\t\t\t\t\t\t\t\t\t\t\t<a href=\"\/baton-lumineux-cyalume-chemlight-snaplight\/produits-reflechissants-infrarouge-ir\/rouleau-infrarouge-45-m\/\">\n\t\t\t\t\t\t\t<img fetchpriority=\"high\" decoding=\"async\" width=\"700\" height=\"500\" src=\"https:\/\/www.cyalume.eu\/wp-content\/uploads\/2019\/03\/rouleau-infrarouge-pour-marquage-identification.jpg\" class=\"elementor-animation-grow attachment-large size-large wp-image-4035\" alt=\"rouleau infrarouge pour marquage identification\" srcset=\"https:\/\/www.cyalume.eu\/wp-content\/uploads\/2019\/03\/rouleau-infrarouge-pour-marquage-identification.jpg 700w, https:\/\/www.cyalume.eu\/wp-content\/uploads\/2019\/03\/rouleau-infrarouge-pour-marquage-identification-300x214.jpg 300w, https:\/\/www.cyalume.eu\/wp-content\/uploads\/2019\/03\/rouleau-infrarouge-pour-marquage-identification-204x146.jpg 204w, https:\/\/www.cyalume.eu\/wp-content\/uploads\/2019\/03\/rouleau-infrarouge-pour-marquage-identification-50x36.jpg 50w, https:\/\/www.cyalume.eu\/wp-content\/uploads\/2019\/03\/rouleau-infrarouge-pour-marquage-identification-105x75.jpg 105w\" sizes=\"(max-width: 700px) 100vw, 700px\" \/>\t\t\t\t\t\t\t\t<\/a>\n\t\t\t\t\t\t\t\t\t\t\t\t\t\t\t<\/div>\n\t\t\t\t<\/div>\n\t\t\t\t<div class=\"elementor-element elementor-element-7f08729 elementor-widget elementor-widget-heading\" data-id=\"7f08729\" data-element_type=\"widget\" data-e-type=\"widget\" data-widget_type=\"heading.default\">\n\t\t\t\t<div class=\"elementor-widget-container\">\n\t\t\t\t\t<p class=\"elementor-heading-title elementor-size-default\"><a href=\"\/baton-lumineux-cyalume-chemlight-snaplight\/produits-reflechissants-infrarouge-ir\/rouleau-infrarouge-45-m\/\">Rouleau infrarouge (IR) 45 m<\/a><\/p>\t\t\t\t<\/div>\n\t\t\t\t<\/div>\n\t\t\t\t\t<\/div>\n\t\t<\/div>\n\t\t\t\t<div class=\"elementor-column elementor-col-25 elementor-inner-column elementor-element elementor-element-19e9cc0 home_produits\" data-id=\"19e9cc0\" data-element_type=\"column\" data-e-type=\"column\" data-settings=\"{&quot;background_background&quot;:&quot;classic&quot;}\">\n\t\t\t<div class=\"elementor-widget-wrap elementor-element-populated\">\n\t\t\t\t\t\t<div class=\"elementor-element elementor-element-8d3b67d elementor-widget elementor-widget-image\" data-id=\"8d3b67d\" data-element_type=\"widget\" data-e-type=\"widget\" data-widget_type=\"image.default\">\n\t\t\t\t<div class=\"elementor-widget-container\">\n\t\t\t\t\t\t\t\t\t\t\t\t\t\t\t\t<a href=\"\/baton-lumineux-cyalume-chemlight-snaplight\/produits-reflechissants-infrarouge-ir\/patch-carre-infrarouge\/\">\n\t\t\t\t\t\t\t<img decoding=\"async\" width=\"700\" height=\"500\" src=\"https:\/\/www.cyalume.eu\/wp-content\/uploads\/2019\/03\/patch-carre-infrarouge-a-coudre.jpg\" class=\"elementor-animation-grow attachment-large size-large wp-image-4033\" alt=\"patch carre infrarouge a coudre\" srcset=\"https:\/\/www.cyalume.eu\/wp-content\/uploads\/2019\/03\/patch-carre-infrarouge-a-coudre.jpg 700w, https:\/\/www.cyalume.eu\/wp-content\/uploads\/2019\/03\/patch-carre-infrarouge-a-coudre-300x214.jpg 300w, https:\/\/www.cyalume.eu\/wp-content\/uploads\/2019\/03\/patch-carre-infrarouge-a-coudre-204x146.jpg 204w, https:\/\/www.cyalume.eu\/wp-content\/uploads\/2019\/03\/patch-carre-infrarouge-a-coudre-50x36.jpg 50w, https:\/\/www.cyalume.eu\/wp-content\/uploads\/2019\/03\/patch-carre-infrarouge-a-coudre-105x75.jpg 105w\" sizes=\"(max-width: 700px) 100vw, 700px\" \/>\t\t\t\t\t\t\t\t<\/a>\n\t\t\t\t\t\t\t\t\t\t\t\t\t\t\t<\/div>\n\t\t\t\t<\/div>\n\t\t\t\t<div class=\"elementor-element elementor-element-e4d63ce elementor-widget elementor-widget-heading\" data-id=\"e4d63ce\" data-element_type=\"widget\" data-e-type=\"widget\" data-widget_type=\"heading.default\">\n\t\t\t\t<div class=\"elementor-widget-container\">\n\t\t\t\t\t<p class=\"elementor-heading-title elementor-size-default\"><a href=\"\/baton-lumineux-cyalume-chemlight-snaplight\/produits-reflechissants-infrarouge-ir\/patch-carre-infrarouge\/\">Patch carr\u00e9 infrarouge\n<\/a><\/p>\t\t\t\t<\/div>\n\t\t\t\t<\/div>\n\t\t\t\t\t<\/div>\n\t\t<\/div>\n\t\t\t\t<div class=\"elementor-column elementor-col-25 elementor-inner-column elementor-element elementor-element-f88a612 home_produits\" data-id=\"f88a612\" data-element_type=\"column\" data-e-type=\"column\" data-settings=\"{&quot;background_background&quot;:&quot;classic&quot;}\">\n\t\t\t<div class=\"elementor-widget-wrap elementor-element-populated\">\n\t\t\t\t\t\t<div class=\"elementor-element elementor-element-6aecb8e elementor-widget elementor-widget-image\" data-id=\"6aecb8e\" data-element_type=\"widget\" data-e-type=\"widget\" data-widget_type=\"image.default\">\n\t\t\t\t<div class=\"elementor-widget-container\">\n\t\t\t\t\t\t\t\t\t\t\t\t\t\t\t\t<a href=\"\/baton-lumineux-cyalume-chemlight-snaplight\/produits-reflechissants-infrarouge-ir\/drapeaux-patchs-insignes-infrarouges-iff-patchs-dual-ir\/\">\n\t\t\t\t\t\t\t<img decoding=\"async\" width=\"700\" height=\"500\" src=\"https:\/\/www.cyalume.eu\/wp-content\/uploads\/2019\/03\/drapeaux-insignes-patchs-infrarouge-cyalume.jpg\" class=\"elementor-animation-grow attachment-large size-large wp-image-4030\" alt=\"drapeaux insignes patchs infrarouge cyalume\" srcset=\"https:\/\/www.cyalume.eu\/wp-content\/uploads\/2019\/03\/drapeaux-insignes-patchs-infrarouge-cyalume.jpg 700w, https:\/\/www.cyalume.eu\/wp-content\/uploads\/2019\/03\/drapeaux-insignes-patchs-infrarouge-cyalume-300x214.jpg 300w, https:\/\/www.cyalume.eu\/wp-content\/uploads\/2019\/03\/drapeaux-insignes-patchs-infrarouge-cyalume-204x146.jpg 204w, https:\/\/www.cyalume.eu\/wp-content\/uploads\/2019\/03\/drapeaux-insignes-patchs-infrarouge-cyalume-50x36.jpg 50w, https:\/\/www.cyalume.eu\/wp-content\/uploads\/2019\/03\/drapeaux-insignes-patchs-infrarouge-cyalume-105x75.jpg 105w\" sizes=\"(max-width: 700px) 100vw, 700px\" \/>\t\t\t\t\t\t\t\t<\/a>\n\t\t\t\t\t\t\t\t\t\t\t\t\t\t\t<\/div>\n\t\t\t\t<\/div>\n\t\t\t\t<div class=\"elementor-element elementor-element-56a29b8 elementor-widget elementor-widget-heading\" data-id=\"56a29b8\" data-element_type=\"widget\" data-e-type=\"widget\" data-widget_type=\"heading.default\">\n\t\t\t\t<div class=\"elementor-widget-container\">\n\t\t\t\t\t<p class=\"elementor-heading-title elementor-size-default\"><a href=\"\/baton-lumineux-cyalume-chemlight-snaplight\/produits-reflechissants-infrarouge-ir\/drapeaux-patchs-insignes-infrarouges-iff-patchs-dual-ir\/\">Drapeaux et insignes infrarouges IFF\n<\/a><\/p>\t\t\t\t<\/div>\n\t\t\t\t<\/div>\n\t\t\t\t\t<\/div>\n\t\t<\/div>\n\t\t\t\t<div class=\"elementor-column elementor-col-25 elementor-inner-column elementor-element elementor-element-cc3c1be home_produits\" data-id=\"cc3c1be\" data-element_type=\"column\" data-e-type=\"column\" data-settings=\"{&quot;background_background&quot;:&quot;classic&quot;}\">\n\t\t\t<div class=\"elementor-widget-wrap elementor-element-populated\">\n\t\t\t\t\t\t<div class=\"elementor-element elementor-element-e21f26f elementor-widget elementor-widget-image\" data-id=\"e21f26f\" data-element_type=\"widget\" data-e-type=\"widget\" data-widget_type=\"image.default\">\n\t\t\t\t<div class=\"elementor-widget-container\">\n\t\t\t\t\t\t\t\t\t\t\t\t\t\t\t\t<a href=\"\/baton-lumineux-cyalume-chemlight-snaplight\/produits-reflechissants-infrarouge-ir\/brassard-avec-bande-infrarouge\/\">\n\t\t\t\t\t\t\t<img loading=\"lazy\" decoding=\"async\" width=\"700\" height=\"500\" src=\"https:\/\/www.cyalume.eu\/wp-content\/uploads\/2019\/03\/brassard-fluo-avec-bande-infrarouge.jpg\" class=\"elementor-animation-grow attachment-large size-large wp-image-4029\" alt=\"brassard fluo avec bande infrarouge\" srcset=\"https:\/\/www.cyalume.eu\/wp-content\/uploads\/2019\/03\/brassard-fluo-avec-bande-infrarouge.jpg 700w, https:\/\/www.cyalume.eu\/wp-content\/uploads\/2019\/03\/brassard-fluo-avec-bande-infrarouge-300x214.jpg 300w, https:\/\/www.cyalume.eu\/wp-content\/uploads\/2019\/03\/brassard-fluo-avec-bande-infrarouge-204x146.jpg 204w, https:\/\/www.cyalume.eu\/wp-content\/uploads\/2019\/03\/brassard-fluo-avec-bande-infrarouge-50x36.jpg 50w, https:\/\/www.cyalume.eu\/wp-content\/uploads\/2019\/03\/brassard-fluo-avec-bande-infrarouge-105x75.jpg 105w\" sizes=\"(max-width: 700px) 100vw, 700px\" \/>\t\t\t\t\t\t\t\t<\/a>\n\t\t\t\t\t\t\t\t\t\t\t\t\t\t\t<\/div>\n\t\t\t\t<\/div>\n\t\t\t\t<div class=\"elementor-element elementor-element-eabe8d8 elementor-widget elementor-widget-heading\" data-id=\"eabe8d8\" data-element_type=\"widget\" data-e-type=\"widget\" data-widget_type=\"heading.default\">\n\t\t\t\t<div class=\"elementor-widget-container\">\n\t\t\t\t\t<p class=\"elementor-heading-title elementor-size-default\"><a href=\"\/baton-lumineux-cyalume-chemlight-snaplight\/produits-reflechissants-infrarouge-ir\/brassard-avec-bande-infrarouge\/\">Brassard avec bande infrarouge\n<\/a><\/p>\t\t\t\t<\/div>\n\t\t\t\t<\/div>\n\t\t\t\t\t<\/div>\n\t\t<\/div>\n\t\t\t\t\t<\/div>\n\t\t<\/section>\n\t\t\t\t<section class=\"elementor-section elementor-inner-section elementor-element elementor-element-3be0366 elementor-section-boxed elementor-section-height-default elementor-section-height-default\" data-id=\"3be0366\" data-element_type=\"section\" data-e-type=\"section\">\n\t\t\t\t\t\t<div class=\"elementor-container elementor-column-gap-default\">\n\t\t\t\t\t<div class=\"elementor-column elementor-col-25 elementor-inner-column elementor-element elementor-element-b79e38c home_produits\" data-id=\"b79e38c\" data-element_type=\"column\" data-e-type=\"column\" data-settings=\"{&quot;background_background&quot;:&quot;classic&quot;}\">\n\t\t\t<div class=\"elementor-widget-wrap elementor-element-populated\">\n\t\t\t\t\t\t<div class=\"elementor-element elementor-element-1fd5d32 elementor-widget elementor-widget-image\" data-id=\"1fd5d32\" data-element_type=\"widget\" data-e-type=\"widget\" data-widget_type=\"image.default\">\n\t\t\t\t<div class=\"elementor-widget-container\">\n\t\t\t\t\t\t\t\t\t\t\t\t\t\t\t\t<a href=\"\/baton-lumineux-cyalume-chemlight-snaplight\/produits-reflechissants-infrarouge-ir\/patchs-ir-indicatifs-appel-personnalisables-et-reversibles\/\">\n\t\t\t\t\t\t\t<img loading=\"lazy\" decoding=\"async\" width=\"700\" height=\"500\" src=\"https:\/\/www.cyalume.eu\/wp-content\/uploads\/2019\/03\/indicatifs-appel-patchs-IR-infrarouges-reversibles.jpg\" class=\"elementor-animation-grow attachment-large size-large wp-image-4031\" alt=\"indicatifs appel patchs IR infrarouges reversibles\" srcset=\"https:\/\/www.cyalume.eu\/wp-content\/uploads\/2019\/03\/indicatifs-appel-patchs-IR-infrarouges-reversibles.jpg 700w, https:\/\/www.cyalume.eu\/wp-content\/uploads\/2019\/03\/indicatifs-appel-patchs-IR-infrarouges-reversibles-300x214.jpg 300w, https:\/\/www.cyalume.eu\/wp-content\/uploads\/2019\/03\/indicatifs-appel-patchs-IR-infrarouges-reversibles-204x146.jpg 204w, https:\/\/www.cyalume.eu\/wp-content\/uploads\/2019\/03\/indicatifs-appel-patchs-IR-infrarouges-reversibles-50x36.jpg 50w, https:\/\/www.cyalume.eu\/wp-content\/uploads\/2019\/03\/indicatifs-appel-patchs-IR-infrarouges-reversibles-105x75.jpg 105w\" sizes=\"(max-width: 700px) 100vw, 700px\" \/>\t\t\t\t\t\t\t\t<\/a>\n\t\t\t\t\t\t\t\t\t\t\t\t\t\t\t<\/div>\n\t\t\t\t<\/div>\n\t\t\t\t<div class=\"elementor-element elementor-element-6f51c78 elementor-widget elementor-widget-heading\" data-id=\"6f51c78\" data-element_type=\"widget\" data-e-type=\"widget\" data-widget_type=\"heading.default\">\n\t\t\t\t<div class=\"elementor-widget-container\">\n\t\t\t\t\t<p class=\"elementor-heading-title elementor-size-default\"><a href=\"\/baton-lumineux-cyalume-chemlight-snaplight\/produits-reflechissants-infrarouge-ir\/patchs-ir-indicatifs-appel-personnalisables-et-reversibles\/\">Patchs IR Indicatifs d\u2019Appel R\u00e9versibles\n<\/a><\/p>\t\t\t\t<\/div>\n\t\t\t\t<\/div>\n\t\t\t\t\t<\/div>\n\t\t<\/div>\n\t\t\t\t<div class=\"elementor-column elementor-col-25 elementor-inner-column elementor-element elementor-element-8f58d70 home_produits\" data-id=\"8f58d70\" data-element_type=\"column\" data-e-type=\"column\" data-settings=\"{&quot;background_background&quot;:&quot;classic&quot;}\">\n\t\t\t<div class=\"elementor-widget-wrap elementor-element-populated\">\n\t\t\t\t\t\t<div class=\"elementor-element elementor-element-50b4a9c elementor-widget elementor-widget-image\" data-id=\"50b4a9c\" data-element_type=\"widget\" data-e-type=\"widget\" data-widget_type=\"image.default\">\n\t\t\t\t<div class=\"elementor-widget-container\">\n\t\t\t\t\t\t\t\t\t\t\t\t\t\t\t\t<a href=\"\/baton-lumineux-cyalume-chemlight-snaplight\/produits-reflechissants-infrarouge-ir\/patchs-ir-groupe-sanguin\/\">\n\t\t\t\t\t\t\t<img loading=\"lazy\" decoding=\"async\" width=\"700\" height=\"500\" src=\"https:\/\/www.cyalume.eu\/wp-content\/uploads\/2019\/03\/patch-IR-infrarouge-groupe-sanguin.jpg\" class=\"elementor-animation-grow attachment-large size-large wp-image-4034\" alt=\"patch IR infrarouge groupe sanguin\" srcset=\"https:\/\/www.cyalume.eu\/wp-content\/uploads\/2019\/03\/patch-IR-infrarouge-groupe-sanguin.jpg 700w, https:\/\/www.cyalume.eu\/wp-content\/uploads\/2019\/03\/patch-IR-infrarouge-groupe-sanguin-300x214.jpg 300w, https:\/\/www.cyalume.eu\/wp-content\/uploads\/2019\/03\/patch-IR-infrarouge-groupe-sanguin-204x146.jpg 204w, https:\/\/www.cyalume.eu\/wp-content\/uploads\/2019\/03\/patch-IR-infrarouge-groupe-sanguin-50x36.jpg 50w, https:\/\/www.cyalume.eu\/wp-content\/uploads\/2019\/03\/patch-IR-infrarouge-groupe-sanguin-105x75.jpg 105w\" sizes=\"(max-width: 700px) 100vw, 700px\" \/>\t\t\t\t\t\t\t\t<\/a>\n\t\t\t\t\t\t\t\t\t\t\t\t\t\t\t<\/div>\n\t\t\t\t<\/div>\n\t\t\t\t<div class=\"elementor-element elementor-element-d2ab9e1 elementor-widget elementor-widget-heading\" data-id=\"d2ab9e1\" data-element_type=\"widget\" data-e-type=\"widget\" data-widget_type=\"heading.default\">\n\t\t\t\t<div class=\"elementor-widget-container\">\n\t\t\t\t\t<p class=\"elementor-heading-title elementor-size-default\"><a href=\"\/baton-lumineux-cyalume-chemlight-snaplight\/produits-reflechissants-infrarouge-ir\/patchs-ir-groupe-sanguin\/\">Patchs IR Groupe Sanguin\n<\/a><\/p>\t\t\t\t<\/div>\n\t\t\t\t<\/div>\n\t\t\t\t\t<\/div>\n\t\t<\/div>\n\t\t\t\t<div class=\"elementor-column elementor-col-25 elementor-inner-column elementor-element elementor-element-5878184 home_produits\" data-id=\"5878184\" data-element_type=\"column\" data-e-type=\"column\" data-settings=\"{&quot;background_background&quot;:&quot;classic&quot;}\">\n\t\t\t<div class=\"elementor-widget-wrap elementor-element-populated\">\n\t\t\t\t\t\t<div class=\"elementor-element elementor-element-25a892c elementor-widget elementor-widget-image\" data-id=\"25a892c\" data-element_type=\"widget\" data-e-type=\"widget\" data-widget_type=\"image.default\">\n\t\t\t\t<div class=\"elementor-widget-container\">\n\t\t\t\t\t\t\t\t\t\t\t\t\t\t\t\t<a href=\"\/baton-lumineux-cyalume-chemlight-snaplight\/produits-reflechissants-infrarouge-ir\/marqueur-ir-pour-vehicules\/\">\n\t\t\t\t\t\t\t<img loading=\"lazy\" decoding=\"async\" width=\"700\" height=\"500\" src=\"https:\/\/www.cyalume.eu\/wp-content\/uploads\/2019\/03\/marqueur-vehicule-infrarouge.jpg\" class=\"elementor-animation-grow attachment-large size-large wp-image-4032\" alt=\"marqueur vehicule infrarouge\" srcset=\"https:\/\/www.cyalume.eu\/wp-content\/uploads\/2019\/03\/marqueur-vehicule-infrarouge.jpg 700w, https:\/\/www.cyalume.eu\/wp-content\/uploads\/2019\/03\/marqueur-vehicule-infrarouge-300x214.jpg 300w, https:\/\/www.cyalume.eu\/wp-content\/uploads\/2019\/03\/marqueur-vehicule-infrarouge-204x146.jpg 204w, https:\/\/www.cyalume.eu\/wp-content\/uploads\/2019\/03\/marqueur-vehicule-infrarouge-50x36.jpg 50w, https:\/\/www.cyalume.eu\/wp-content\/uploads\/2019\/03\/marqueur-vehicule-infrarouge-105x75.jpg 105w\" sizes=\"(max-width: 700px) 100vw, 700px\" \/>\t\t\t\t\t\t\t\t<\/a>\n\t\t\t\t\t\t\t\t\t\t\t\t\t\t\t<\/div>\n\t\t\t\t<\/div>\n\t\t\t\t<div class=\"elementor-element elementor-element-35cea49 elementor-widget elementor-widget-heading\" data-id=\"35cea49\" data-element_type=\"widget\" data-e-type=\"widget\" data-widget_type=\"heading.default\">\n\t\t\t\t<div class=\"elementor-widget-container\">\n\t\t\t\t\t<p class=\"elementor-heading-title elementor-size-default\"><a href=\"\/baton-lumineux-cyalume-chemlight-snaplight\/produits-reflechissants-infrarouge-ir\/marqueur-ir-pour-vehicules\/\">Marqueur IR pour V\u00e9hicules\n<\/a><\/p>\t\t\t\t<\/div>\n\t\t\t\t<\/div>\n\t\t\t\t\t<\/div>\n\t\t<\/div>\n\t\t\t\t<div class=\"elementor-column elementor-col-25 elementor-inner-column elementor-element elementor-element-ac40f89\" data-id=\"ac40f89\" data-element_type=\"column\" data-e-type=\"column\">\n\t\t\t<div class=\"elementor-widget-wrap\">\n\t\t\t\t\t\t\t<\/div>\n\t\t<\/div>\n\t\t\t\t\t<\/div>\n\t\t<\/section>\n\t\t\t\t\t<\/div>\n\t\t<\/div>\n\t\t\t\t\t<\/div>\n\t\t<\/section>\n\t\t\t\t<section class=\"elementor-section elementor-top-section elementor-element elementor-element-5647ea11 elementor-section-boxed elementor-section-height-default elementor-section-height-default\" data-id=\"5647ea11\" data-element_type=\"section\" data-e-type=\"section\">\n\t\t\t\t\t\t<div class=\"elementor-container elementor-column-gap-default\">\n\t\t\t\t\t<div class=\"elementor-column elementor-col-100 elementor-top-column elementor-element elementor-element-7fa1f94a\" data-id=\"7fa1f94a\" data-element_type=\"column\" data-e-type=\"column\">\n\t\t\t<div class=\"elementor-widget-wrap elementor-element-populated\">\n\t\t\t\t\t\t<div class=\"elementor-element elementor-element-5303a2b0 elementor-widget elementor-widget-text-editor\" data-id=\"5303a2b0\" data-element_type=\"widget\" data-e-type=\"widget\" data-widget_type=\"text-editor.default\">\n\t\t\t\t<div class=\"elementor-widget-container\">\n\t\t\t\t\t\t\t\t\t<p>Cyalume propose des produits r\u00e9fl\u00e9chissants comme les drapeaux, carr\u00e9s, bandes etc\u2026 qui n\u00e9cessitent d\u2019\u00eatre illumin\u00e9s par une source infrarouge (700 \u00e0 950 nm) pour r\u00e9agir. Leur puissance de r\u00e9flexion d\u00e9pend de la source IR. Id\u00e9alement la source infrarouge d\u2019illumination doit \u00eatre coaxiale \u00e0 la jumelle de vision nocturne.<\/p><p>Selon les mod\u00e8les de JVN, on aura des distances d\u2019acquisition tr\u00e8s diff\u00e9rentes: quelques dizaines de m\u00e8tres avec une JVN type Lucie, plusieurs centaines de m\u00e8tres avec une NVS 14 am\u00e9ricaine. Cela d\u00e9pend de la puissance du rayon IR.<\/p>\t\t\t\t\t\t\t\t<\/div>\n\t\t\t\t<\/div>\n\t\t\t\t\t<\/div>\n\t\t<\/div>\n\t\t\t\t\t<\/div>\n\t\t<\/section>\n\t\t\t\t<\/div>\n\t\t","protected":false},"excerpt":{"rendered":"<p>Produits r\u00e9tro-r\u00e9fl\u00e9chissants infrarouges (IR) : rouleaux, bandes, patchs, insignes\u2026 Nous contacter pour toute demande de prix Rouleau infrarouge (IR) 45 m Patch carr\u00e9 infrarouge Drapeaux et insignes infrarouges IFF Brassard avec bande infrarouge Patchs IR Indicatifs d\u2019Appel R\u00e9versibles Patchs IR Groupe Sanguin Marqueur IR pour V\u00e9hicules Cyalume propose des produits r\u00e9fl\u00e9chissants comme les drapeaux, carr\u00e9s, [&hellip;]<\/p>\n","protected":false},"author":2,"featured_media":4037,"parent":2392,"menu_order":0,"comment_status":"closed","ping_status":"closed","template":"","meta":{"footnotes":""},"class_list":["post-4022","page","type-page","status-publish","has-post-thumbnail","hentry"],"aioseo_notices":[],"_links":{"self":[{"href":"https:\/\/www.cyalume.eu\/it\/wp-json\/wp\/v2\/pages\/4022","targetHints":{"allow":["GET"]}}],"collection":[{"href":"https:\/\/www.cyalume.eu\/it\/wp-json\/wp\/v2\/pages"}],"about":[{"href":"https:\/\/www.cyalume.eu\/it\/wp-json\/wp\/v2\/types\/page"}],"author":[{"embeddable":true,"href":"https:\/\/www.cyalume.eu\/it\/wp-json\/wp\/v2\/users\/2"}],"replies":[{"embeddable":true,"href":"https:\/\/www.cyalume.eu\/it\/wp-json\/wp\/v2\/comments?post=4022"}],"version-history":[{"count":27,"href":"https:\/\/www.cyalume.eu\/it\/wp-json\/wp\/v2\/pages\/4022\/revisions"}],"predecessor-version":[{"id":31320,"href":"https:\/\/www.cyalume.eu\/it\/wp-json\/wp\/v2\/pages\/4022\/revisions\/31320"}],"up":[{"embeddable":true,"href":"https:\/\/www.cyalume.eu\/it\/wp-json\/wp\/v2\/pages\/2392"}],"wp:featuredmedia":[{"embeddable":true,"href":"https:\/\/www.cyalume.eu\/it\/wp-json\/wp\/v2\/media\/4037"}],"wp:attachment":[{"href":"https:\/\/www.cyalume.eu\/it\/wp-json\/wp\/v2\/media?parent=4022"}],"curies":[{"name":"wp","href":"https:\/\/api.w.org\/{rel}","templated":true}]}}