{"id":3771,"date":"2019-03-05T14:47:45","date_gmt":"2019-03-05T13:47:45","guid":{"rendered":"https:\/\/www.cyalume.eu\/?page_id=3771"},"modified":"2023-09-13T17:04:16","modified_gmt":"2023-09-13T15:04:16","slug":"diventare-un-rivenditore","status":"publish","type":"page","link":"https:\/\/www.cyalume.eu\/it\/tecnologie-cyalume\/diventare-un-rivenditore\/","title":{"rendered":"Diventare rivenditore"},"content":{"rendered":"\t\t<div data-elementor-type=\"wp-page\" data-elementor-id=\"3771\" class=\"elementor elementor-3771\" data-elementor-post-type=\"page\">\n\t\t\t\t\t\t<section class=\"elementor-section elementor-top-section elementor-element elementor-element-4d4d426 elementor-section-boxed elementor-section-height-default elementor-section-height-default\" data-id=\"4d4d426\" data-element_type=\"section\" data-e-type=\"section\" data-settings=\"{&quot;background_background&quot;:&quot;classic&quot;}\">\n\t\t\t\t\t\t<div class=\"elementor-container elementor-column-gap-default\">\n\t\t\t\t\t<div class=\"elementor-column elementor-col-100 elementor-top-column elementor-element elementor-element-95dcba2\" data-id=\"95dcba2\" data-element_type=\"column\" data-e-type=\"column\">\n\t\t\t<div class=\"elementor-widget-wrap elementor-element-populated\">\n\t\t\t\t\t\t<div class=\"elementor-element elementor-element-aaf916e elementor-widget elementor-widget-heading\" data-id=\"aaf916e\" data-element_type=\"widget\" data-e-type=\"widget\" data-widget_type=\"heading.default\">\n\t\t\t\t<div class=\"elementor-widget-container\">\n\t\t\t\t\t<h1 class=\"elementor-heading-title elementor-size-default\">Devenir revendeur<\/h1>\t\t\t\t<\/div>\n\t\t\t\t<\/div>\n\t\t\t\t<div class=\"elementor-element elementor-element-e2e8f3b elementor-widget elementor-widget-shortcode\" data-id=\"e2e8f3b\" data-element_type=\"widget\" data-e-type=\"widget\" data-widget_type=\"shortcode.default\">\n\t\t\t\t<div class=\"elementor-widget-container\">\n\t\t\t\t\t\t\t<div class=\"elementor-shortcode\"><nav aria-label=\"breadcrumbs\">\n            <div class=\"breadcrumb-container theme1\">\n                <ol>\n                                    <\/ol>\n            <\/div>\n        <\/nav>    <script type=\"application\/ld+json\">\n        {\n            \"@context\": \"http:\/\/schema.org\",\n            \"@type\": \"BreadcrumbList\",\n            \"itemListElement\": [\n                            ]\n        }\n    <\/script>\n   \n    <script>\n            <\/script>\n<\/div>\n\t\t\t\t\t\t<\/div>\n\t\t\t\t<\/div>\n\t\t\t\t\t<\/div>\n\t\t<\/div>\n\t\t\t\t\t<\/div>\n\t\t<\/section>\n\t\t\t\t<section class=\"elementor-section elementor-top-section elementor-element elementor-element-55a8b25 elementor-section-full_width elementor-section-height-default elementor-section-height-default\" data-id=\"55a8b25\" data-element_type=\"section\" data-e-type=\"section\" data-settings=\"{&quot;background_background&quot;:&quot;classic&quot;}\">\n\t\t\t\t\t\t<div class=\"elementor-container elementor-column-gap-default\">\n\t\t\t\t\t<div class=\"elementor-column elementor-col-100 elementor-top-column elementor-element elementor-element-36c5807\" data-id=\"36c5807\" data-element_type=\"column\" data-e-type=\"column\">\n\t\t\t<div class=\"elementor-widget-wrap elementor-element-populated\">\n\t\t\t\t\t\t<div class=\"elementor-element elementor-element-72a2b62 elementor-widget elementor-widget-heading\" data-id=\"72a2b62\" data-element_type=\"widget\" data-e-type=\"widget\" data-widget_type=\"heading.default\">\n\t\t\t\t<div class=\"elementor-widget-container\">\n\t\t\t\t\t<h2 class=\"elementor-heading-title elementor-size-default\">Vous souhaitez revendre des b\u00e2tons Cyalume? Contactez-nous<\/h2>\t\t\t\t<\/div>\n\t\t\t\t<\/div>\n\t\t\t\t\t<\/div>\n\t\t<\/div>\n\t\t\t\t\t<\/div>\n\t\t<\/section>\n\t\t\t\t<section class=\"elementor-section elementor-top-section elementor-element elementor-element-e0312be elementor-section-full_width elementor-section-height-default elementor-section-height-default\" data-id=\"e0312be\" data-element_type=\"section\" data-e-type=\"section\">\n\t\t\t\t\t\t<div class=\"elementor-container elementor-column-gap-custom\">\n\t\t\t\t\t<div class=\"elementor-column elementor-col-50 elementor-top-column elementor-element elementor-element-3d53c37\" data-id=\"3d53c37\" data-element_type=\"column\" data-e-type=\"column\" data-settings=\"{&quot;background_background&quot;:&quot;classic&quot;}\">\n\t\t\t<div class=\"elementor-widget-wrap\">\n\t\t\t\t\t\t\t<\/div>\n\t\t<\/div>\n\t\t\t\t<div class=\"elementor-column elementor-col-50 elementor-top-column elementor-element elementor-element-da484a0\" data-id=\"da484a0\" data-element_type=\"column\" data-e-type=\"column\">\n\t\t\t<div class=\"elementor-widget-wrap elementor-element-populated\">\n\t\t\t\t\t\t<div class=\"elementor-element elementor-element-b3ecd8a elementor-widget elementor-widget-text-editor\" data-id=\"b3ecd8a\" data-element_type=\"widget\" data-e-type=\"widget\" data-widget_type=\"text-editor.default\">\n\t\t\t\t<div class=\"elementor-widget-container\">\n\t\t\t\t\t\t\t\t\t<div class=\"wpb_text_column wpb_content_element \"><div class=\"wpb_wrapper\"><h3>Le b\u00e2ton Cyalume, de l\u2019\u00e9clairage tactique \u00e0 la lumi\u00e8re de s\u00e9curit\u00e9<\/h3><p>La soci\u00e9t\u00e9 Cyalume s\u2019est construite \u00e0 travers le d\u00e9veloppement d\u2019un r\u00e9seau de distributeurs et revendeurs tous experts dans leur secteur d\u2019activit\u00e9 et leur zone g\u00e9ographique.<br \/>Que vous soyez sp\u00e9cialiste de l\u2019\u00e9quipement tactique pour les militaires, la police, les pompiers ou encore distributeur d\u2019\u00e9quipement de protection individuelle (EPI), \u00e9quipements d\u2019urgence et de s\u00e9curit\u00e9, sp\u00e9cialiste de la gestion des risques\u2026<br \/>Que vous vous adressiez \u00e0 une client\u00e8le de particuliers ou de professionnels\u2026<br \/><strong>\u2026le b\u00e2ton lumineux Cyalume est l\u2019\u00e9quipement id\u00e9al pour compl\u00e9ter votre offre et proposer une lumi\u00e8re tactique ou\u00a0 un \u00e9clairage de s\u00e9curit\u00e9 s\u00fbr, fiable \u00e0 100%.<\/strong><\/p><p>D\u2019un faible co\u00fbt unitaire, le b\u00e2ton Cyalume peut sauver des vies, contribuer \u00e0 maintenir la s\u00e9curit\u00e9 des hommes et a l\u2019avantage de pouvoir de fonctionner \u00e0 coup s\u00fbr d\u00e8s lors qu\u2019il est conserv\u00e9 dans son emballage d\u2019origine (5 ans de dur\u00e9e de vie pour les 15cm)!<\/p><\/div><\/div>\t\t\t\t\t\t\t\t<\/div>\n\t\t\t\t<\/div>\n\t\t\t\t<div class=\"elementor-element elementor-element-b4094de elementor-widget elementor-widget-text-editor\" data-id=\"b4094de\" data-element_type=\"widget\" data-e-type=\"widget\" data-widget_type=\"text-editor.default\">\n\t\t\t\t<div class=\"elementor-widget-container\">\n\t\t\t\t\t\t\t\t\t<h3>Envie d\u2019en savoir plus et de rejoindre notre r\u00e9seau de revendeurs?<\/h3>\t\t\t\t\t\t\t\t<\/div>\n\t\t\t\t<\/div>\n\t\t\t\t<div class=\"elementor-element elementor-element-bf08954 elementor-align-center elementor-widget elementor-widget-button\" data-id=\"bf08954\" data-element_type=\"widget\" data-e-type=\"widget\" data-widget_type=\"button.default\">\n\t\t\t\t<div class=\"elementor-widget-container\">\n\t\t\t\t\t\t\t\t\t<div class=\"elementor-button-wrapper\">\n\t\t\t\t\t<a class=\"elementor-button elementor-button-link elementor-size-sm\" href=\"https:\/\/www.cyalume.eu\/cyalume-technologies\/contact-ou-nous-trouver\/\" target=\"_blank\">\n\t\t\t\t\t\t<span class=\"elementor-button-content-wrapper\">\n\t\t\t\t\t\t\t\t\t<span class=\"elementor-button-text\">Contactez-nous !<\/span>\n\t\t\t\t\t<\/span>\n\t\t\t\t\t<\/a>\n\t\t\t\t<\/div>\n\t\t\t\t\t\t\t\t<\/div>\n\t\t\t\t<\/div>\n\t\t\t\t\t<\/div>\n\t\t<\/div>\n\t\t\t\t\t<\/div>\n\t\t<\/section>\n\t\t\t\t<\/div>\n\t\t","protected":false},"excerpt":{"rendered":"<p>Vous souhaitez revendre des b\u00e2tons Cyalume? Contactez-nous Le b\u00e2ton Cyalume, de l\u2019\u00e9clairage tactique \u00e0 la lumi\u00e8re de s\u00e9curit\u00e9 La soci\u00e9t\u00e9 Cyalume s\u2019est construite \u00e0 travers le d\u00e9veloppement d\u2019un r\u00e9seau de distributeurs et revendeurs tous experts dans leur secteur d\u2019activit\u00e9 et leur zone g\u00e9ographique.Que vous soyez sp\u00e9cialiste de l\u2019\u00e9quipement tactique pour les militaires, la police, les [&hellip;]<\/p>\n","protected":false},"author":2,"featured_media":3780,"parent":2552,"menu_order":0,"comment_status":"closed","ping_status":"closed","template":"","meta":{"footnotes":""},"class_list":["post-3771","page","type-page","status-publish","has-post-thumbnail","hentry"],"aioseo_notices":[],"_links":{"self":[{"href":"https:\/\/www.cyalume.eu\/it\/wp-json\/wp\/v2\/pages\/3771","targetHints":{"allow":["GET"]}}],"collection":[{"href":"https:\/\/www.cyalume.eu\/it\/wp-json\/wp\/v2\/pages"}],"about":[{"href":"https:\/\/www.cyalume.eu\/it\/wp-json\/wp\/v2\/types\/page"}],"author":[{"embeddable":true,"href":"https:\/\/www.cyalume.eu\/it\/wp-json\/wp\/v2\/users\/2"}],"replies":[{"embeddable":true,"href":"https:\/\/www.cyalume.eu\/it\/wp-json\/wp\/v2\/comments?post=3771"}],"version-history":[{"count":23,"href":"https:\/\/www.cyalume.eu\/it\/wp-json\/wp\/v2\/pages\/3771\/revisions"}],"predecessor-version":[{"id":31356,"href":"https:\/\/www.cyalume.eu\/it\/wp-json\/wp\/v2\/pages\/3771\/revisions\/31356"}],"up":[{"embeddable":true,"href":"https:\/\/www.cyalume.eu\/it\/wp-json\/wp\/v2\/pages\/2552"}],"wp:featuredmedia":[{"embeddable":true,"href":"https:\/\/www.cyalume.eu\/it\/wp-json\/wp\/v2\/media\/3780"}],"wp:attachment":[{"href":"https:\/\/www.cyalume.eu\/it\/wp-json\/wp\/v2\/media?parent=3771"}],"curies":[{"name":"wp","href":"https:\/\/api.w.org\/{rel}","templated":true}]}}