{"id":3731,"date":"2019-03-05T11:33:00","date_gmt":"2019-03-05T10:33:00","guid":{"rendered":"https:\/\/www.cyalume.eu\/?page_id=3731"},"modified":"2025-06-27T15:55:36","modified_gmt":"2025-06-27T13:55:36","slug":"posizione","status":"publish","type":"page","link":"https:\/\/www.cyalume.eu\/it\/tecnologie-cyalume\/posizione\/","title":{"rendered":"Posizione"},"content":{"rendered":"\t\t<div data-elementor-type=\"wp-page\" data-elementor-id=\"3731\" class=\"elementor elementor-3731\" data-elementor-post-type=\"page\">\n\t\t\t\t\t\t<section class=\"elementor-section elementor-top-section elementor-element elementor-element-7af03a00 elementor-section-boxed elementor-section-height-default elementor-section-height-default\" data-id=\"7af03a00\" data-element_type=\"section\" data-e-type=\"section\" data-settings=\"{&quot;background_background&quot;:&quot;classic&quot;}\">\n\t\t\t\t\t\t<div class=\"elementor-container elementor-column-gap-default\">\n\t\t\t\t\t<div class=\"elementor-column elementor-col-100 elementor-top-column elementor-element elementor-element-3e751f21\" data-id=\"3e751f21\" data-element_type=\"column\" data-e-type=\"column\">\n\t\t\t<div class=\"elementor-widget-wrap elementor-element-populated\">\n\t\t\t\t\t\t<div class=\"elementor-element elementor-element-2a6ed28c elementor-widget elementor-widget-heading\" data-id=\"2a6ed28c\" data-element_type=\"widget\" data-e-type=\"widget\" data-widget_type=\"heading.default\">\n\t\t\t\t<div class=\"elementor-widget-container\">\n\t\t\t\t\t<h1 class=\"elementor-heading-title elementor-size-default\">Implantation<\/h1>\t\t\t\t<\/div>\n\t\t\t\t<\/div>\n\t\t\t\t<div class=\"elementor-element elementor-element-4cb58897 elementor-widget elementor-widget-shortcode\" data-id=\"4cb58897\" data-element_type=\"widget\" data-e-type=\"widget\" data-widget_type=\"shortcode.default\">\n\t\t\t\t<div class=\"elementor-widget-container\">\n\t\t\t\t\t\t\t<div class=\"elementor-shortcode\"><nav aria-label=\"breadcrumbs\">\n            <div class=\"breadcrumb-container theme1\">\n                <ol>\n                                    <\/ol>\n            <\/div>\n        <\/nav>    <script type=\"application\/ld+json\">\n        {\n            \"@context\": \"http:\/\/schema.org\",\n            \"@type\": \"BreadcrumbList\",\n            \"itemListElement\": [\n                            ]\n        }\n    <\/script>\n   \n    <script>\n            <\/script>\n<\/div>\n\t\t\t\t\t\t<\/div>\n\t\t\t\t<\/div>\n\t\t\t\t\t<\/div>\n\t\t<\/div>\n\t\t\t\t\t<\/div>\n\t\t<\/section>\n\t\t\t\t<section class=\"elementor-section elementor-top-section elementor-element elementor-element-47ec58f6 elementor-section-full_width elementor-section-height-default elementor-section-height-default\" data-id=\"47ec58f6\" data-element_type=\"section\" data-e-type=\"section\" data-settings=\"{&quot;background_background&quot;:&quot;classic&quot;}\">\n\t\t\t\t\t\t<div class=\"elementor-container elementor-column-gap-default\">\n\t\t\t\t\t<div class=\"elementor-column elementor-col-100 elementor-top-column elementor-element elementor-element-27a7e92c\" data-id=\"27a7e92c\" data-element_type=\"column\" data-e-type=\"column\">\n\t\t\t<div class=\"elementor-widget-wrap elementor-element-populated\">\n\t\t\t\t\t\t<div class=\"elementor-element elementor-element-478c93e0 elementor-widget elementor-widget-heading\" data-id=\"478c93e0\" data-element_type=\"widget\" data-e-type=\"widget\" data-widget_type=\"heading.default\">\n\t\t\t\t<div class=\"elementor-widget-container\">\n\t\t\t\t\t<h2 class=\"elementor-heading-title elementor-size-default\">Une pr\u00e9sence en Europe avec une unit\u00e9 de fabrication en France<\/h2>\t\t\t\t<\/div>\n\t\t\t\t<\/div>\n\t\t\t\t\t<\/div>\n\t\t<\/div>\n\t\t\t\t\t<\/div>\n\t\t<\/section>\n\t\t\t\t<section class=\"elementor-section elementor-top-section elementor-element elementor-element-529064c elementor-section-boxed elementor-section-height-default elementor-section-height-default\" data-id=\"529064c\" data-element_type=\"section\" data-e-type=\"section\">\n\t\t\t\t\t\t<div class=\"elementor-container elementor-column-gap-default\">\n\t\t\t\t\t<div class=\"elementor-column elementor-col-100 elementor-top-column elementor-element elementor-element-36df403\" data-id=\"36df403\" data-element_type=\"column\" data-e-type=\"column\">\n\t\t\t<div class=\"elementor-widget-wrap elementor-element-populated\">\n\t\t\t\t\t\t<div class=\"elementor-element elementor-element-b8855ad elementor-widget elementor-widget-text-editor\" data-id=\"b8855ad\" data-element_type=\"widget\" data-e-type=\"widget\" data-widget_type=\"text-editor.default\">\n\t\t\t\t<div class=\"elementor-widget-container\">\n\t\t\t\t\t\t\t\t\t<h2 style=\"text-align: center;\">Cyalume est pr\u00e9sent sur le plan international \u00e0 travers un important r\u00e9seau de distributeurs<\/h2><p>Le groupe Cyalume Technologies produit et distribue des b\u00e2tons lumineux visibles et infrarouges sur le plan international.<br \/>Les produits Cyalume permettent d\u2019obtenir une lumi\u00e8re autonome de fa\u00e7on instantann\u00e9e, sans aucun besoin de maintenance. Ils ont \u00e9t\u00e9 mis au point en \u00e9troite collaboration avec l\u2019Arm\u00e9e Am\u00e9ricaine et sont entre autres utilis\u00e9s par les forces arm\u00e9es de l\u2019OTAN.<\/p><h2 style=\"text-align: center;\">Cyalume Technologies a r\u00e9parti sa couverture commerciale en 2 zones principales<\/h2>\t\t\t\t\t\t\t\t<\/div>\n\t\t\t\t<\/div>\n\t\t\t\t<section class=\"elementor-section elementor-inner-section elementor-element elementor-element-5392b58 elementor-section-boxed elementor-section-height-default elementor-section-height-default\" data-id=\"5392b58\" data-element_type=\"section\" data-e-type=\"section\">\n\t\t\t\t\t\t<div class=\"elementor-container elementor-column-gap-default\">\n\t\t\t\t\t<div class=\"elementor-column elementor-col-50 elementor-inner-column elementor-element elementor-element-9d74a25\" data-id=\"9d74a25\" data-element_type=\"column\" data-e-type=\"column\">\n\t\t\t<div class=\"elementor-widget-wrap elementor-element-populated\">\n\t\t\t\t\t\t<div class=\"elementor-element elementor-element-b67d0af elementor-widget elementor-widget-text-editor\" data-id=\"b67d0af\" data-element_type=\"widget\" data-e-type=\"widget\" data-widget_type=\"text-editor.default\">\n\t\t\t\t<div class=\"elementor-widget-container\">\n\t\t\t\t\t\t\t\t\t<p>Cyalume Technologies INC., bas\u00e9 au Massachusetts aux \u00c9tats-Unis, est en charge des zones Am\u00e9rique, Asie-Pacifique.<\/p>\t\t\t\t\t\t\t\t<\/div>\n\t\t\t\t<\/div>\n\t\t\t\t\t<\/div>\n\t\t<\/div>\n\t\t\t\t<div class=\"elementor-column elementor-col-50 elementor-inner-column elementor-element elementor-element-1e3dc1a\" data-id=\"1e3dc1a\" data-element_type=\"column\" data-e-type=\"column\">\n\t\t\t<div class=\"elementor-widget-wrap elementor-element-populated\">\n\t\t\t\t\t\t<div class=\"elementor-element elementor-element-a911690 elementor-widget elementor-widget-text-editor\" data-id=\"a911690\" data-element_type=\"widget\" data-e-type=\"widget\" data-widget_type=\"text-editor.default\">\n\t\t\t\t<div class=\"elementor-widget-container\">\n\t\t\t\t\t\t\t\t\tCyalume Technologies SAS, bas\u00e9 \u00e0 Aix-en-Provence pr\u00e8s de Marseille en France, fait partie du groupe Cyalume et est en charge de la zone EMEA (Europe, Moyen-Orient et Afrique).\t\t\t\t\t\t\t\t<\/div>\n\t\t\t\t<\/div>\n\t\t\t\t\t<\/div>\n\t\t<\/div>\n\t\t\t\t\t<\/div>\n\t\t<\/section>\n\t\t\t\t<div class=\"elementor-element elementor-element-fb85deb elementor-widget elementor-widget-image\" data-id=\"fb85deb\" data-element_type=\"widget\" data-e-type=\"widget\" data-widget_type=\"image.default\">\n\t\t\t\t<div class=\"elementor-widget-container\">\n\t\t\t\t\t\t\t\t\t\t\t\t\t\t\t<img fetchpriority=\"high\" decoding=\"async\" width=\"1200\" height=\"367\" src=\"https:\/\/www.cyalume.eu\/wp-content\/uploads\/2019\/03\/implantation-internationale-cyalume-reseau-distributeurs-fr.jpg\" class=\"attachment-1536x1536 size-1536x1536 wp-image-3735\" alt=\"implantation internationale cyalume reseau distributeurs\" srcset=\"https:\/\/www.cyalume.eu\/wp-content\/uploads\/2019\/03\/implantation-internationale-cyalume-reseau-distributeurs-fr.jpg 1200w, https:\/\/www.cyalume.eu\/wp-content\/uploads\/2019\/03\/implantation-internationale-cyalume-reseau-distributeurs-fr-300x92.jpg 300w, https:\/\/www.cyalume.eu\/wp-content\/uploads\/2019\/03\/implantation-internationale-cyalume-reseau-distributeurs-fr-768x235.jpg 768w, https:\/\/www.cyalume.eu\/wp-content\/uploads\/2019\/03\/implantation-internationale-cyalume-reseau-distributeurs-fr-1024x313.jpg 1024w, https:\/\/www.cyalume.eu\/wp-content\/uploads\/2019\/03\/implantation-internationale-cyalume-reseau-distributeurs-fr-260x80.jpg 260w, https:\/\/www.cyalume.eu\/wp-content\/uploads\/2019\/03\/implantation-internationale-cyalume-reseau-distributeurs-fr-50x15.jpg 50w, https:\/\/www.cyalume.eu\/wp-content\/uploads\/2019\/03\/implantation-internationale-cyalume-reseau-distributeurs-fr-150x46.jpg 150w\" sizes=\"(max-width: 1200px) 100vw, 1200px\" \/>\t\t\t\t\t\t\t\t\t\t\t\t\t\t\t<\/div>\n\t\t\t\t<\/div>\n\t\t\t\t\t<\/div>\n\t\t<\/div>\n\t\t\t\t\t<\/div>\n\t\t<\/section>\n\t\t\t\t<section class=\"elementor-section elementor-top-section elementor-element elementor-element-86e71db elementor-section-boxed elementor-section-height-default elementor-section-height-default\" data-id=\"86e71db\" data-element_type=\"section\" data-e-type=\"section\">\n\t\t\t\t\t\t<div class=\"elementor-container elementor-column-gap-default\">\n\t\t\t\t\t<div class=\"elementor-column elementor-col-100 elementor-top-column elementor-element elementor-element-3dcd40d\" data-id=\"3dcd40d\" data-element_type=\"column\" data-e-type=\"column\">\n\t\t\t<div class=\"elementor-widget-wrap elementor-element-populated\">\n\t\t\t\t\t\t<div class=\"elementor-element elementor-element-c66f7b5 elementor-widget elementor-widget-text-editor\" data-id=\"c66f7b5\" data-element_type=\"widget\" data-e-type=\"widget\" data-widget_type=\"text-editor.default\">\n\t\t\t\t<div class=\"elementor-widget-container\">\n\t\t\t\t\t\t\t\t\t<div class=\"vc_row wpb_row vc_row-fluid\"><div class=\"wpb_column vc_column_container vc_col-sm-12\"><div class=\"vc_column-inner\"><div class=\"wpb_wrapper\"><div class=\"wpb_text_column wpb_content_element \"><div class=\"wpb_wrapper\"><h2 style=\"text-align: center;\">Devenir distributeur Cyalume<\/h2><p>Nous travaillons principalement avec un r\u00e9seau de revendeurs et distributeurs, chacun sp\u00e9cialis\u00e9 sur un march\u00e9 donn\u00e9 et un zone g\u00e9ographique donn\u00e9e.<br \/>Nous sommes constamment \u00e0 la recherche de nouvelles soci\u00e9t\u00e9s int\u00e9ress\u00e9es par la distribution de nos produits (b\u00e2tons lumineux et produits r\u00e9tro-r\u00e9fl\u00e9chissants et photoluminescents) aussi bien dans le domaine militaire que dans d\u2019autres secteurs civils.<br \/>L\u2019ajout de la gamme de b\u00e2tons Cyalume peut venir enrichir et compl\u00e9ter une gamme de produits existante.<\/p><\/div><\/div><\/div><\/div><\/div><\/div><div class=\"vc_row wpb_row vc_row-fluid\"><div class=\"wpb_column vc_column_container vc_col-sm-12\"><div class=\"vc_column-inner\"><div class=\"wpb_wrapper\"><div class=\"wpb_text_column wpb_content_element \"><div class=\"wpb_wrapper\"><p>N\u2019h\u00e9sitez pas \u00e0 nous contacter pour plus d\u2019informations<\/p><\/div><\/div><\/div><\/div><\/div><\/div>\t\t\t\t\t\t\t\t<\/div>\n\t\t\t\t<\/div>\n\t\t\t\t<div class=\"elementor-element elementor-element-88b9947 elementor-align-center elementor-widget elementor-widget-button\" data-id=\"88b9947\" data-element_type=\"widget\" data-e-type=\"widget\" data-widget_type=\"button.default\">\n\t\t\t\t<div class=\"elementor-widget-container\">\n\t\t\t\t\t\t\t\t\t<div class=\"elementor-button-wrapper\">\n\t\t\t\t\t<a class=\"elementor-button elementor-button-link elementor-size-sm\" href=\"https:\/\/www.cyalume.eu\/cyalume-technologies\/contact-ou-nous-trouver\/\" target=\"_blank\">\n\t\t\t\t\t\t<span class=\"elementor-button-content-wrapper\">\n\t\t\t\t\t\t\t\t\t<span class=\"elementor-button-text\">Contactez-nous<\/span>\n\t\t\t\t\t<\/span>\n\t\t\t\t\t<\/a>\n\t\t\t\t<\/div>\n\t\t\t\t\t\t\t\t<\/div>\n\t\t\t\t<\/div>\n\t\t\t\t\t<\/div>\n\t\t<\/div>\n\t\t\t\t\t<\/div>\n\t\t<\/section>\n\t\t\t\t<\/div>\n\t\t","protected":false},"excerpt":{"rendered":"<p>Une pr\u00e9sence en Europe avec une unit\u00e9 de fabrication en France Cyalume est pr\u00e9sent sur le plan international \u00e0 travers un important r\u00e9seau de distributeurs Le groupe Cyalume Technologies produit et distribue des b\u00e2tons lumineux visibles et infrarouges sur le plan international.Les produits Cyalume permettent d\u2019obtenir une lumi\u00e8re autonome de fa\u00e7on instantann\u00e9e, sans aucun besoin [&hellip;]<\/p>\n","protected":false},"author":2,"featured_media":3749,"parent":2552,"menu_order":0,"comment_status":"closed","ping_status":"closed","template":"","meta":{"footnotes":""},"class_list":["post-3731","page","type-page","status-publish","has-post-thumbnail","hentry"],"aioseo_notices":[],"_links":{"self":[{"href":"https:\/\/www.cyalume.eu\/it\/wp-json\/wp\/v2\/pages\/3731","targetHints":{"allow":["GET"]}}],"collection":[{"href":"https:\/\/www.cyalume.eu\/it\/wp-json\/wp\/v2\/pages"}],"about":[{"href":"https:\/\/www.cyalume.eu\/it\/wp-json\/wp\/v2\/types\/page"}],"author":[{"embeddable":true,"href":"https:\/\/www.cyalume.eu\/it\/wp-json\/wp\/v2\/users\/2"}],"replies":[{"embeddable":true,"href":"https:\/\/www.cyalume.eu\/it\/wp-json\/wp\/v2\/comments?post=3731"}],"version-history":[{"count":44,"href":"https:\/\/www.cyalume.eu\/it\/wp-json\/wp\/v2\/pages\/3731\/revisions"}],"predecessor-version":[{"id":31355,"href":"https:\/\/www.cyalume.eu\/it\/wp-json\/wp\/v2\/pages\/3731\/revisions\/31355"}],"up":[{"embeddable":true,"href":"https:\/\/www.cyalume.eu\/it\/wp-json\/wp\/v2\/pages\/2552"}],"wp:featuredmedia":[{"embeddable":true,"href":"https:\/\/www.cyalume.eu\/it\/wp-json\/wp\/v2\/media\/3749"}],"wp:attachment":[{"href":"https:\/\/www.cyalume.eu\/it\/wp-json\/wp\/v2\/media?parent=3731"}],"curies":[{"name":"wp","href":"https:\/\/api.w.org\/{rel}","templated":true}]}}