{"id":3017,"date":"2018-09-27T17:50:13","date_gmt":"2018-09-27T15:50:13","guid":{"rendered":"https:\/\/www.cyalume.eu\/?page_id=3017"},"modified":"2025-06-30T11:57:10","modified_gmt":"2025-06-30T09:57:10","slug":"evacuazione-di-persone-evacuazione-di-emergenza-evasan","status":"publish","type":"page","link":"https:\/\/www.cyalume.eu\/it\/illuminazione-tattica-militare-ordine-pubblico-polizia-marcatura-identificazione-forze-dellordine-visibile-e-ir-bastoni-incandescenti-con-nno-otan\/evacuazione-di-persone-evacuazione-di-emergenza-evasan\/","title":{"rendered":"Evacuazione di persone"},"content":{"rendered":"\t\t<div data-elementor-type=\"wp-page\" data-elementor-id=\"3017\" class=\"elementor elementor-3017\" data-elementor-post-type=\"page\">\n\t\t\t\t\t\t<section class=\"elementor-section elementor-top-section elementor-element elementor-element-1e384b0 elementor-section-boxed elementor-section-height-default elementor-section-height-default\" data-id=\"1e384b0\" data-element_type=\"section\" data-e-type=\"section\" data-settings=\"{&quot;background_background&quot;:&quot;classic&quot;}\">\n\t\t\t\t\t\t<div class=\"elementor-container elementor-column-gap-default\">\n\t\t\t\t\t<div class=\"elementor-column elementor-col-100 elementor-top-column elementor-element elementor-element-3a1084e9\" data-id=\"3a1084e9\" data-element_type=\"column\" data-e-type=\"column\">\n\t\t\t<div class=\"elementor-widget-wrap elementor-element-populated\">\n\t\t\t\t\t\t<div class=\"elementor-element elementor-element-435fc77c elementor-widget elementor-widget-heading\" data-id=\"435fc77c\" data-element_type=\"widget\" data-e-type=\"widget\" data-widget_type=\"heading.default\">\n\t\t\t\t<div class=\"elementor-widget-container\">\n\t\t\t\t\t<h1 class=\"elementor-heading-title elementor-size-default\">\u00c9vacuation de personnes<\/h1>\t\t\t\t<\/div>\n\t\t\t\t<\/div>\n\t\t\t\t<div class=\"elementor-element elementor-element-3a32138e elementor-widget elementor-widget-shortcode\" data-id=\"3a32138e\" data-element_type=\"widget\" data-e-type=\"widget\" data-widget_type=\"shortcode.default\">\n\t\t\t\t<div class=\"elementor-widget-container\">\n\t\t\t\t\t\t\t<div class=\"elementor-shortcode\"><nav aria-label=\"breadcrumbs\">\n            <div class=\"breadcrumb-container theme1\">\n                <ol>\n                                    <\/ol>\n            <\/div>\n        <\/nav>    <script type=\"application\/ld+json\">\n        {\n            \"@context\": \"http:\/\/schema.org\",\n            \"@type\": \"BreadcrumbList\",\n            \"itemListElement\": [\n                            ]\n        }\n    <\/script>\n   \n    <script>\n            <\/script>\n<\/div>\n\t\t\t\t\t\t<\/div>\n\t\t\t\t<\/div>\n\t\t\t\t\t<\/div>\n\t\t<\/div>\n\t\t\t\t\t<\/div>\n\t\t<\/section>\n\t\t\t\t<section class=\"elementor-section elementor-top-section elementor-element elementor-element-1739460b elementor-section-full_width elementor-section-height-default elementor-section-height-default\" data-id=\"1739460b\" data-element_type=\"section\" data-e-type=\"section\" data-settings=\"{&quot;background_background&quot;:&quot;classic&quot;}\">\n\t\t\t\t\t\t<div class=\"elementor-container elementor-column-gap-default\">\n\t\t\t\t\t<div class=\"elementor-column elementor-col-100 elementor-top-column elementor-element elementor-element-39153bfc\" data-id=\"39153bfc\" data-element_type=\"column\" data-e-type=\"column\">\n\t\t\t<div class=\"elementor-widget-wrap elementor-element-populated\">\n\t\t\t\t\t\t<div class=\"elementor-element elementor-element-3cd52a4e elementor-widget elementor-widget-heading\" data-id=\"3cd52a4e\" data-element_type=\"widget\" data-e-type=\"widget\" data-widget_type=\"heading.default\">\n\t\t\t\t<div class=\"elementor-widget-container\">\n\t\t\t\t\t<h2 class=\"elementor-heading-title elementor-size-default\">Marquer et identifier pour \u00e9vacuer en toute s\u00e9r\u00e9nit\u00e9<\/h2>\t\t\t\t<\/div>\n\t\t\t\t<\/div>\n\t\t\t\t\t<\/div>\n\t\t<\/div>\n\t\t\t\t\t<\/div>\n\t\t<\/section>\n\t\t\t\t<section class=\"elementor-section elementor-top-section elementor-element elementor-element-71c17c04 elementor-section-full_width elementor-section-height-default elementor-section-height-default\" data-id=\"71c17c04\" data-element_type=\"section\" data-e-type=\"section\">\n\t\t\t\t\t\t<div class=\"elementor-container elementor-column-gap-default\">\n\t\t\t\t\t<div class=\"elementor-column elementor-col-50 elementor-top-column elementor-element elementor-element-2d0e0150\" data-id=\"2d0e0150\" data-element_type=\"column\" data-e-type=\"column\" data-settings=\"{&quot;background_background&quot;:&quot;gradient&quot;}\">\n\t\t\t<div class=\"elementor-widget-wrap elementor-element-populated\">\n\t\t\t\t\t\t<div class=\"elementor-element elementor-element-6f5e599 elementor-widget elementor-widget-heading\" data-id=\"6f5e599\" data-element_type=\"widget\" data-e-type=\"widget\" data-widget_type=\"heading.default\">\n\t\t\t\t<div class=\"elementor-widget-container\">\n\t\t\t\t\t<h2 class=\"elementor-heading-title elementor-size-default\">Pour identifier et localiser lors <strong style=\"color:#9cff1b\">d'op\u00e9rations d'\u00e9vacuation d'urgence<\/strong><\/h2>\t\t\t\t<\/div>\n\t\t\t\t<\/div>\n\t\t\t\t<div class=\"elementor-element elementor-element-16ec781d elementor-widget elementor-widget-image\" data-id=\"16ec781d\" data-element_type=\"widget\" data-e-type=\"widget\" data-widget_type=\"image.default\">\n\t\t\t\t<div class=\"elementor-widget-container\">\n\t\t\t\t\t\t\t\t\t\t\t\t\t\t\t<img fetchpriority=\"high\" decoding=\"async\" width=\"700\" height=\"500\" src=\"https:\/\/www.cyalume.eu\/wp-content\/uploads\/2018\/09\/signal-urgence-sos-cyalume-vert.jpg\" class=\"attachment-large size-large wp-image-2966\" alt=\"Signal d&#039;urgence pour marquer sa localisation avec SOS vert Cyalume\" srcset=\"https:\/\/www.cyalume.eu\/wp-content\/uploads\/2018\/09\/signal-urgence-sos-cyalume-vert.jpg 700w, https:\/\/www.cyalume.eu\/wp-content\/uploads\/2018\/09\/signal-urgence-sos-cyalume-vert-300x214.jpg 300w, https:\/\/www.cyalume.eu\/wp-content\/uploads\/2018\/09\/signal-urgence-sos-cyalume-vert-204x146.jpg 204w, https:\/\/www.cyalume.eu\/wp-content\/uploads\/2018\/09\/signal-urgence-sos-cyalume-vert-50x36.jpg 50w, https:\/\/www.cyalume.eu\/wp-content\/uploads\/2018\/09\/signal-urgence-sos-cyalume-vert-105x75.jpg 105w\" sizes=\"(max-width: 700px) 100vw, 700px\" \/>\t\t\t\t\t\t\t\t\t\t\t\t\t\t\t<\/div>\n\t\t\t\t<\/div>\n\t\t\t\t<section class=\"elementor-section elementor-inner-section elementor-element elementor-element-4265b48e elementor-section-boxed elementor-section-height-default elementor-section-height-default\" data-id=\"4265b48e\" data-element_type=\"section\" data-e-type=\"section\" data-settings=\"{&quot;background_background&quot;:&quot;classic&quot;}\">\n\t\t\t\t\t\t<div class=\"elementor-container elementor-column-gap-default\">\n\t\t\t\t\t<div class=\"elementor-column elementor-col-100 elementor-inner-column elementor-element elementor-element-7e3613e9\" data-id=\"7e3613e9\" data-element_type=\"column\" data-e-type=\"column\">\n\t\t\t<div class=\"elementor-widget-wrap elementor-element-populated\">\n\t\t\t\t\t\t<div class=\"elementor-element elementor-element-113ef091 no_before no_br elementor-widget elementor-widget-text-editor\" data-id=\"113ef091\" data-element_type=\"widget\" data-e-type=\"widget\" data-widget_type=\"text-editor.default\">\n\t\t\t\t<div class=\"elementor-widget-container\">\n\t\t\t\t\t\t\t\t\tLe b\u00e2ton lumineux SOS signale votre position en cr\u00e9ant un cercle lumineux\t\t\t\t\t\t\t\t<\/div>\n\t\t\t\t<\/div>\n\t\t\t\t\t<\/div>\n\t\t<\/div>\n\t\t\t\t\t<\/div>\n\t\t<\/section>\n\t\t\t\t\t<\/div>\n\t\t<\/div>\n\t\t\t\t<div class=\"elementor-column elementor-col-50 elementor-top-column elementor-element elementor-element-2d120ece\" data-id=\"2d120ece\" data-element_type=\"column\" data-e-type=\"column\">\n\t\t\t<div class=\"elementor-widget-wrap elementor-element-populated\">\n\t\t\t\t\t\t<div class=\"elementor-element elementor-element-47317fca elementor-widget elementor-widget-text-editor\" data-id=\"47317fca\" data-element_type=\"widget\" data-e-type=\"widget\" data-widget_type=\"text-editor.default\">\n\t\t\t\t<div class=\"elementor-widget-container\">\n\t\t\t\t\t\t\t\t\t<h3><strong>Les b\u00e2tons Cyalume utilis\u00e9s en signaux d\u2019\u00e9vacuation d\u2019urgence de personnes<br \/><\/strong><\/h3><p><a href=\"https:\/\/www.cyalume.eu\/baton-lumineux-cyalume-chemlight-snaplight\/batons-et-marqueurs-lumineux\/signal-lumineux-de-detresse-sos\/\"><strong>Des signaux de d\u00e9tresse SOS<\/strong><\/a>\u00a0peuvent \u00eatre utilis\u00e9s en tant que signal d\u2019\u00e9vacuation d\u2019urgence. C\u2019est un signal de position discret en progression indiquant l\u2019avanc\u00e9e en terrain ennemi. Il remplace un signal radio ou une fus\u00e9e pyrotechnique d\u2019indication de position. Il garantit l\u2019absence de trace d\u2019\u00e9vidence au sol et assure la plus grande discr\u00e9tion. Il s\u2019av\u00e8re\u00a0<a href=\"https:\/\/www.cyalume.eu\/militaire-ordre-public\/balisage-marquage-zones-cheminements\/\">tr\u00e8s pratique pour baliser une zone<\/a>\u00a0afin de pr\u00e9parer une \u00e9vacuation de nuit par voie a\u00e9rienne.<\/p><p>Les b\u00e2tons Cyalume sont aussi utiles pour la signalisation d\u2019urgence lors de la mise en place d\u2019<strong>\u00e9vacuations sanitaires (EVASAN) ou \u00e9vacuations m\u00e9dicales (MEDEVAC)<\/strong>.<\/p><p>Coupl\u00e9es aux protocoles de\u00a0<strong>triage m\u00e9dical<\/strong>, le batons et marqueurs lumineux Cyalume prennent tout leur sens lors de ces \u00e9vacuations afin d\u2019identifier, marquer les bless\u00e9s l\u00e9gers, graves etc\u2026 et organiser aux mieux les priorit\u00e9s d\u2019\u00e9vacuations.<\/p>\t\t\t\t\t\t\t\t<\/div>\n\t\t\t\t<\/div>\n\t\t\t\t<div class=\"elementor-element elementor-element-929b0b5 elementor-widget elementor-widget-image\" data-id=\"929b0b5\" data-element_type=\"widget\" data-e-type=\"widget\" data-widget_type=\"image.default\">\n\t\t\t\t<div class=\"elementor-widget-container\">\n\t\t\t\t\t\t\t\t\t\t\t\t\t\t\t<img decoding=\"async\" width=\"800\" height=\"534\" src=\"https:\/\/www.cyalume.eu\/wp-content\/uploads\/2018\/09\/personnes-a-evacuer-medevac.jpg\" class=\"attachment-large size-large wp-image-3025\" alt=\"Medevac\/Evasan, signalisation pour \u00e9vacuation de personne\" srcset=\"https:\/\/www.cyalume.eu\/wp-content\/uploads\/2018\/09\/personnes-a-evacuer-medevac.jpg 1000w, https:\/\/www.cyalume.eu\/wp-content\/uploads\/2018\/09\/personnes-a-evacuer-medevac-300x200.jpg 300w, https:\/\/www.cyalume.eu\/wp-content\/uploads\/2018\/09\/personnes-a-evacuer-medevac-768x512.jpg 768w, https:\/\/www.cyalume.eu\/wp-content\/uploads\/2018\/09\/personnes-a-evacuer-medevac-219x146.jpg 219w, https:\/\/www.cyalume.eu\/wp-content\/uploads\/2018\/09\/personnes-a-evacuer-medevac-50x33.jpg 50w, https:\/\/www.cyalume.eu\/wp-content\/uploads\/2018\/09\/personnes-a-evacuer-medevac-112x75.jpg 112w\" sizes=\"(max-width: 800px) 100vw, 800px\" \/>\t\t\t\t\t\t\t\t\t\t\t\t\t\t\t<\/div>\n\t\t\t\t<\/div>\n\t\t\t\t\t<\/div>\n\t\t<\/div>\n\t\t\t\t\t<\/div>\n\t\t<\/section>\n\t\t\t\t<\/div>\n\t\t","protected":false},"excerpt":{"rendered":"<p>Marquer et identifier pour \u00e9vacuer en toute s\u00e9r\u00e9nit\u00e9 Pour identifier et localiser lors d&#8217;op\u00e9rations d&#8217;\u00e9vacuation d&#8217;urgence Le b\u00e2ton lumineux SOS signale votre position en cr\u00e9ant un cercle lumineux Les b\u00e2tons Cyalume utilis\u00e9s en signaux d\u2019\u00e9vacuation d\u2019urgence de personnes Des signaux de d\u00e9tresse SOS\u00a0peuvent \u00eatre utilis\u00e9s en tant que signal d\u2019\u00e9vacuation d\u2019urgence. C\u2019est un signal de [&hellip;]<\/p>\n","protected":false},"author":2,"featured_media":3024,"parent":2544,"menu_order":0,"comment_status":"closed","ping_status":"closed","template":"","meta":{"footnotes":""},"class_list":["post-3017","page","type-page","status-publish","has-post-thumbnail","hentry"],"aioseo_notices":[],"_links":{"self":[{"href":"https:\/\/www.cyalume.eu\/it\/wp-json\/wp\/v2\/pages\/3017","targetHints":{"allow":["GET"]}}],"collection":[{"href":"https:\/\/www.cyalume.eu\/it\/wp-json\/wp\/v2\/pages"}],"about":[{"href":"https:\/\/www.cyalume.eu\/it\/wp-json\/wp\/v2\/types\/page"}],"author":[{"embeddable":true,"href":"https:\/\/www.cyalume.eu\/it\/wp-json\/wp\/v2\/users\/2"}],"replies":[{"embeddable":true,"href":"https:\/\/www.cyalume.eu\/it\/wp-json\/wp\/v2\/comments?post=3017"}],"version-history":[{"count":19,"href":"https:\/\/www.cyalume.eu\/it\/wp-json\/wp\/v2\/pages\/3017\/revisions"}],"predecessor-version":[{"id":31449,"href":"https:\/\/www.cyalume.eu\/it\/wp-json\/wp\/v2\/pages\/3017\/revisions\/31449"}],"up":[{"embeddable":true,"href":"https:\/\/www.cyalume.eu\/it\/wp-json\/wp\/v2\/pages\/2544"}],"wp:featuredmedia":[{"embeddable":true,"href":"https:\/\/www.cyalume.eu\/it\/wp-json\/wp\/v2\/media\/3024"}],"wp:attachment":[{"href":"https:\/\/www.cyalume.eu\/it\/wp-json\/wp\/v2\/media?parent=3017"}],"curies":[{"name":"wp","href":"https:\/\/api.w.org\/{rel}","templated":true}]}}