{"id":10171,"date":"2020-03-31T17:35:06","date_gmt":"2020-03-31T15:35:06","guid":{"rendered":"https:\/\/www.cyalume.eu\/?page_id=10171"},"modified":"2023-09-13T17:29:51","modified_gmt":"2023-09-13T15:29:51","slug":"blog","status":"publish","type":"page","link":"https:\/\/www.cyalume.eu\/it\/blog\/","title":{"rendered":"Blog"},"content":{"rendered":"\t\t<div data-elementor-type=\"wp-page\" data-elementor-id=\"10171\" class=\"elementor elementor-10171\" data-elementor-post-type=\"page\">\n\t\t\t\t\t\t<section class=\"elementor-section elementor-top-section elementor-element elementor-element-f8e1d14 elementor-section-boxed elementor-section-height-default elementor-section-height-default\" data-id=\"f8e1d14\" data-element_type=\"section\" data-e-type=\"section\" data-settings=\"{&quot;background_background&quot;:&quot;classic&quot;}\">\n\t\t\t\t\t\t<div class=\"elementor-container elementor-column-gap-default\">\n\t\t\t\t\t<div class=\"elementor-column elementor-col-100 elementor-top-column elementor-element elementor-element-806dd31\" data-id=\"806dd31\" data-element_type=\"column\" data-e-type=\"column\">\n\t\t\t<div class=\"elementor-widget-wrap elementor-element-populated\">\n\t\t\t\t\t\t<div class=\"elementor-element elementor-element-a05953b elementor-widget elementor-widget-heading\" data-id=\"a05953b\" data-element_type=\"widget\" data-e-type=\"widget\" data-widget_type=\"heading.default\">\n\t\t\t\t<div class=\"elementor-widget-container\">\n\t\t\t\t\t<h1 class=\"elementor-heading-title elementor-size-default\">Blog<\/h1>\t\t\t\t<\/div>\n\t\t\t\t<\/div>\n\t\t\t\t<div class=\"elementor-element elementor-element-f79d47a elementor-widget elementor-widget-shortcode\" data-id=\"f79d47a\" data-element_type=\"widget\" data-e-type=\"widget\" data-widget_type=\"shortcode.default\">\n\t\t\t\t<div class=\"elementor-widget-container\">\n\t\t\t\t\t\t\t<div class=\"elementor-shortcode\"><nav aria-label=\"breadcrumbs\">\n            <div class=\"breadcrumb-container theme1\">\n                <ol>\n                                    <\/ol>\n            <\/div>\n        <\/nav>    <script type=\"application\/ld+json\">\n        {\n            \"@context\": \"http:\/\/schema.org\",\n            \"@type\": \"BreadcrumbList\",\n            \"itemListElement\": [\n                            ]\n        }\n    <\/script>\n   \n    <script>\n            <\/script>\n<\/div>\n\t\t\t\t\t\t<\/div>\n\t\t\t\t<\/div>\n\t\t\t\t\t<\/div>\n\t\t<\/div>\n\t\t\t\t\t<\/div>\n\t\t<\/section>\n\t\t\t\t<section class=\"elementor-section elementor-top-section elementor-element elementor-element-7bcc643 elementor-section-boxed elementor-section-height-default elementor-section-height-default\" data-id=\"7bcc643\" data-element_type=\"section\" data-e-type=\"section\">\n\t\t\t\t\t\t<div class=\"elementor-container elementor-column-gap-default\">\n\t\t\t\t\t<div class=\"elementor-column elementor-col-100 elementor-top-column elementor-element elementor-element-e8ccce8\" data-id=\"e8ccce8\" data-element_type=\"column\" data-e-type=\"column\">\n\t\t\t<div class=\"elementor-widget-wrap elementor-element-populated\">\n\t\t\t\t\t\t<div class=\"elementor-element elementor-element-3bb3800 elementor-grid-2 blog elementor-grid-tablet-2 elementor-grid-mobile-1 elementor-posts--thumbnail-top elementor-widget elementor-widget-posts\" data-id=\"3bb3800\" data-element_type=\"widget\" data-e-type=\"widget\" data-settings=\"{&quot;classic_columns&quot;:&quot;2&quot;,&quot;classic_row_gap&quot;:{&quot;unit&quot;:&quot;px&quot;,&quot;size&quot;:50,&quot;sizes&quot;:[]},&quot;pagination_type&quot;:&quot;numbers&quot;,&quot;classic_columns_tablet&quot;:&quot;2&quot;,&quot;classic_columns_mobile&quot;:&quot;1&quot;,&quot;classic_row_gap_tablet&quot;:{&quot;unit&quot;:&quot;px&quot;,&quot;size&quot;:&quot;&quot;,&quot;sizes&quot;:[]},&quot;classic_row_gap_mobile&quot;:{&quot;unit&quot;:&quot;px&quot;,&quot;size&quot;:&quot;&quot;,&quot;sizes&quot;:[]}}\" data-widget_type=\"posts.classic\">\n\t\t\t\t<div class=\"elementor-widget-container\">\n\t\t\t\t\t\t\t<div class=\"elementor-posts-container elementor-posts elementor-posts--skin-classic elementor-grid\" role=\"list\">\n\t\t\t\t<article class=\"elementor-post elementor-grid-item post-11354 post type-post status-publish format-standard has-post-thumbnail hentry category-blog\" role=\"listitem\">\n\t\t\t\t<a class=\"elementor-post__thumbnail__link\" href=\"https:\/\/www.cyalume.eu\/it\/patch-di-identificazione-a-fusione-termica-ir\/\" tabindex=\"-1\" >\n\t\t\t<div class=\"elementor-post__thumbnail\"><img fetchpriority=\"high\" decoding=\"async\" width=\"1920\" height=\"371\" src=\"https:\/\/www.cyalume.eu\/wp-content\/uploads\/2021\/03\/patchs-panneaux-IR-thermique-Fusion-identification-marquage.jpg\" class=\"attachment-full size-full wp-image-11531\" alt=\"patchs panneaux IR thermique Fusion identification marquage\" srcset=\"https:\/\/www.cyalume.eu\/wp-content\/uploads\/2021\/03\/patchs-panneaux-IR-thermique-Fusion-identification-marquage.jpg 1920w, https:\/\/www.cyalume.eu\/wp-content\/uploads\/2021\/03\/patchs-panneaux-IR-thermique-Fusion-identification-marquage-300x58.jpg 300w, https:\/\/www.cyalume.eu\/wp-content\/uploads\/2021\/03\/patchs-panneaux-IR-thermique-Fusion-identification-marquage-1024x198.jpg 1024w, https:\/\/www.cyalume.eu\/wp-content\/uploads\/2021\/03\/patchs-panneaux-IR-thermique-Fusion-identification-marquage-768x148.jpg 768w, https:\/\/www.cyalume.eu\/wp-content\/uploads\/2021\/03\/patchs-panneaux-IR-thermique-Fusion-identification-marquage-1536x297.jpg 1536w, https:\/\/www.cyalume.eu\/wp-content\/uploads\/2021\/03\/patchs-panneaux-IR-thermique-Fusion-identification-marquage-260x50.jpg 260w, https:\/\/www.cyalume.eu\/wp-content\/uploads\/2021\/03\/patchs-panneaux-IR-thermique-Fusion-identification-marquage-50x10.jpg 50w, https:\/\/www.cyalume.eu\/wp-content\/uploads\/2021\/03\/patchs-panneaux-IR-thermique-Fusion-identification-marquage-150x29.jpg 150w\" sizes=\"(max-width: 1920px) 100vw, 1920px\" \/><\/div>\n\t\t<\/a>\n\t\t\t\t<div class=\"elementor-post__text\">\n\t\t\t\t<h2 class=\"elementor-post__title\">\n\t\t\t<a href=\"https:\/\/www.cyalume.eu\/it\/patch-di-identificazione-a-fusione-termica-ir\/\" >\n\t\t\t\tPatchs d&#8217;identification IR, Thermique, Fusion pour Militaires \/ Unit\u00e9s de Police, Gendarmerie\t\t\t<\/a>\n\t\t<\/h2>\n\t\t\t\t<div class=\"elementor-post__meta-data\">\n\t\t\t\t\t<span class=\"elementor-post-date\">\n\t\t\t22 Marzo 2021\t\t<\/span>\n\t\t\t\t<\/div>\n\t\t\t\t<div class=\"elementor-post__excerpt\">\n\t\t\t<p>La gamme de patchs IR, patchs ou panneaux thermiques et patchs Fusion sont fabriqu\u00e9s \u00e0 partir de mat\u00e9riaux passifs r\u00e9fl\u00e9chissants et permettent d\u2019identifier des personnels\t\t<\/div>\n\t\t\n\t\t<a class=\"elementor-post__read-more\" href=\"https:\/\/www.cyalume.eu\/it\/patch-di-identificazione-a-fusione-termica-ir\/\" aria-label=\"Leggi tutto Patchs d&#8217;identification IR, Thermique, Fusion pour Militaires \/ Unit\u00e9s de Police, Gendarmerie\" tabindex=\"-1\" >\n\t\t\tLire la suite \u00bb\t\t<\/a>\n\n\t\t\t\t<\/div>\n\t\t\t\t<\/article>\n\t\t\t\t<article class=\"elementor-post elementor-grid-item post-10207 post type-post status-publish format-standard has-post-thumbnail hentry category-blog\" role=\"listitem\">\n\t\t\t\t<a class=\"elementor-post__thumbnail__link\" href=\"https:\/\/www.cyalume.eu\/it\/bastoncini-di-cialume-per-luso-in-petrolchimica-gasolio-e-petrolio\/\" tabindex=\"-1\" >\n\t\t\t<div class=\"elementor-post__thumbnail\"><img decoding=\"async\" width=\"1920\" height=\"371\" src=\"https:\/\/www.cyalume.eu\/wp-content\/uploads\/2020\/04\/applications-baton-lumineux-cyalume-petrochimie-oil-gas.jpg\" class=\"attachment-full size-full wp-image-10210\" alt=\"applications baton lumineux cyalume petrochimie oil gas\" srcset=\"https:\/\/www.cyalume.eu\/wp-content\/uploads\/2020\/04\/applications-baton-lumineux-cyalume-petrochimie-oil-gas.jpg 1920w, https:\/\/www.cyalume.eu\/wp-content\/uploads\/2020\/04\/applications-baton-lumineux-cyalume-petrochimie-oil-gas-300x58.jpg 300w, https:\/\/www.cyalume.eu\/wp-content\/uploads\/2020\/04\/applications-baton-lumineux-cyalume-petrochimie-oil-gas-1024x198.jpg 1024w, https:\/\/www.cyalume.eu\/wp-content\/uploads\/2020\/04\/applications-baton-lumineux-cyalume-petrochimie-oil-gas-768x148.jpg 768w, https:\/\/www.cyalume.eu\/wp-content\/uploads\/2020\/04\/applications-baton-lumineux-cyalume-petrochimie-oil-gas-1536x297.jpg 1536w, https:\/\/www.cyalume.eu\/wp-content\/uploads\/2020\/04\/applications-baton-lumineux-cyalume-petrochimie-oil-gas-260x50.jpg 260w, https:\/\/www.cyalume.eu\/wp-content\/uploads\/2020\/04\/applications-baton-lumineux-cyalume-petrochimie-oil-gas-50x10.jpg 50w, https:\/\/www.cyalume.eu\/wp-content\/uploads\/2020\/04\/applications-baton-lumineux-cyalume-petrochimie-oil-gas-150x29.jpg 150w\" sizes=\"(max-width: 1920px) 100vw, 1920px\" \/><\/div>\n\t\t<\/a>\n\t\t\t\t<div class=\"elementor-post__text\">\n\t\t\t\t<h2 class=\"elementor-post__title\">\n\t\t\t<a href=\"https:\/\/www.cyalume.eu\/it\/bastoncini-di-cialume-per-luso-in-petrolchimica-gasolio-e-petrolio\/\" >\n\t\t\t\tB\u00e2tons Cyalume &#8211; Utilisation dans le milieu P\u00e9trochimie \/ Oil &#038; Gas\t\t\t<\/a>\n\t\t<\/h2>\n\t\t\t\t<div class=\"elementor-post__meta-data\">\n\t\t\t\t\t<span class=\"elementor-post-date\">\n\t\t\t3 Aprile 2020\t\t<\/span>\n\t\t\t\t<\/div>\n\t\t\t\t<div class=\"elementor-post__excerpt\">\n\t\t\t<p>Vous \u00eates nombreux \u00e0 utiliser les b\u00e2tons lumineux Cyalume dans le milieu de la p\u00e9trochimie, plateformes offshore ou onshore ou encore appel\u00e9 domaine de l\u2019Oil\t\t<\/div>\n\t\t\n\t\t<a class=\"elementor-post__read-more\" href=\"https:\/\/www.cyalume.eu\/it\/bastoncini-di-cialume-per-luso-in-petrolchimica-gasolio-e-petrolio\/\" aria-label=\"Leggi tutto B\u00e2tons Cyalume &#8211; Utilisation dans le milieu P\u00e9trochimie \/ Oil &#038; Gas\" tabindex=\"-1\" >\n\t\t\tLire la suite \u00bb\t\t<\/a>\n\n\t\t\t\t<\/div>\n\t\t\t\t<\/article>\n\t\t\t\t<article class=\"elementor-post elementor-grid-item post-10158 post type-post status-publish format-standard has-post-thumbnail hentry category-blog\" role=\"listitem\">\n\t\t\t\t<a class=\"elementor-post__thumbnail__link\" href=\"https:\/\/www.cyalume.eu\/it\/covid-19-ci-impegniamo-a-fornire-il-miglior-servizio-possibile\/\" tabindex=\"-1\" >\n\t\t\t<div class=\"elementor-post__thumbnail\"><img decoding=\"async\" width=\"700\" height=\"400\" src=\"https:\/\/www.cyalume.eu\/wp-content\/uploads\/2020\/03\/covid-19_Cyalume-mobilisation-totale-pour-servir-clients.jpg\" class=\"attachment-full size-full wp-image-10159\" alt=\"covid-19_Cyalume mobilisation totale pour servir ses clients\" srcset=\"https:\/\/www.cyalume.eu\/wp-content\/uploads\/2020\/03\/covid-19_Cyalume-mobilisation-totale-pour-servir-clients.jpg 700w, https:\/\/www.cyalume.eu\/wp-content\/uploads\/2020\/03\/covid-19_Cyalume-mobilisation-totale-pour-servir-clients-300x171.jpg 300w, https:\/\/www.cyalume.eu\/wp-content\/uploads\/2020\/03\/covid-19_Cyalume-mobilisation-totale-pour-servir-clients-256x146.jpg 256w, https:\/\/www.cyalume.eu\/wp-content\/uploads\/2020\/03\/covid-19_Cyalume-mobilisation-totale-pour-servir-clients-50x29.jpg 50w, https:\/\/www.cyalume.eu\/wp-content\/uploads\/2020\/03\/covid-19_Cyalume-mobilisation-totale-pour-servir-clients-131x75.jpg 131w\" sizes=\"(max-width: 700px) 100vw, 700px\" \/><\/div>\n\t\t<\/a>\n\t\t\t\t<div class=\"elementor-post__text\">\n\t\t\t\t<h2 class=\"elementor-post__title\">\n\t\t\t<a href=\"https:\/\/www.cyalume.eu\/it\/covid-19-ci-impegniamo-a-fornire-il-miglior-servizio-possibile\/\" >\n\t\t\t\tCOVID-19 &#8211; Notre mobilisation est totale pour vous servir au mieux\t\t\t<\/a>\n\t\t<\/h2>\n\t\t\t\t<div class=\"elementor-post__meta-data\">\n\t\t\t\t\t<span class=\"elementor-post-date\">\n\t\t\t17 Marzo 2020\t\t<\/span>\n\t\t\t\t<\/div>\n\t\t\t\t<div class=\"elementor-post__excerpt\">\n\t\t\t<p>Chers clients, Chers partenaires,<br \/> Nous traversons actuellement une crise majeure sanitaire sans pr\u00e9c\u00e9dent o\u00f9 l&#8217;\u00e9pid\u00e9mie de Coronavirus bouleverse nos modes de vie et nos\t\t<\/div>\n\t\t\n\t\t<a class=\"elementor-post__read-more\" href=\"https:\/\/www.cyalume.eu\/it\/covid-19-ci-impegniamo-a-fornire-il-miglior-servizio-possibile\/\" aria-label=\"Leggi tutto COVID-19 &#8211; Notre mobilisation est totale pour vous servir au mieux\" tabindex=\"-1\" >\n\t\t\tLire la suite \u00bb\t\t<\/a>\n\n\t\t\t\t<\/div>\n\t\t\t\t<\/article>\n\t\t\t\t<\/div>\n\t\t\n\t\t\t\t\t\t<\/div>\n\t\t\t\t<\/div>\n\t\t\t\t\t<\/div>\n\t\t<\/div>\n\t\t\t\t\t<\/div>\n\t\t<\/section>\n\t\t\t\t<\/div>\n\t\t","protected":false},"excerpt":{"rendered":"","protected":false},"author":1,"featured_media":0,"parent":0,"menu_order":0,"comment_status":"closed","ping_status":"closed","template":"","meta":{"footnotes":""},"class_list":["post-10171","page","type-page","status-publish","hentry"],"aioseo_notices":[],"_links":{"self":[{"href":"https:\/\/www.cyalume.eu\/it\/wp-json\/wp\/v2\/pages\/10171","targetHints":{"allow":["GET"]}}],"collection":[{"href":"https:\/\/www.cyalume.eu\/it\/wp-json\/wp\/v2\/pages"}],"about":[{"href":"https:\/\/www.cyalume.eu\/it\/wp-json\/wp\/v2\/types\/page"}],"author":[{"embeddable":true,"href":"https:\/\/www.cyalume.eu\/it\/wp-json\/wp\/v2\/users\/1"}],"replies":[{"embeddable":true,"href":"https:\/\/www.cyalume.eu\/it\/wp-json\/wp\/v2\/comments?post=10171"}],"version-history":[{"count":20,"href":"https:\/\/www.cyalume.eu\/it\/wp-json\/wp\/v2\/pages\/10171\/revisions"}],"predecessor-version":[{"id":30933,"href":"https:\/\/www.cyalume.eu\/it\/wp-json\/wp\/v2\/pages\/10171\/revisions\/30933"}],"wp:attachment":[{"href":"https:\/\/www.cyalume.eu\/it\/wp-json\/wp\/v2\/media?parent=10171"}],"curies":[{"name":"wp","href":"https:\/\/api.w.org\/{rel}","templated":true}]}}