{"id":4854,"date":"2019-05-15T11:58:12","date_gmt":"2019-05-15T09:58:12","guid":{"rendered":"https:\/\/www.cyalume.eu\/?page_id=4854"},"modified":"2023-06-09T10:36:42","modified_gmt":"2023-06-09T08:36:42","slug":"razorback-hand-controller","status":"publish","type":"page","link":"https:\/\/www.cyalume.eu\/en\/cyalume-lightsticks-chemlight-snaplight-glowsticks\/mine-cleared-routes-marking-system-razorback\/razorback-hand-controller\/","title":{"rendered":"Razorback manual control"},"content":{"rendered":"\t\t<div data-elementor-type=\"wp-page\" data-elementor-id=\"4854\" class=\"elementor elementor-4854\" data-elementor-post-type=\"page\">\n\t\t\t\t\t\t<section class=\"elementor-section elementor-top-section elementor-element elementor-element-f8de35f elementor-section-boxed elementor-section-height-default elementor-section-height-default\" data-id=\"f8de35f\" data-element_type=\"section\" data-e-type=\"section\" data-settings=\"{&quot;background_background&quot;:&quot;classic&quot;}\">\n\t\t\t\t\t\t<div class=\"elementor-container elementor-column-gap-default\">\n\t\t\t\t\t<div class=\"elementor-column elementor-col-100 elementor-top-column elementor-element elementor-element-7c7a5199\" data-id=\"7c7a5199\" data-element_type=\"column\" data-e-type=\"column\">\n\t\t\t<div class=\"elementor-widget-wrap elementor-element-populated\">\n\t\t\t\t\t\t<div class=\"elementor-element elementor-element-5345d3dd elementor-widget elementor-widget-heading\" data-id=\"5345d3dd\" data-element_type=\"widget\" data-e-type=\"widget\" data-widget_type=\"heading.default\">\n\t\t\t\t<div class=\"elementor-widget-container\">\n\t\t\t\t\t<h1 class=\"elementor-heading-title elementor-size-default\">Commande manuelle du Razorback<\/h1>\t\t\t\t<\/div>\n\t\t\t\t<\/div>\n\t\t\t\t<div class=\"elementor-element elementor-element-2854571d elementor-widget elementor-widget-shortcode\" data-id=\"2854571d\" data-element_type=\"widget\" data-e-type=\"widget\" data-widget_type=\"shortcode.default\">\n\t\t\t\t<div class=\"elementor-widget-container\">\n\t\t\t\t\t\t\t<div class=\"elementor-shortcode\"><nav aria-label=\"breadcrumbs\">\n            <div class=\"breadcrumb-container theme1\">\n                <ol>\n                                    <\/ol>\n            <\/div>\n        <\/nav>    <script type=\"application\/ld+json\">\n        {\n            \"@context\": \"http:\/\/schema.org\",\n            \"@type\": \"BreadcrumbList\",\n            \"itemListElement\": [\n                            ]\n        }\n    <\/script>\n   \n    <script>\n            <\/script>\n<\/div>\n\t\t\t\t\t\t<\/div>\n\t\t\t\t<\/div>\n\t\t\t\t\t<\/div>\n\t\t<\/div>\n\t\t\t\t\t<\/div>\n\t\t<\/section>\n\t\t\t\t<section class=\"elementor-section elementor-top-section elementor-element elementor-element-77308d8 elementor-section-boxed elementor-section-height-default elementor-section-height-default\" data-id=\"77308d8\" data-element_type=\"section\" data-e-type=\"section\">\n\t\t\t\t\t\t<div class=\"elementor-container elementor-column-gap-default\">\n\t\t\t\t\t<div class=\"elementor-column elementor-col-50 elementor-top-column elementor-element elementor-element-28061404\" data-id=\"28061404\" data-element_type=\"column\" data-e-type=\"column\">\n\t\t\t<div class=\"elementor-widget-wrap elementor-element-populated\">\n\t\t\t\t\t\t<div class=\"elementor-element elementor-element-225fb915 elementor-arrows-position-inside elementor-pagination-position-outside elementor-widget elementor-widget-image-carousel\" data-id=\"225fb915\" data-element_type=\"widget\" data-e-type=\"widget\" data-settings=\"{&quot;slides_to_show&quot;:&quot;1&quot;,&quot;navigation&quot;:&quot;both&quot;,&quot;autoplay&quot;:&quot;yes&quot;,&quot;pause_on_hover&quot;:&quot;yes&quot;,&quot;pause_on_interaction&quot;:&quot;yes&quot;,&quot;autoplay_speed&quot;:5000,&quot;infinite&quot;:&quot;yes&quot;,&quot;effect&quot;:&quot;slide&quot;,&quot;speed&quot;:500}\" data-widget_type=\"image-carousel.default\">\n\t\t\t\t<div class=\"elementor-widget-container\">\n\t\t\t\t\t\t\t<div class=\"elementor-image-carousel-wrapper swiper\" role=\"region\" aria-roledescription=\"carousel\" aria-label=\"Image Carousel\" dir=\"ltr\">\n\t\t\t<div class=\"elementor-image-carousel swiper-wrapper\" aria-live=\"off\">\n\t\t\t\t\t\t\t\t<div class=\"swiper-slide\" role=\"group\" aria-roledescription=\"slide\" aria-label=\"1 sur 2\"><figure class=\"swiper-slide-inner\"><img decoding=\"async\" class=\"swiper-slide-image\" src=\"https:\/\/www.cyalume.eu\/wp-content\/uploads\/2019\/03\/commande-manuelle-razorback-systeme-de-marquage-d-itineraires-de-routes-deminees.jpg\" alt=\"Handbedienung Bodenmarkiersystem der verminten Gel\u00e4nde\" \/><\/figure><\/div><div class=\"swiper-slide\" role=\"group\" aria-roledescription=\"slide\" aria-label=\"2 sur 2\"><figure class=\"swiper-slide-inner\"><img decoding=\"async\" class=\"swiper-slide-image\" src=\"https:\/\/www.cyalume.eu\/wp-content\/uploads\/2019\/05\/telecommande-du-razorback-pour-controle-des-reservoirs-de-marqueurs-lumineux.jpg\" alt=\"t\u00e9l\u00e9commande du razorback pour contr\u00f4le des r\u00e9servoirs de marqueurs lumineux\" \/><\/figure><\/div>\t\t\t<\/div>\n\t\t\t\t\t\t\t\t\t\t\t\t<div class=\"elementor-swiper-button elementor-swiper-button-prev\" role=\"button\" tabindex=\"0\">\n\t\t\t\t\t\t<i aria-hidden=\"true\" class=\"eicon-chevron-left\"><\/i>\t\t\t\t\t<\/div>\n\t\t\t\t\t<div class=\"elementor-swiper-button elementor-swiper-button-next\" role=\"button\" tabindex=\"0\">\n\t\t\t\t\t\t<i aria-hidden=\"true\" class=\"eicon-chevron-right\"><\/i>\t\t\t\t\t<\/div>\n\t\t\t\t\n\t\t\t\t\t\t\t\t\t<div class=\"swiper-pagination\"><\/div>\n\t\t\t\t\t\t\t\t\t<\/div>\n\t\t\t\t\t\t<\/div>\n\t\t\t\t<\/div>\n\t\t\t\t\t<\/div>\n\t\t<\/div>\n\t\t\t\t<div class=\"elementor-column elementor-col-50 elementor-top-column elementor-element elementor-element-50bcb91a\" data-id=\"50bcb91a\" data-element_type=\"column\" data-e-type=\"column\">\n\t\t\t<div class=\"elementor-widget-wrap elementor-element-populated\">\n\t\t\t\t\t\t<div class=\"elementor-element elementor-element-5883e812 elementor-widget elementor-widget-text-editor\" data-id=\"5883e812\" data-element_type=\"widget\" data-e-type=\"widget\" data-widget_type=\"text-editor.default\">\n\t\t\t\t<div class=\"elementor-widget-container\">\n\t\t\t\t\t\t\t\t\t<h2>Commande manuelle du syst\u00e8me d\u2019itin\u00e9raires d\u00e9min\u00e9s Razorback<\/h2><p>La commande manuelle du dispositif Razorback est au centre du syst\u00e8me puisque cette commande manuelle dot\u00e9e de 20 vitesses permet de r\u00e9gler la vitesse de distribution des marqueurs circulaires lumineux LightShape de 1 marqueur d\u00e9pos\u00e9 au sol par seconde jusqu\u2019\u00e0 1 marqueur toutes les 20 secondes.<\/p><p>Des indicateurs par LEDs de couleur permettent de voir sur la t\u00e9l\u00e9commande le volume des r\u00e9servoirs \u00e0 l\u2019instant T.<br \/>L\u2019op\u00e9rateur peut choisir d\u2019activer la commande manuelle \u00e0 gauche et \u00e0 droite en m\u00eame temps ou de fa\u00e7on ind\u00e9pendante permettant de marquer une route s\u00e9curis\u00e9e, un p\u00e9rim\u00e8tre ou encore un terrain d\u00e9limit\u00e9. Il est \u00e9galement possible de distribuer un seul marqueur LightShape en appuyant sur une simple touche.<\/p><p>Les indicateurs LED montrent clairement le niveau de stockage des r\u00e9servoirs de marqueurs. Apr\u00e8s rechargement en marqueurs LightShape, et pour remettre \u00e0 z\u00e9ro l\u2019indicateur de volume, l\u2019op\u00e9rateur a juste \u00e0 appuyer sur le bouton pr\u00e9vu \u00e0 cet effet. Des indicateurs de blocages indiquent des \u00e9ventuels blocages pouvant avoir lieu dans les goulottes.<\/p><p>Cette commande manuelle fonctionne en 110V 60Hz ou en 240V 50Hz.<\/p><p>Tous les boutons et commandes sont faciles \u00e0 utiliser y compris avec le port de gants.<\/p>\t\t\t\t\t\t\t\t<\/div>\n\t\t\t\t<\/div>\n\t\t\t\t<div class=\"elementor-element elementor-element-49f2c22e elementor-align-center elementor-widget elementor-widget-button\" data-id=\"49f2c22e\" data-element_type=\"widget\" data-e-type=\"widget\" data-widget_type=\"button.default\">\n\t\t\t\t<div class=\"elementor-widget-container\">\n\t\t\t\t\t\t\t\t\t<div class=\"elementor-button-wrapper\">\n\t\t\t\t\t<a class=\"elementor-button elementor-button-link elementor-size-sm\" href=\"https:\/\/www.cyalume.eu\/cyalume-technologies\/contact-ou-nous-trouver\/\" target=\"_blank\">\n\t\t\t\t\t\t<span class=\"elementor-button-content-wrapper\">\n\t\t\t\t\t\t<span class=\"elementor-button-icon\">\n\t\t\t\t<i aria-hidden=\"true\" class=\"far fa-file-pdf\"><\/i>\t\t\t<\/span>\n\t\t\t\t\t\t\t\t\t<span class=\"elementor-button-text\">Nous contacter pour toute demande de prix<\/span>\n\t\t\t\t\t<\/span>\n\t\t\t\t\t<\/a>\n\t\t\t\t<\/div>\n\t\t\t\t\t\t\t\t<\/div>\n\t\t\t\t<\/div>\n\t\t\t\t\t<\/div>\n\t\t<\/div>\n\t\t\t\t\t<\/div>\n\t\t<\/section>\n\t\t\t\t<section class=\"elementor-section elementor-top-section elementor-element elementor-element-452dcfb6 elementor-section-boxed elementor-section-height-default elementor-section-height-default\" data-id=\"452dcfb6\" data-element_type=\"section\" data-e-type=\"section\" data-settings=\"{&quot;background_background&quot;:&quot;classic&quot;}\">\n\t\t\t\t\t\t<div class=\"elementor-container elementor-column-gap-default\">\n\t\t\t\t\t<div class=\"elementor-column elementor-col-100 elementor-top-column elementor-element elementor-element-7367ef43\" data-id=\"7367ef43\" data-element_type=\"column\" data-e-type=\"column\">\n\t\t\t<div class=\"elementor-widget-wrap elementor-element-populated\">\n\t\t\t\t\t\t<div class=\"elementor-element elementor-element-5ef0723a elementor-widget elementor-widget-heading\" data-id=\"5ef0723a\" data-element_type=\"widget\" data-e-type=\"widget\" data-widget_type=\"heading.default\">\n\t\t\t\t<div class=\"elementor-widget-container\">\n\t\t\t\t\t<h3 class=\"elementor-heading-title elementor-size-default\">Les produits Cyalume associ\u00e9s<\/h3>\t\t\t\t<\/div>\n\t\t\t\t<\/div>\n\t\t\t\t<section class=\"elementor-section elementor-inner-section elementor-element elementor-element-77c543c8 elementor-section-boxed elementor-section-height-default elementor-section-height-default\" data-id=\"77c543c8\" data-element_type=\"section\" data-e-type=\"section\">\n\t\t\t\t\t\t<div class=\"elementor-container elementor-column-gap-default\">\n\t\t\t\t\t<div data-ra-url=\"https:\/\/www.cyalume.shop\/fr\/12-batons-lumineux\" data-ra-target=\"_self\" class=\"ra-clickable-wrapper elementor-column elementor-col-25 elementor-inner-column elementor-element elementor-element-48b3dce3 home_produits\" style=\"cursor:pointer;\" data-id=\"48b3dce3\" data-element_type=\"column\" data-e-type=\"column\" data-settings=\"{&quot;background_background&quot;:&quot;classic&quot;}\">\n\t\t\t<div class=\"elementor-widget-wrap elementor-element-populated\">\n\t\t\t\t\t\t<div class=\"elementor-element elementor-element-dd5be69 elementor-widget elementor-widget-image\" data-id=\"dd5be69\" data-element_type=\"widget\" data-e-type=\"widget\" data-widget_type=\"image.default\">\n\t\t\t\t<div class=\"elementor-widget-container\">\n\t\t\t\t\t\t\t\t\t\t\t\t\t\t\t\t<a href=\"https:\/\/www.cyalume.eu\/baton-lumineux-cyalume-chemlight-snaplight\/systeme-de-marquage-itineraires-demines-razorback\/\">\n\t\t\t\t\t\t\t<img fetchpriority=\"high\" decoding=\"async\" width=\"700\" height=\"500\" src=\"https:\/\/www.cyalume.eu\/wp-content\/uploads\/2019\/03\/Razorback-systeme-marquage-itineraires-demines.jpg\" class=\"elementor-animation-grow attachment-large size-large wp-image-7575\" alt=\"Bodenmarkiersystem Razorback f\u00fcr vermintem Gel\u00e4nde\" srcset=\"https:\/\/www.cyalume.eu\/wp-content\/uploads\/2019\/03\/Razorback-systeme-marquage-itineraires-demines.jpg 700w, https:\/\/www.cyalume.eu\/wp-content\/uploads\/2019\/03\/Razorback-systeme-marquage-itineraires-demines-300x214.jpg 300w, https:\/\/www.cyalume.eu\/wp-content\/uploads\/2019\/03\/Razorback-systeme-marquage-itineraires-demines-204x146.jpg 204w, https:\/\/www.cyalume.eu\/wp-content\/uploads\/2019\/03\/Razorback-systeme-marquage-itineraires-demines-50x36.jpg 50w, https:\/\/www.cyalume.eu\/wp-content\/uploads\/2019\/03\/Razorback-systeme-marquage-itineraires-demines-105x75.jpg 105w\" sizes=\"(max-width: 700px) 100vw, 700px\" \/>\t\t\t\t\t\t\t\t<\/a>\n\t\t\t\t\t\t\t\t\t\t\t\t\t\t\t<\/div>\n\t\t\t\t<\/div>\n\t\t\t\t<div class=\"elementor-element elementor-element-51199465 elementor-widget elementor-widget-heading\" data-id=\"51199465\" data-element_type=\"widget\" data-e-type=\"widget\" data-widget_type=\"heading.default\">\n\t\t\t\t<div class=\"elementor-widget-container\">\n\t\t\t\t\t<p class=\"elementor-heading-title elementor-size-default\"><a href=\"https:\/\/www.cyalume.eu\/baton-lumineux-cyalume-chemlight-snaplight\/systeme-de-marquage-itineraires-demines-razorback\/\">Syst\u00e8me de marquage d\u2019itin\u00e9raires d\u00e9min\u00e9s<\/a><\/p>\t\t\t\t<\/div>\n\t\t\t\t<\/div>\n\t\t\t\t\t<\/div>\n\t\t<\/div>\n\t\t\t\t<div data-ra-url=\"https:\/\/www.cyalume.shop\/fr\/12-batons-lumineux\" data-ra-target=\"_self\" class=\"ra-clickable-wrapper elementor-column elementor-col-25 elementor-inner-column elementor-element elementor-element-7b45166 home_produits\" style=\"cursor:pointer;\" data-id=\"7b45166\" data-element_type=\"column\" data-e-type=\"column\" data-settings=\"{&quot;background_background&quot;:&quot;classic&quot;}\">\n\t\t\t<div class=\"elementor-widget-wrap elementor-element-populated\">\n\t\t\t\t\t\t<div class=\"elementor-element elementor-element-bb93d23 elementor-widget elementor-widget-image\" data-id=\"bb93d23\" data-element_type=\"widget\" data-e-type=\"widget\" data-widget_type=\"image.default\">\n\t\t\t\t<div class=\"elementor-widget-container\">\n\t\t\t\t\t\t\t\t\t\t\t\t\t\t\t\t<a href=\"https:\/\/www.cyalume.eu\/baton-lumineux-cyalume-chemlight-snaplight\/systeme-de-marquage-itineraires-demines-razorback\/marqueurs-lightshape-pour-razorback\/\">\n\t\t\t\t\t\t\t<img decoding=\"async\" width=\"700\" height=\"500\" src=\"https:\/\/www.cyalume.eu\/wp-content\/uploads\/2019\/03\/marqueurs-circulaires-Lightshape-pour-systeme-razorback.jpg\" class=\"elementor-animation-grow attachment-large size-large wp-image-4089\" alt=\"marqueurs circulaires Lightshape pour syst\u00e8me razorback\" srcset=\"https:\/\/www.cyalume.eu\/wp-content\/uploads\/2019\/03\/marqueurs-circulaires-Lightshape-pour-systeme-razorback.jpg 700w, https:\/\/www.cyalume.eu\/wp-content\/uploads\/2019\/03\/marqueurs-circulaires-Lightshape-pour-systeme-razorback-300x214.jpg 300w, https:\/\/www.cyalume.eu\/wp-content\/uploads\/2019\/03\/marqueurs-circulaires-Lightshape-pour-systeme-razorback-204x146.jpg 204w, https:\/\/www.cyalume.eu\/wp-content\/uploads\/2019\/03\/marqueurs-circulaires-Lightshape-pour-systeme-razorback-50x36.jpg 50w, https:\/\/www.cyalume.eu\/wp-content\/uploads\/2019\/03\/marqueurs-circulaires-Lightshape-pour-systeme-razorback-105x75.jpg 105w\" sizes=\"(max-width: 700px) 100vw, 700px\" \/>\t\t\t\t\t\t\t\t<\/a>\n\t\t\t\t\t\t\t\t\t\t\t\t\t\t\t<\/div>\n\t\t\t\t<\/div>\n\t\t\t\t<div class=\"elementor-element elementor-element-5225c8ec elementor-widget elementor-widget-heading\" data-id=\"5225c8ec\" data-element_type=\"widget\" data-e-type=\"widget\" data-widget_type=\"heading.default\">\n\t\t\t\t<div class=\"elementor-widget-container\">\n\t\t\t\t\t<p class=\"elementor-heading-title elementor-size-default\"><a href=\"https:\/\/www.cyalume.eu\/baton-lumineux-cyalume-chemlight-snaplight\/systeme-de-marquage-itineraires-demines-razorback\/marqueurs-lightshape-pour-razorback\/\">Marqueurs circulaires LightShape pour Razorback<\/a><\/p>\t\t\t\t<\/div>\n\t\t\t\t<\/div>\n\t\t\t\t\t<\/div>\n\t\t<\/div>\n\t\t\t\t<div data-ra-url=\"https:\/\/www.cyalume.shop\/fr\/12-batons-lumineux\" data-ra-target=\"_self\" class=\"ra-clickable-wrapper elementor-column elementor-col-25 elementor-inner-column elementor-element elementor-element-42268c50 home_produits\" style=\"cursor:pointer;\" data-id=\"42268c50\" data-element_type=\"column\" data-e-type=\"column\" data-settings=\"{&quot;background_background&quot;:&quot;classic&quot;}\">\n\t\t\t<div class=\"elementor-widget-wrap elementor-element-populated\">\n\t\t\t\t\t\t<div class=\"elementor-element elementor-element-1239ca26 elementor-widget elementor-widget-image\" data-id=\"1239ca26\" data-element_type=\"widget\" data-e-type=\"widget\" data-widget_type=\"image.default\">\n\t\t\t\t<div class=\"elementor-widget-container\">\n\t\t\t\t\t\t\t\t\t\t\t\t\t\t\t\t<a href=\"https:\/\/www.cyalume.eu\/baton-lumineux-cyalume-chemlight-snaplight\/systeme-de-marquage-itineraires-demines-razorback\/dispositif-activation-et-de-distribution-des-marqueurs\/\">\n\t\t\t\t\t\t\t<img decoding=\"async\" width=\"700\" height=\"500\" src=\"https:\/\/www.cyalume.eu\/wp-content\/uploads\/2019\/03\/systeme-de-distribution-de-LightShape-sur-razorback-marquage-d-itineraires-demines.jpg\" class=\"elementor-animation-grow attachment-large size-large wp-image-4090\" alt=\"syst\u00e8me de distribution de LightShape sur razorback marquage d&#039;itin\u00e9raires d\u00e9min\u00e9s\" srcset=\"https:\/\/www.cyalume.eu\/wp-content\/uploads\/2019\/03\/systeme-de-distribution-de-LightShape-sur-razorback-marquage-d-itineraires-demines.jpg 700w, https:\/\/www.cyalume.eu\/wp-content\/uploads\/2019\/03\/systeme-de-distribution-de-LightShape-sur-razorback-marquage-d-itineraires-demines-300x214.jpg 300w, https:\/\/www.cyalume.eu\/wp-content\/uploads\/2019\/03\/systeme-de-distribution-de-LightShape-sur-razorback-marquage-d-itineraires-demines-204x146.jpg 204w, https:\/\/www.cyalume.eu\/wp-content\/uploads\/2019\/03\/systeme-de-distribution-de-LightShape-sur-razorback-marquage-d-itineraires-demines-50x36.jpg 50w, https:\/\/www.cyalume.eu\/wp-content\/uploads\/2019\/03\/systeme-de-distribution-de-LightShape-sur-razorback-marquage-d-itineraires-demines-105x75.jpg 105w\" sizes=\"(max-width: 700px) 100vw, 700px\" \/>\t\t\t\t\t\t\t\t<\/a>\n\t\t\t\t\t\t\t\t\t\t\t\t\t\t\t<\/div>\n\t\t\t\t<\/div>\n\t\t\t\t<div class=\"elementor-element elementor-element-149160f elementor-widget elementor-widget-heading\" data-id=\"149160f\" data-element_type=\"widget\" data-e-type=\"widget\" data-widget_type=\"heading.default\">\n\t\t\t\t<div class=\"elementor-widget-container\">\n\t\t\t\t\t<p class=\"elementor-heading-title elementor-size-default\"><a href=\"https:\/\/www.cyalume.eu\/baton-lumineux-cyalume-chemlight-snaplight\/systeme-de-marquage-itineraires-demines-razorback\/dispositif-activation-et-de-distribution-des-marqueurs\/\">Dispositif d\u2019activation et de distribution des marqueurs<\/a><\/p>\t\t\t\t<\/div>\n\t\t\t\t<\/div>\n\t\t\t\t\t<\/div>\n\t\t<\/div>\n\t\t\t\t<div data-ra-url=\"https:\/\/www.cyalume.shop\/fr\/12-batons-lumineux\" data-ra-target=\"_self\" class=\"ra-clickable-wrapper elementor-column elementor-col-25 elementor-inner-column elementor-element elementor-element-3209c963 home_produits\" style=\"cursor:pointer;\" data-id=\"3209c963\" data-element_type=\"column\" data-e-type=\"column\" data-settings=\"{&quot;background_background&quot;:&quot;classic&quot;}\">\n\t\t\t<div class=\"elementor-widget-wrap elementor-element-populated\">\n\t\t\t\t\t\t<div class=\"elementor-element elementor-element-4ebc564c elementor-widget elementor-widget-image\" data-id=\"4ebc564c\" data-element_type=\"widget\" data-e-type=\"widget\" data-widget_type=\"image.default\">\n\t\t\t\t<div class=\"elementor-widget-container\">\n\t\t\t\t\t\t\t\t\t\t\t\t\t\t\t\t<a href=\"https:\/\/www.cyalume.eu\/baton-lumineux-cyalume-chemlight-snaplight\/systeme-de-marquage-itineraires-demines-razorback\/goulotte-ejection-pour-marqueurs-lumineux-lightshape\/\">\n\t\t\t\t\t\t\t<img loading=\"lazy\" decoding=\"async\" width=\"700\" height=\"500\" src=\"https:\/\/www.cyalume.eu\/wp-content\/uploads\/2019\/03\/Goulotte-d-ejection-de-marqueurs-lumineux-pour-marquage-d-itineraires-demines.jpg\" class=\"elementor-animation-grow attachment-large size-large wp-image-4092\" alt=\"Goulotte d&#039;\u00e9jection de marqueurs lumineux pour marquage d&#039;itin\u00e9raires d\u00e9min\u00e9s\" srcset=\"https:\/\/www.cyalume.eu\/wp-content\/uploads\/2019\/03\/Goulotte-d-ejection-de-marqueurs-lumineux-pour-marquage-d-itineraires-demines.jpg 700w, https:\/\/www.cyalume.eu\/wp-content\/uploads\/2019\/03\/Goulotte-d-ejection-de-marqueurs-lumineux-pour-marquage-d-itineraires-demines-300x214.jpg 300w, https:\/\/www.cyalume.eu\/wp-content\/uploads\/2019\/03\/Goulotte-d-ejection-de-marqueurs-lumineux-pour-marquage-d-itineraires-demines-204x146.jpg 204w, https:\/\/www.cyalume.eu\/wp-content\/uploads\/2019\/03\/Goulotte-d-ejection-de-marqueurs-lumineux-pour-marquage-d-itineraires-demines-50x36.jpg 50w, https:\/\/www.cyalume.eu\/wp-content\/uploads\/2019\/03\/Goulotte-d-ejection-de-marqueurs-lumineux-pour-marquage-d-itineraires-demines-105x75.jpg 105w\" sizes=\"(max-width: 700px) 100vw, 700px\" \/>\t\t\t\t\t\t\t\t<\/a>\n\t\t\t\t\t\t\t\t\t\t\t\t\t\t\t<\/div>\n\t\t\t\t<\/div>\n\t\t\t\t<div class=\"elementor-element elementor-element-68135a75 elementor-widget elementor-widget-heading\" data-id=\"68135a75\" data-element_type=\"widget\" data-e-type=\"widget\" data-widget_type=\"heading.default\">\n\t\t\t\t<div class=\"elementor-widget-container\">\n\t\t\t\t\t<p class=\"elementor-heading-title elementor-size-default\"><a href=\"https:\/\/www.cyalume.eu\/baton-lumineux-cyalume-chemlight-snaplight\/systeme-de-marquage-itineraires-demines-razorback\/goulotte-ejection-pour-marqueurs-lumineux-lightshape\/\">Goulotte d\u2019\u00e9jection pour marqueur LightShape<\/a><\/p>\t\t\t\t<\/div>\n\t\t\t\t<\/div>\n\t\t\t\t\t<\/div>\n\t\t<\/div>\n\t\t\t\t\t<\/div>\n\t\t<\/section>\n\t\t\t\t\t<\/div>\n\t\t<\/div>\n\t\t\t\t\t<\/div>\n\t\t<\/section>\n\t\t\t\t<\/div>\n\t\t","protected":false},"excerpt":{"rendered":"<p>Previous image Next image Commande manuelle du syst\u00e8me d\u2019itin\u00e9raires d\u00e9min\u00e9s Razorback La commande manuelle du dispositif Razorback est au centre du syst\u00e8me puisque cette commande manuelle dot\u00e9e de 20 vitesses permet de r\u00e9gler la vitesse de distribution des marqueurs circulaires lumineux LightShape de 1 marqueur d\u00e9pos\u00e9 au sol par seconde jusqu\u2019\u00e0 1 marqueur toutes les [&hellip;]<\/p>\n","protected":false},"author":2,"featured_media":4094,"parent":4077,"menu_order":2,"comment_status":"closed","ping_status":"closed","template":"","meta":{"footnotes":""},"class_list":["post-4854","page","type-page","status-publish","has-post-thumbnail","hentry"],"aioseo_notices":[],"_links":{"self":[{"href":"https:\/\/www.cyalume.eu\/en\/wp-json\/wp\/v2\/pages\/4854","targetHints":{"allow":["GET"]}}],"collection":[{"href":"https:\/\/www.cyalume.eu\/en\/wp-json\/wp\/v2\/pages"}],"about":[{"href":"https:\/\/www.cyalume.eu\/en\/wp-json\/wp\/v2\/types\/page"}],"author":[{"embeddable":true,"href":"https:\/\/www.cyalume.eu\/en\/wp-json\/wp\/v2\/users\/2"}],"replies":[{"embeddable":true,"href":"https:\/\/www.cyalume.eu\/en\/wp-json\/wp\/v2\/comments?post=4854"}],"version-history":[{"count":6,"href":"https:\/\/www.cyalume.eu\/en\/wp-json\/wp\/v2\/pages\/4854\/revisions"}],"predecessor-version":[{"id":30298,"href":"https:\/\/www.cyalume.eu\/en\/wp-json\/wp\/v2\/pages\/4854\/revisions\/30298"}],"up":[{"embeddable":true,"href":"https:\/\/www.cyalume.eu\/en\/wp-json\/wp\/v2\/pages\/4077"}],"wp:featuredmedia":[{"embeddable":true,"href":"https:\/\/www.cyalume.eu\/en\/wp-json\/wp\/v2\/media\/4094"}],"wp:attachment":[{"href":"https:\/\/www.cyalume.eu\/en\/wp-json\/wp\/v2\/media?parent=4854"}],"curies":[{"name":"wp","href":"https:\/\/api.w.org\/{rel}","templated":true}]}}