{"id":4845,"date":"2019-05-15T11:47:55","date_gmt":"2019-05-15T09:47:55","guid":{"rendered":"https:\/\/www.cyalume.eu\/?page_id=4845"},"modified":"2023-06-09T10:51:58","modified_gmt":"2023-06-09T08:51:58","slug":"lightshape-markers-for-razorback","status":"publish","type":"page","link":"https:\/\/www.cyalume.eu\/en\/cyalume-lightsticks-chemlight-snaplight-glowsticks\/mine-cleared-routes-marking-system-razorback\/lightshape-markers-for-razorback\/","title":{"rendered":"LightShape markers for Razorback"},"content":{"rendered":"\t\t<div data-elementor-type=\"wp-page\" data-elementor-id=\"4845\" class=\"elementor elementor-4845\" data-elementor-post-type=\"page\">\n\t\t\t\t\t\t<section class=\"elementor-section elementor-top-section elementor-element elementor-element-6bc101cd elementor-section-boxed elementor-section-height-default elementor-section-height-default\" data-id=\"6bc101cd\" data-element_type=\"section\" data-e-type=\"section\" data-settings=\"{&quot;background_background&quot;:&quot;classic&quot;}\">\n\t\t\t\t\t\t<div class=\"elementor-container elementor-column-gap-default\">\n\t\t\t\t\t<div class=\"elementor-column elementor-col-100 elementor-top-column elementor-element elementor-element-4641c00c\" data-id=\"4641c00c\" data-element_type=\"column\" data-e-type=\"column\">\n\t\t\t<div class=\"elementor-widget-wrap elementor-element-populated\">\n\t\t\t\t\t\t<div class=\"elementor-element elementor-element-46bde87 elementor-widget elementor-widget-heading\" data-id=\"46bde87\" data-element_type=\"widget\" data-e-type=\"widget\" data-widget_type=\"heading.default\">\n\t\t\t\t<div class=\"elementor-widget-container\">\n\t\t\t\t\t<h1 class=\"elementor-heading-title elementor-size-default\">Marqueurs LightShape pour Razorback<\/h1>\t\t\t\t<\/div>\n\t\t\t\t<\/div>\n\t\t\t\t<div class=\"elementor-element elementor-element-3eaffc32 elementor-widget elementor-widget-shortcode\" data-id=\"3eaffc32\" data-element_type=\"widget\" data-e-type=\"widget\" data-widget_type=\"shortcode.default\">\n\t\t\t\t<div class=\"elementor-widget-container\">\n\t\t\t\t\t\t\t<div class=\"elementor-shortcode\"><nav aria-label=\"breadcrumbs\">\n            <div class=\"breadcrumb-container theme1\">\n                <ol>\n                                    <\/ol>\n            <\/div>\n        <\/nav>    <script type=\"application\/ld+json\">\n        {\n            \"@context\": \"http:\/\/schema.org\",\n            \"@type\": \"BreadcrumbList\",\n            \"itemListElement\": [\n                            ]\n        }\n    <\/script>\n   \n    <script>\n            <\/script>\n<\/div>\n\t\t\t\t\t\t<\/div>\n\t\t\t\t<\/div>\n\t\t\t\t\t<\/div>\n\t\t<\/div>\n\t\t\t\t\t<\/div>\n\t\t<\/section>\n\t\t\t\t<section class=\"elementor-section elementor-top-section elementor-element elementor-element-4335e4a2 elementor-section-boxed elementor-section-height-default elementor-section-height-default\" data-id=\"4335e4a2\" data-element_type=\"section\" data-e-type=\"section\">\n\t\t\t\t\t\t<div class=\"elementor-container elementor-column-gap-default\">\n\t\t\t\t\t<div class=\"elementor-column elementor-col-50 elementor-top-column elementor-element elementor-element-f9bb39e\" data-id=\"f9bb39e\" data-element_type=\"column\" data-e-type=\"column\">\n\t\t\t<div class=\"elementor-widget-wrap elementor-element-populated\">\n\t\t\t\t\t\t<div class=\"elementor-element elementor-element-7d6137ee elementor-arrows-position-inside elementor-pagination-position-outside elementor-widget elementor-widget-image-carousel\" data-id=\"7d6137ee\" data-element_type=\"widget\" data-e-type=\"widget\" data-settings=\"{&quot;slides_to_show&quot;:&quot;1&quot;,&quot;navigation&quot;:&quot;both&quot;,&quot;autoplay&quot;:&quot;yes&quot;,&quot;pause_on_hover&quot;:&quot;yes&quot;,&quot;pause_on_interaction&quot;:&quot;yes&quot;,&quot;autoplay_speed&quot;:5000,&quot;infinite&quot;:&quot;yes&quot;,&quot;effect&quot;:&quot;slide&quot;,&quot;speed&quot;:500}\" data-widget_type=\"image-carousel.default\">\n\t\t\t\t<div class=\"elementor-widget-container\">\n\t\t\t\t\t\t\t<div class=\"elementor-image-carousel-wrapper swiper\" role=\"region\" aria-roledescription=\"carousel\" aria-label=\"Image Carousel\" dir=\"ltr\">\n\t\t\t<div class=\"elementor-image-carousel swiper-wrapper\" aria-live=\"off\">\n\t\t\t\t\t\t\t\t<div class=\"swiper-slide\" role=\"group\" aria-roledescription=\"slide\" aria-label=\"1 sur 1\"><figure class=\"swiper-slide-inner\"><img decoding=\"async\" class=\"swiper-slide-image\" src=\"https:\/\/www.cyalume.eu\/wp-content\/uploads\/2019\/03\/marqueurs-circulaires-Lightshape-pour-systeme-razorback.jpg\" alt=\"marqueurs circulaires Lightshape pour syst\u00e8me razorback\" \/><\/figure><\/div>\t\t\t<\/div>\n\t\t\t\t\t<\/div>\n\t\t\t\t\t\t<\/div>\n\t\t\t\t<\/div>\n\t\t\t\t\t<\/div>\n\t\t<\/div>\n\t\t\t\t<div class=\"elementor-column elementor-col-50 elementor-top-column elementor-element elementor-element-1e0d02ec\" data-id=\"1e0d02ec\" data-element_type=\"column\" data-e-type=\"column\">\n\t\t\t<div class=\"elementor-widget-wrap elementor-element-populated\">\n\t\t\t\t\t\t<div class=\"elementor-element elementor-element-273b170c elementor-widget elementor-widget-text-editor\" data-id=\"273b170c\" data-element_type=\"widget\" data-e-type=\"widget\" data-widget_type=\"text-editor.default\">\n\t\t\t\t<div class=\"elementor-widget-container\">\n\t\t\t\t\t\t\t\t\t<h2>Marqueurs circulaires LightShape pour le marquage d\u2019itin\u00e9raires d\u00e9min\u00e9s<\/h2><p>Les marqueurs LightShape sont l\u00e9gers et simples \u00e0 charger dans les modules de stockage du Razorback (r\u00e9servoirs situ\u00e9s de part et d\u2019autres du v\u00e9hicule \u00e9quip\u00e9). Faisant partie int\u00e9grale du syst\u00e8me de marquage d\u2019itin\u00e9raires d\u00e9min\u00e9s Razorback, et une fois activ\u00e9s, ces marqueurs seront d\u00e9livr\u00e9s et dispos\u00e9s au sol cr\u00e9ant une route dont le trac\u00e9 sera d\u00e9limit\u00e9 par ces cercles lumineux. Ce marquage lumineux permettra alors au convoi d\u2019\u00e9voluer en toute s\u00e9curit\u00e9.<\/p><p>Ces marqueurs circulaires lumineux ont les caract\u00e9ristiques suivantes:<\/p><ul><li>dur\u00e9e d\u2019illumination de 4 heures<\/li><li>disponibles en rouge, jaune, orange, vert et bleu ainsi qu\u2019en infrarouge.<\/li><\/ul><p>Ils sont sans danger pour l\u2019environnement et non-toxiques.<\/p>\t\t\t\t\t\t\t\t<\/div>\n\t\t\t\t<\/div>\n\t\t\t\t<div class=\"elementor-element elementor-element-2c02072c elementor-align-center elementor-widget elementor-widget-button\" data-id=\"2c02072c\" data-element_type=\"widget\" data-e-type=\"widget\" data-widget_type=\"button.default\">\n\t\t\t\t<div class=\"elementor-widget-container\">\n\t\t\t\t\t\t\t\t\t<div class=\"elementor-button-wrapper\">\n\t\t\t\t\t<a class=\"elementor-button elementor-button-link elementor-size-sm\" href=\"https:\/\/www.cyalume.eu\/wp-content\/uploads\/2019\/04\/Produits-Cyalume-avec-NNO.pdf\" target=\"_blank\">\n\t\t\t\t\t\t<span class=\"elementor-button-content-wrapper\">\n\t\t\t\t\t\t<span class=\"elementor-button-icon\">\n\t\t\t\t<i aria-hidden=\"true\" class=\"far fa-file-pdf\"><\/i>\t\t\t<\/span>\n\t\t\t\t\t\t\t\t\t<span class=\"elementor-button-text\">Nous contacter pour toute demande de prix<\/span>\n\t\t\t\t\t<\/span>\n\t\t\t\t\t<\/a>\n\t\t\t\t<\/div>\n\t\t\t\t\t\t\t\t<\/div>\n\t\t\t\t<\/div>\n\t\t\t\t\t<\/div>\n\t\t<\/div>\n\t\t\t\t\t<\/div>\n\t\t<\/section>\n\t\t\t\t<section class=\"elementor-section elementor-top-section elementor-element elementor-element-3649702f elementor-section-boxed elementor-section-height-default elementor-section-height-default\" data-id=\"3649702f\" data-element_type=\"section\" data-e-type=\"section\" data-settings=\"{&quot;background_background&quot;:&quot;classic&quot;}\">\n\t\t\t\t\t\t<div class=\"elementor-container elementor-column-gap-default\">\n\t\t\t\t\t<div class=\"elementor-column elementor-col-100 elementor-top-column elementor-element elementor-element-7a58fa0e\" data-id=\"7a58fa0e\" data-element_type=\"column\" data-e-type=\"column\">\n\t\t\t<div class=\"elementor-widget-wrap elementor-element-populated\">\n\t\t\t\t\t\t<div class=\"elementor-element elementor-element-740691ae elementor-widget elementor-widget-heading\" data-id=\"740691ae\" data-element_type=\"widget\" data-e-type=\"widget\" data-widget_type=\"heading.default\">\n\t\t\t\t<div class=\"elementor-widget-container\">\n\t\t\t\t\t<h3 class=\"elementor-heading-title elementor-size-default\">Les produits Cyalume associ\u00e9s<\/h3>\t\t\t\t<\/div>\n\t\t\t\t<\/div>\n\t\t\t\t<section class=\"elementor-section elementor-inner-section elementor-element elementor-element-daf101e elementor-section-boxed elementor-section-height-default elementor-section-height-default\" data-id=\"daf101e\" data-element_type=\"section\" data-e-type=\"section\">\n\t\t\t\t\t\t<div class=\"elementor-container elementor-column-gap-default\">\n\t\t\t\t\t<div data-ra-url=\"https:\/\/www.cyalume.shop\/fr\/12-batons-lumineux\" data-ra-target=\"_self\" class=\"ra-clickable-wrapper elementor-column elementor-col-25 elementor-inner-column elementor-element elementor-element-79c7bcdb home_produits\" style=\"cursor:pointer;\" data-id=\"79c7bcdb\" data-element_type=\"column\" data-e-type=\"column\" data-settings=\"{&quot;background_background&quot;:&quot;classic&quot;}\">\n\t\t\t<div class=\"elementor-widget-wrap elementor-element-populated\">\n\t\t\t\t\t\t<div class=\"elementor-element elementor-element-ca09413 elementor-widget elementor-widget-image\" data-id=\"ca09413\" data-element_type=\"widget\" data-e-type=\"widget\" data-widget_type=\"image.default\">\n\t\t\t\t<div class=\"elementor-widget-container\">\n\t\t\t\t\t\t\t\t\t\t\t\t\t\t\t\t<a href=\"https:\/\/www.cyalume.eu\/baton-lumineux-cyalume-chemlight-snaplight\/systeme-de-marquage-itineraires-demines-razorback\/\">\n\t\t\t\t\t\t\t<img fetchpriority=\"high\" decoding=\"async\" width=\"700\" height=\"500\" src=\"https:\/\/www.cyalume.eu\/wp-content\/uploads\/2019\/03\/Razorback-systeme-marquage-itineraires-demines.jpg\" class=\"elementor-animation-grow attachment-large size-large wp-image-4083\" alt=\"Razorback syst\u00e8me marquage itin\u00e9raires d\u00e9min\u00e9s\" srcset=\"https:\/\/www.cyalume.eu\/wp-content\/uploads\/2019\/03\/Razorback-systeme-marquage-itineraires-demines.jpg 700w, https:\/\/www.cyalume.eu\/wp-content\/uploads\/2019\/03\/Razorback-systeme-marquage-itineraires-demines-300x214.jpg 300w, https:\/\/www.cyalume.eu\/wp-content\/uploads\/2019\/03\/Razorback-systeme-marquage-itineraires-demines-204x146.jpg 204w, https:\/\/www.cyalume.eu\/wp-content\/uploads\/2019\/03\/Razorback-systeme-marquage-itineraires-demines-50x36.jpg 50w, https:\/\/www.cyalume.eu\/wp-content\/uploads\/2019\/03\/Razorback-systeme-marquage-itineraires-demines-105x75.jpg 105w\" sizes=\"(max-width: 700px) 100vw, 700px\" \/>\t\t\t\t\t\t\t\t<\/a>\n\t\t\t\t\t\t\t\t\t\t\t\t\t\t\t<\/div>\n\t\t\t\t<\/div>\n\t\t\t\t<div class=\"elementor-element elementor-element-4aee937b elementor-widget elementor-widget-heading\" data-id=\"4aee937b\" data-element_type=\"widget\" data-e-type=\"widget\" data-widget_type=\"heading.default\">\n\t\t\t\t<div class=\"elementor-widget-container\">\n\t\t\t\t\t<p class=\"elementor-heading-title elementor-size-default\"><a href=\"https:\/\/www.cyalume.eu\/baton-lumineux-cyalume-chemlight-snaplight\/systeme-de-marquage-itineraires-demines-razorback\/\">Syst\u00e8me de marquage d\u2019itin\u00e9raires d\u00e9min\u00e9s<\/a><\/p>\t\t\t\t<\/div>\n\t\t\t\t<\/div>\n\t\t\t\t\t<\/div>\n\t\t<\/div>\n\t\t\t\t<div data-ra-url=\"https:\/\/www.cyalume.shop\/fr\/12-batons-lumineux\" data-ra-target=\"_self\" class=\"ra-clickable-wrapper elementor-column elementor-col-25 elementor-inner-column elementor-element elementor-element-413a6da5 home_produits\" style=\"cursor:pointer;\" data-id=\"413a6da5\" data-element_type=\"column\" data-e-type=\"column\" data-settings=\"{&quot;background_background&quot;:&quot;classic&quot;}\">\n\t\t\t<div class=\"elementor-widget-wrap elementor-element-populated\">\n\t\t\t\t\t\t<div class=\"elementor-element elementor-element-23cf6c2f elementor-widget elementor-widget-image\" data-id=\"23cf6c2f\" data-element_type=\"widget\" data-e-type=\"widget\" data-widget_type=\"image.default\">\n\t\t\t\t<div class=\"elementor-widget-container\">\n\t\t\t\t\t\t\t\t\t\t\t\t\t\t\t\t<a href=\"https:\/\/www.cyalume.eu\/baton-lumineux-cyalume-chemlight-snaplight\/systeme-de-marquage-itineraires-demines-razorback\/dispositif-activation-et-de-distribution-des-marqueurs\/\">\n\t\t\t\t\t\t\t<img decoding=\"async\" width=\"700\" height=\"500\" src=\"https:\/\/www.cyalume.eu\/wp-content\/uploads\/2019\/03\/systeme-de-distribution-de-LightShape-sur-razorback-marquage-d-itineraires-demines.jpg\" class=\"elementor-animation-grow attachment-large size-large wp-image-4090\" alt=\"syst\u00e8me de distribution de LightShape sur razorback marquage d&#039;itin\u00e9raires d\u00e9min\u00e9s\" srcset=\"https:\/\/www.cyalume.eu\/wp-content\/uploads\/2019\/03\/systeme-de-distribution-de-LightShape-sur-razorback-marquage-d-itineraires-demines.jpg 700w, https:\/\/www.cyalume.eu\/wp-content\/uploads\/2019\/03\/systeme-de-distribution-de-LightShape-sur-razorback-marquage-d-itineraires-demines-300x214.jpg 300w, https:\/\/www.cyalume.eu\/wp-content\/uploads\/2019\/03\/systeme-de-distribution-de-LightShape-sur-razorback-marquage-d-itineraires-demines-204x146.jpg 204w, https:\/\/www.cyalume.eu\/wp-content\/uploads\/2019\/03\/systeme-de-distribution-de-LightShape-sur-razorback-marquage-d-itineraires-demines-50x36.jpg 50w, https:\/\/www.cyalume.eu\/wp-content\/uploads\/2019\/03\/systeme-de-distribution-de-LightShape-sur-razorback-marquage-d-itineraires-demines-105x75.jpg 105w\" sizes=\"(max-width: 700px) 100vw, 700px\" \/>\t\t\t\t\t\t\t\t<\/a>\n\t\t\t\t\t\t\t\t\t\t\t\t\t\t\t<\/div>\n\t\t\t\t<\/div>\n\t\t\t\t<div class=\"elementor-element elementor-element-3ca52f elementor-widget elementor-widget-heading\" data-id=\"3ca52f\" data-element_type=\"widget\" data-e-type=\"widget\" data-widget_type=\"heading.default\">\n\t\t\t\t<div class=\"elementor-widget-container\">\n\t\t\t\t\t<p class=\"elementor-heading-title elementor-size-default\"><a href=\"https:\/\/www.cyalume.eu\/baton-lumineux-cyalume-chemlight-snaplight\/systeme-de-marquage-itineraires-demines-razorback\/dispositif-activation-et-de-distribution-des-marqueurs\/\">Dispositif d\u2019activation et de distribution<\/a><\/p>\t\t\t\t<\/div>\n\t\t\t\t<\/div>\n\t\t\t\t\t<\/div>\n\t\t<\/div>\n\t\t\t\t<div data-ra-url=\"https:\/\/www.cyalume.shop\/fr\/12-batons-lumineux\" data-ra-target=\"_self\" class=\"ra-clickable-wrapper elementor-column elementor-col-25 elementor-inner-column elementor-element elementor-element-4cf077e5 home_produits\" style=\"cursor:pointer;\" data-id=\"4cf077e5\" data-element_type=\"column\" data-e-type=\"column\" data-settings=\"{&quot;background_background&quot;:&quot;classic&quot;}\">\n\t\t\t<div class=\"elementor-widget-wrap elementor-element-populated\">\n\t\t\t\t\t\t<div class=\"elementor-element elementor-element-5ff68448 elementor-widget elementor-widget-image\" data-id=\"5ff68448\" data-element_type=\"widget\" data-e-type=\"widget\" data-widget_type=\"image.default\">\n\t\t\t\t<div class=\"elementor-widget-container\">\n\t\t\t\t\t\t\t\t\t\t\t\t\t\t\t\t<a href=\"https:\/\/www.cyalume.eu\/baton-lumineux-cyalume-chemlight-snaplight\/systeme-de-marquage-itineraires-demines-razorback\/commande-manuelle-du-razorback\/\">\n\t\t\t\t\t\t\t<img decoding=\"async\" width=\"700\" height=\"500\" src=\"https:\/\/www.cyalume.eu\/wp-content\/uploads\/2019\/03\/commande-manuelle-razorback-systeme-de-marquage-d-itineraires-de-routes-deminees.jpg\" class=\"elementor-animation-grow attachment-large size-large wp-image-4091\" alt=\"commande manuelle razorback syst\u00e8me de marquage d&#039;itin\u00e9raires de routes demin\u00e9es\" srcset=\"https:\/\/www.cyalume.eu\/wp-content\/uploads\/2019\/03\/commande-manuelle-razorback-systeme-de-marquage-d-itineraires-de-routes-deminees.jpg 700w, https:\/\/www.cyalume.eu\/wp-content\/uploads\/2019\/03\/commande-manuelle-razorback-systeme-de-marquage-d-itineraires-de-routes-deminees-300x214.jpg 300w, https:\/\/www.cyalume.eu\/wp-content\/uploads\/2019\/03\/commande-manuelle-razorback-systeme-de-marquage-d-itineraires-de-routes-deminees-204x146.jpg 204w, https:\/\/www.cyalume.eu\/wp-content\/uploads\/2019\/03\/commande-manuelle-razorback-systeme-de-marquage-d-itineraires-de-routes-deminees-50x36.jpg 50w, https:\/\/www.cyalume.eu\/wp-content\/uploads\/2019\/03\/commande-manuelle-razorback-systeme-de-marquage-d-itineraires-de-routes-deminees-105x75.jpg 105w\" sizes=\"(max-width: 700px) 100vw, 700px\" \/>\t\t\t\t\t\t\t\t<\/a>\n\t\t\t\t\t\t\t\t\t\t\t\t\t\t\t<\/div>\n\t\t\t\t<\/div>\n\t\t\t\t<div class=\"elementor-element elementor-element-780ee79f elementor-widget elementor-widget-heading\" data-id=\"780ee79f\" data-element_type=\"widget\" data-e-type=\"widget\" data-widget_type=\"heading.default\">\n\t\t\t\t<div class=\"elementor-widget-container\">\n\t\t\t\t\t<p class=\"elementor-heading-title elementor-size-default\"><a href=\"https:\/\/www.cyalume.eu\/baton-lumineux-cyalume-chemlight-snaplight\/systeme-de-marquage-itineraires-demines-razorback\/commande-manuelle-du-razorback\/\">Commande manuelle du razorback<\/a><\/p>\t\t\t\t<\/div>\n\t\t\t\t<\/div>\n\t\t\t\t\t<\/div>\n\t\t<\/div>\n\t\t\t\t<div data-ra-url=\"https:\/\/www.cyalume.shop\/fr\/12-batons-lumineux\" data-ra-target=\"_self\" class=\"ra-clickable-wrapper elementor-column elementor-col-25 elementor-inner-column elementor-element elementor-element-21682239 home_produits\" style=\"cursor:pointer;\" data-id=\"21682239\" data-element_type=\"column\" data-e-type=\"column\" data-settings=\"{&quot;background_background&quot;:&quot;classic&quot;}\">\n\t\t\t<div class=\"elementor-widget-wrap elementor-element-populated\">\n\t\t\t\t\t\t<div class=\"elementor-element elementor-element-2f20828d elementor-widget elementor-widget-image\" data-id=\"2f20828d\" data-element_type=\"widget\" data-e-type=\"widget\" data-widget_type=\"image.default\">\n\t\t\t\t<div class=\"elementor-widget-container\">\n\t\t\t\t\t\t\t\t\t\t\t\t\t\t\t\t<a href=\"https:\/\/www.cyalume.eu\/baton-lumineux-cyalume-chemlight-snaplight\/systeme-de-marquage-itineraires-demines-razorback\/goulotte-ejection-pour-marqueurs-lumineux-lightshape\/\">\n\t\t\t\t\t\t\t<img loading=\"lazy\" decoding=\"async\" width=\"700\" height=\"500\" src=\"https:\/\/www.cyalume.eu\/wp-content\/uploads\/2019\/03\/Goulotte-d-ejection-de-marqueurs-lumineux-pour-marquage-d-itineraires-demines.jpg\" class=\"elementor-animation-grow attachment-large size-large wp-image-4092\" alt=\"Goulotte d&#039;\u00e9jection de marqueurs lumineux pour marquage d&#039;itin\u00e9raires d\u00e9min\u00e9s\" srcset=\"https:\/\/www.cyalume.eu\/wp-content\/uploads\/2019\/03\/Goulotte-d-ejection-de-marqueurs-lumineux-pour-marquage-d-itineraires-demines.jpg 700w, https:\/\/www.cyalume.eu\/wp-content\/uploads\/2019\/03\/Goulotte-d-ejection-de-marqueurs-lumineux-pour-marquage-d-itineraires-demines-300x214.jpg 300w, https:\/\/www.cyalume.eu\/wp-content\/uploads\/2019\/03\/Goulotte-d-ejection-de-marqueurs-lumineux-pour-marquage-d-itineraires-demines-204x146.jpg 204w, https:\/\/www.cyalume.eu\/wp-content\/uploads\/2019\/03\/Goulotte-d-ejection-de-marqueurs-lumineux-pour-marquage-d-itineraires-demines-50x36.jpg 50w, https:\/\/www.cyalume.eu\/wp-content\/uploads\/2019\/03\/Goulotte-d-ejection-de-marqueurs-lumineux-pour-marquage-d-itineraires-demines-105x75.jpg 105w\" sizes=\"(max-width: 700px) 100vw, 700px\" \/>\t\t\t\t\t\t\t\t<\/a>\n\t\t\t\t\t\t\t\t\t\t\t\t\t\t\t<\/div>\n\t\t\t\t<\/div>\n\t\t\t\t<div class=\"elementor-element elementor-element-63645b35 elementor-widget elementor-widget-heading\" data-id=\"63645b35\" data-element_type=\"widget\" data-e-type=\"widget\" data-widget_type=\"heading.default\">\n\t\t\t\t<div class=\"elementor-widget-container\">\n\t\t\t\t\t<p class=\"elementor-heading-title elementor-size-default\"><a href=\"https:\/\/www.cyalume.eu\/baton-lumineux-cyalume-chemlight-snaplight\/systeme-de-marquage-itineraires-demines-razorback\/goulotte-ejection-pour-marqueurs-lumineux-lightshape\/\">Goulotte d\u2019\u00e9jection pour marqueur LightShape<\/a><\/p>\t\t\t\t<\/div>\n\t\t\t\t<\/div>\n\t\t\t\t\t<\/div>\n\t\t<\/div>\n\t\t\t\t\t<\/div>\n\t\t<\/section>\n\t\t\t\t\t<\/div>\n\t\t<\/div>\n\t\t\t\t\t<\/div>\n\t\t<\/section>\n\t\t\t\t<\/div>\n\t\t","protected":false},"excerpt":{"rendered":"<p>Marqueurs circulaires LightShape pour le marquage d\u2019itin\u00e9raires d\u00e9min\u00e9s Les marqueurs LightShape sont l\u00e9gers et simples \u00e0 charger dans les modules de stockage du Razorback (r\u00e9servoirs situ\u00e9s de part et d\u2019autres du v\u00e9hicule \u00e9quip\u00e9). Faisant partie int\u00e9grale du syst\u00e8me de marquage d\u2019itin\u00e9raires d\u00e9min\u00e9s Razorback, et une fois activ\u00e9s, ces marqueurs seront d\u00e9livr\u00e9s et dispos\u00e9s au sol [&hellip;]<\/p>\n","protected":false},"author":2,"featured_media":4094,"parent":4077,"menu_order":2,"comment_status":"closed","ping_status":"closed","template":"","meta":{"footnotes":""},"class_list":["post-4845","page","type-page","status-publish","has-post-thumbnail","hentry"],"aioseo_notices":[],"_links":{"self":[{"href":"https:\/\/www.cyalume.eu\/en\/wp-json\/wp\/v2\/pages\/4845","targetHints":{"allow":["GET"]}}],"collection":[{"href":"https:\/\/www.cyalume.eu\/en\/wp-json\/wp\/v2\/pages"}],"about":[{"href":"https:\/\/www.cyalume.eu\/en\/wp-json\/wp\/v2\/types\/page"}],"author":[{"embeddable":true,"href":"https:\/\/www.cyalume.eu\/en\/wp-json\/wp\/v2\/users\/2"}],"replies":[{"embeddable":true,"href":"https:\/\/www.cyalume.eu\/en\/wp-json\/wp\/v2\/comments?post=4845"}],"version-history":[{"count":6,"href":"https:\/\/www.cyalume.eu\/en\/wp-json\/wp\/v2\/pages\/4845\/revisions"}],"predecessor-version":[{"id":30310,"href":"https:\/\/www.cyalume.eu\/en\/wp-json\/wp\/v2\/pages\/4845\/revisions\/30310"}],"up":[{"embeddable":true,"href":"https:\/\/www.cyalume.eu\/en\/wp-json\/wp\/v2\/pages\/4077"}],"wp:featuredmedia":[{"embeddable":true,"href":"https:\/\/www.cyalume.eu\/en\/wp-json\/wp\/v2\/media\/4094"}],"wp:attachment":[{"href":"https:\/\/www.cyalume.eu\/en\/wp-json\/wp\/v2\/media?parent=4845"}],"curies":[{"name":"wp","href":"https:\/\/api.w.org\/{rel}","templated":true}]}}