{"id":4679,"date":"2019-04-25T10:07:12","date_gmt":"2019-04-25T08:07:12","guid":{"rendered":"https:\/\/www.cyalume.eu\/?page_id=4679"},"modified":"2025-06-13T15:44:10","modified_gmt":"2025-06-13T13:44:10","slug":"6-inch-combat-light-shield-15cm-for-lightstick","status":"publish","type":"page","link":"https:\/\/www.cyalume.eu\/en\/cyalume-lightsticks-chemlight-snaplight-glowsticks\/accessories\/6-inch-combat-light-shield-15cm-for-lightstick\/","title":{"rendered":"6 inch Combat Light Shield (15cm) for lightstick"},"content":{"rendered":"\t\t<div data-elementor-type=\"wp-page\" data-elementor-id=\"4679\" class=\"elementor elementor-4679\" data-elementor-post-type=\"page\">\n\t\t\t\t\t\t<section class=\"elementor-section elementor-top-section elementor-element elementor-element-275156c6 elementor-section-boxed elementor-section-height-default elementor-section-height-default\" data-id=\"275156c6\" data-element_type=\"section\" data-e-type=\"section\" data-settings=\"{&quot;background_background&quot;:&quot;classic&quot;}\">\n\t\t\t\t\t\t<div class=\"elementor-container elementor-column-gap-default\">\n\t\t\t\t\t<div class=\"elementor-column elementor-col-100 elementor-top-column elementor-element elementor-element-7fe5c86b\" data-id=\"7fe5c86b\" data-element_type=\"column\" data-e-type=\"column\">\n\t\t\t<div class=\"elementor-widget-wrap elementor-element-populated\">\n\t\t\t\t\t\t<div class=\"elementor-element elementor-element-15ad169d elementor-widget elementor-widget-heading\" data-id=\"15ad169d\" data-element_type=\"widget\" data-e-type=\"widget\" data-widget_type=\"heading.default\">\n\t\t\t\t<div class=\"elementor-widget-container\">\n\t\t\t\t\t<h1 class=\"elementor-heading-title elementor-size-default\">\u00c9cran kaki directionnel pour b\u00e2ton lumineux 15cm<\/h1>\t\t\t\t<\/div>\n\t\t\t\t<\/div>\n\t\t\t\t<div class=\"elementor-element elementor-element-6e7a8ab0 elementor-widget elementor-widget-shortcode\" data-id=\"6e7a8ab0\" data-element_type=\"widget\" data-e-type=\"widget\" data-widget_type=\"shortcode.default\">\n\t\t\t\t<div class=\"elementor-widget-container\">\n\t\t\t\t\t\t\t<div class=\"elementor-shortcode\"><nav aria-label=\"breadcrumbs\">\n            <div class=\"breadcrumb-container theme1\">\n                <ol>\n                                    <\/ol>\n            <\/div>\n        <\/nav>    <script type=\"application\/ld+json\">\n        {\n            \"@context\": \"http:\/\/schema.org\",\n            \"@type\": \"BreadcrumbList\",\n            \"itemListElement\": [\n                            ]\n        }\n    <\/script>\n   \n    <script>\n            <\/script>\n<\/div>\n\t\t\t\t\t\t<\/div>\n\t\t\t\t<\/div>\n\t\t\t\t\t<\/div>\n\t\t<\/div>\n\t\t\t\t\t<\/div>\n\t\t<\/section>\n\t\t\t\t<section class=\"elementor-section elementor-top-section elementor-element elementor-element-40fed5ac elementor-section-boxed elementor-section-height-default elementor-section-height-default\" data-id=\"40fed5ac\" data-element_type=\"section\" data-e-type=\"section\">\n\t\t\t\t\t\t<div class=\"elementor-container elementor-column-gap-default\">\n\t\t\t\t\t<div class=\"elementor-column elementor-col-50 elementor-top-column elementor-element elementor-element-37f270bc\" data-id=\"37f270bc\" data-element_type=\"column\" data-e-type=\"column\">\n\t\t\t<div class=\"elementor-widget-wrap elementor-element-populated\">\n\t\t\t\t\t\t<div class=\"elementor-element elementor-element-df50871 elementor-arrows-position-inside elementor-pagination-position-outside elementor-widget elementor-widget-image-carousel\" data-id=\"df50871\" data-element_type=\"widget\" data-e-type=\"widget\" data-settings=\"{&quot;slides_to_show&quot;:&quot;1&quot;,&quot;navigation&quot;:&quot;both&quot;,&quot;autoplay&quot;:&quot;yes&quot;,&quot;pause_on_hover&quot;:&quot;yes&quot;,&quot;pause_on_interaction&quot;:&quot;yes&quot;,&quot;autoplay_speed&quot;:5000,&quot;infinite&quot;:&quot;yes&quot;,&quot;effect&quot;:&quot;slide&quot;,&quot;speed&quot;:500}\" data-widget_type=\"image-carousel.default\">\n\t\t\t\t<div class=\"elementor-widget-container\">\n\t\t\t\t\t\t\t<div class=\"elementor-image-carousel-wrapper swiper\" role=\"region\" aria-roledescription=\"carousel\" aria-label=\"Carrousel d\u2019images\" dir=\"ltr\">\n\t\t\t<div class=\"elementor-image-carousel swiper-wrapper\" aria-live=\"off\">\n\t\t\t\t\t\t\t\t<div class=\"swiper-slide\" role=\"group\" aria-roledescription=\"slide\" aria-label=\"1 sur 5\"><figure class=\"swiper-slide-inner\"><img decoding=\"async\" class=\"swiper-slide-image\" src=\"https:\/\/www.cyalume.eu\/wp-content\/uploads\/2019\/03\/ecran-kaki-pour-baton-lumineux-15cm.jpg\" alt=\"ecran kaki pour baton lumineux 15cm\" \/><\/figure><\/div><div class=\"swiper-slide\" role=\"group\" aria-roledescription=\"slide\" aria-label=\"2 sur 5\"><figure class=\"swiper-slide-inner\"><img decoding=\"async\" class=\"swiper-slide-image\" src=\"https:\/\/www.cyalume.eu\/wp-content\/uploads\/2019\/04\/ecran-kaki-directionnel-avec-baton-lumineux-ultra-haute-intensite-orange.jpg\" alt=\"\u00e9cran kaki directionnel avec b\u00e2ton lumineux ultra haute intensit\u00e9 orange\" \/><\/figure><\/div><div class=\"swiper-slide\" role=\"group\" aria-roledescription=\"slide\" aria-label=\"3 sur 5\"><figure class=\"swiper-slide-inner\"><img decoding=\"async\" class=\"swiper-slide-image\" src=\"https:\/\/www.cyalume.eu\/wp-content\/uploads\/2019\/04\/ecran-kaki-pour-controler-quantite-de-lumiere-emise-par-baton-lumineux.jpg\" alt=\"\u00e9cran kaki pour contr\u00f4ler quantit\u00e9 de lumi\u00e8re \u00e9mise par b\u00e2ton lumineux\" \/><\/figure><\/div><div class=\"swiper-slide\" role=\"group\" aria-roledescription=\"slide\" aria-label=\"4 sur 5\"><figure class=\"swiper-slide-inner\"><img decoding=\"async\" class=\"swiper-slide-image\" src=\"https:\/\/www.cyalume.eu\/wp-content\/uploads\/2019\/04\/etui-directionnel-pour-baton-lumineux-cyalume.jpg\" alt=\"\u00e9tui directionnel pour b\u00e2ton lumineux cyalume\" \/><\/figure><\/div><div class=\"swiper-slide\" role=\"group\" aria-roledescription=\"slide\" aria-label=\"5 sur 5\"><figure class=\"swiper-slide-inner\"><img decoding=\"async\" class=\"swiper-slide-image\" src=\"https:\/\/www.cyalume.eu\/wp-content\/uploads\/2019\/08\/controle-de-la-fenetre-rotative-de-l-ecran-kaki-directionnel-pour-baton-lumineux.jpg\" alt=\"controle de la fenetre rotative de l ecran kaki directionnel pour baton lumineux\" \/><\/figure><\/div>\t\t\t<\/div>\n\t\t\t\t\t\t\t\t\t\t\t\t<div class=\"elementor-swiper-button elementor-swiper-button-prev\" role=\"button\" tabindex=\"0\">\n\t\t\t\t\t\t<i aria-hidden=\"true\" class=\"eicon-chevron-left\"><\/i>\t\t\t\t\t<\/div>\n\t\t\t\t\t<div class=\"elementor-swiper-button elementor-swiper-button-next\" role=\"button\" tabindex=\"0\">\n\t\t\t\t\t\t<i aria-hidden=\"true\" class=\"eicon-chevron-right\"><\/i>\t\t\t\t\t<\/div>\n\t\t\t\t\n\t\t\t\t\t\t\t\t\t<div class=\"swiper-pagination\"><\/div>\n\t\t\t\t\t\t\t\t\t<\/div>\n\t\t\t\t\t\t<\/div>\n\t\t\t\t<\/div>\n\t\t\t\t\t<\/div>\n\t\t<\/div>\n\t\t\t\t<div class=\"elementor-column elementor-col-50 elementor-top-column elementor-element elementor-element-131abe0e\" data-id=\"131abe0e\" data-element_type=\"column\" data-e-type=\"column\">\n\t\t\t<div class=\"elementor-widget-wrap elementor-element-populated\">\n\t\t\t\t\t\t<div class=\"elementor-element elementor-element-2d54862f elementor-widget elementor-widget-text-editor\" data-id=\"2d54862f\" data-element_type=\"widget\" data-e-type=\"widget\" data-widget_type=\"text-editor.default\">\n\t\t\t\t<div class=\"elementor-widget-container\">\n\t\t\t\t\t\t\t\t\t<h2>\u00c9cran kaki directionnel pour b\u00e2ton 15cm : un \u00e9tui pour contr\u00f4ler la quantit\u00e9 de lumi\u00e8re \u00e9mise<\/h2><p><strong>L\u2019\u00e9cran kaki directionnel<\/strong> permet de loger un b\u00e2ton lumineux de 15cm et de <strong>contr\u00f4ler la quantit\u00e9 de lumi\u00e8re \u00e9mise<\/strong> par le stick. Une fois le b\u00e2ton lumineux activ\u00e9 et ins\u00e9r\u00e9 \u00e0 l\u2019int\u00e9rieur de l\u2019\u00e9tui directionnel , sa fen\u00eatre rotative permet de r\u00e9gler le niveau de lumi\u00e8re \u00e9mis. Il est aussi possible de fixer cet \u00e9tui \u00e0 tous types de support gr\u00e2ce \u00e0 ses trois syst\u00e8mes d\u2019accroches et sa patte de fixation.<\/p><p>Fabriqu\u00e9 en plastique tr\u00e8s r\u00e9sistant, l\u2019\u00e9tui directionnel cr\u00e9e un \u00e9cran pour contr\u00f4ler la lumi\u00e8re visible dans des situations tactiques. Cet \u00e9quipement tactique simple permet entre autres de baliser un itin\u00e9raire dans une seule direction.<\/p>\t\t\t\t\t\t\t\t<\/div>\n\t\t\t\t<\/div>\n\t\t\t\t<div class=\"elementor-element elementor-element-20d268d3 elementor-align-center elementor-widget elementor-widget-button\" data-id=\"20d268d3\" data-element_type=\"widget\" data-e-type=\"widget\" data-widget_type=\"button.default\">\n\t\t\t\t<div class=\"elementor-widget-container\">\n\t\t\t\t\t\t\t\t\t<div class=\"elementor-button-wrapper\">\n\t\t\t\t\t<a class=\"elementor-button elementor-button-link elementor-size-sm\" href=\"https:\/\/www.cyalume.shop\/fr\/accessoires\/41-ecran-kaki-etui-directionnel-pour-batons-lumineux-chemlight-et-snaplight-15cm-cyalume.html\" target=\"_blank\">\n\t\t\t\t\t\t<span class=\"elementor-button-content-wrapper\">\n\t\t\t\t\t\t<span class=\"elementor-button-icon\">\n\t\t\t\t<i aria-hidden=\"true\" class=\"fas fa-shopping-cart\"><\/i>\t\t\t<\/span>\n\t\t\t\t\t\t\t\t\t<span class=\"elementor-button-text\">ACHETER<\/span>\n\t\t\t\t\t<\/span>\n\t\t\t\t\t<\/a>\n\t\t\t\t<\/div>\n\t\t\t\t\t\t\t\t<\/div>\n\t\t\t\t<\/div>\n\t\t\t\t\t<\/div>\n\t\t<\/div>\n\t\t\t\t\t<\/div>\n\t\t<\/section>\n\t\t\t\t<section class=\"elementor-section elementor-top-section elementor-element elementor-element-7fb34fbd elementor-section-full_width elementor-section-height-default elementor-section-height-default\" data-id=\"7fb34fbd\" data-element_type=\"section\" data-e-type=\"section\" data-settings=\"{&quot;background_background&quot;:&quot;classic&quot;}\">\n\t\t\t\t\t\t<div class=\"elementor-container elementor-column-gap-default\">\n\t\t\t\t\t<div class=\"elementor-column elementor-col-33 elementor-top-column elementor-element elementor-element-38909b80\" data-id=\"38909b80\" data-element_type=\"column\" data-e-type=\"column\">\n\t\t\t<div class=\"elementor-widget-wrap elementor-element-populated\">\n\t\t\t\t\t\t<div class=\"elementor-element elementor-element-1b1c9437 elementor-view-default elementor-position-block-start elementor-mobile-position-block-start elementor-widget elementor-widget-icon-box\" data-id=\"1b1c9437\" data-element_type=\"widget\" data-e-type=\"widget\" data-widget_type=\"icon-box.default\">\n\t\t\t\t<div class=\"elementor-widget-container\">\n\t\t\t\t\t\t\t<div class=\"elementor-icon-box-wrapper\">\n\n\t\t\t\t\t\t<div class=\"elementor-icon-box-icon\">\n\t\t\t\t<span  class=\"elementor-icon elementor-animation-float\">\n\t\t\t\t<i aria-hidden=\"true\" class=\"fas fa-box\"><\/i>\t\t\t\t<\/span>\n\t\t\t<\/div>\n\t\t\t\n\t\t\t\t\t\t<div class=\"elementor-icon-box-content\">\n\n\t\t\t\t\t\t\t\t\t<h4 class=\"elementor-icon-box-title\">\n\t\t\t\t\t\t<span  >\n\t\t\t\t\t\t\tConditionnement\t\t\t\t\t\t<\/span>\n\t\t\t\t\t<\/h4>\n\t\t\t\t\n\t\t\t\t\t\t\t\t\t<p class=\"elementor-icon-box-description\">\n\t\t\t\t\t\t\u00e0 l\u2019unit\u00e9 <br \/>\t\t\t\t\t<\/p>\n\t\t\t\t\n\t\t\t<\/div>\n\t\t\t\n\t\t<\/div>\n\t\t\t\t\t\t<\/div>\n\t\t\t\t<\/div>\n\t\t\t\t\t<\/div>\n\t\t<\/div>\n\t\t\t\t<div class=\"elementor-column elementor-col-33 elementor-top-column elementor-element elementor-element-6c72ecd4\" data-id=\"6c72ecd4\" data-element_type=\"column\" data-e-type=\"column\">\n\t\t\t<div class=\"elementor-widget-wrap elementor-element-populated\">\n\t\t\t\t\t\t<div class=\"elementor-element elementor-element-2f4ae611 elementor-view-default elementor-position-block-start elementor-mobile-position-block-start elementor-widget elementor-widget-icon-box\" data-id=\"2f4ae611\" data-element_type=\"widget\" data-e-type=\"widget\" data-widget_type=\"icon-box.default\">\n\t\t\t\t<div class=\"elementor-widget-container\">\n\t\t\t\t\t\t\t<div class=\"elementor-icon-box-wrapper\">\n\n\t\t\t\t\t\t<div class=\"elementor-icon-box-icon\">\n\t\t\t\t<span  class=\"elementor-icon elementor-animation-float\">\n\t\t\t\t<i aria-hidden=\"true\" class=\"far fa-clock\"><\/i>\t\t\t\t<\/span>\n\t\t\t<\/div>\n\t\t\t\n\t\t\t\t\t\t<div class=\"elementor-icon-box-content\">\n\n\t\t\t\t\t\t\t\t\t<h4 class=\"elementor-icon-box-title\">\n\t\t\t\t\t\t<span  >\n\t\t\t\t\t\t\tCouleur\t\t\t\t\t\t<\/span>\n\t\t\t\t\t<\/h4>\n\t\t\t\t\n\t\t\t\t\t\t\t\t\t<p class=\"elementor-icon-box-description\">\n\t\t\t\t\t\tKaki\t\t\t\t\t<\/p>\n\t\t\t\t\n\t\t\t<\/div>\n\t\t\t\n\t\t<\/div>\n\t\t\t\t\t\t<\/div>\n\t\t\t\t<\/div>\n\t\t\t\t\t<\/div>\n\t\t<\/div>\n\t\t\t\t<div class=\"elementor-column elementor-col-33 elementor-top-column elementor-element elementor-element-5831caa8\" data-id=\"5831caa8\" data-element_type=\"column\" data-e-type=\"column\">\n\t\t\t<div class=\"elementor-widget-wrap elementor-element-populated\">\n\t\t\t\t\t\t<div class=\"elementor-element elementor-element-56485433 elementor-view-default elementor-position-block-start elementor-mobile-position-block-start elementor-widget elementor-widget-icon-box\" data-id=\"56485433\" data-element_type=\"widget\" data-e-type=\"widget\" data-widget_type=\"icon-box.default\">\n\t\t\t\t<div class=\"elementor-widget-container\">\n\t\t\t\t\t\t\t<div class=\"elementor-icon-box-wrapper\">\n\n\t\t\t\t\t\t<div class=\"elementor-icon-box-icon\">\n\t\t\t\t<span  class=\"elementor-icon elementor-animation-float\">\n\t\t\t\t<i aria-hidden=\"true\" class=\"fas fa-arrows-alt-h\"><\/i>\t\t\t\t<\/span>\n\t\t\t<\/div>\n\t\t\t\n\t\t\t\t\t\t<div class=\"elementor-icon-box-content\">\n\n\t\t\t\t\t\t\t\t\t<h4 class=\"elementor-icon-box-title\">\n\t\t\t\t\t\t<span  >\n\t\t\t\t\t\t\tDimensions et Poids (individuel non emball\u00e9)\t\t\t\t\t\t<\/span>\n\t\t\t\t\t<\/h4>\n\t\t\t\t\n\t\t\t\t\t\t\t\t\t<p class=\"elementor-icon-box-description\">\n\t\t\t\t\t\tHauteur: 170 mm <br \/>\nDiam\u00e8tre: 23 mm <br \/>\nPoids: 30.6 g\n\t\t\t\t\t<\/p>\n\t\t\t\t\n\t\t\t<\/div>\n\t\t\t\n\t\t<\/div>\n\t\t\t\t\t\t<\/div>\n\t\t\t\t<\/div>\n\t\t\t\t\t<\/div>\n\t\t<\/div>\n\t\t\t\t\t<\/div>\n\t\t<\/section>\n\t\t\t\t<section class=\"elementor-section elementor-top-section elementor-element elementor-element-31e97590 elementor-section-boxed elementor-section-height-default elementor-section-height-default\" data-id=\"31e97590\" data-element_type=\"section\" data-e-type=\"section\" data-settings=\"{&quot;background_background&quot;:&quot;classic&quot;}\">\n\t\t\t\t\t\t<div class=\"elementor-container elementor-column-gap-default\">\n\t\t\t\t\t<div class=\"elementor-column elementor-col-100 elementor-top-column elementor-element elementor-element-30da80bf\" data-id=\"30da80bf\" data-element_type=\"column\" data-e-type=\"column\">\n\t\t\t<div class=\"elementor-widget-wrap elementor-element-populated\">\n\t\t\t\t\t\t<div class=\"elementor-element elementor-element-cd6f2d8 elementor-widget elementor-widget-heading\" data-id=\"cd6f2d8\" data-element_type=\"widget\" data-e-type=\"widget\" data-widget_type=\"heading.default\">\n\t\t\t\t<div class=\"elementor-widget-container\">\n\t\t\t\t\t<h3 class=\"elementor-heading-title elementor-size-default\">Les produits Cyalume associ\u00e9s<\/h3>\t\t\t\t<\/div>\n\t\t\t\t<\/div>\n\t\t\t\t<section class=\"elementor-section elementor-inner-section elementor-element elementor-element-587e31c7 elementor-section-boxed elementor-section-height-default elementor-section-height-default\" data-id=\"587e31c7\" data-element_type=\"section\" data-e-type=\"section\">\n\t\t\t\t\t\t<div class=\"elementor-container elementor-column-gap-default\">\n\t\t\t\t\t<div class=\"elementor-column elementor-col-25 elementor-inner-column elementor-element elementor-element-5db2958b home_produits\" data-id=\"5db2958b\" data-element_type=\"column\" data-e-type=\"column\" data-settings=\"{&quot;background_background&quot;:&quot;classic&quot;}\">\n\t\t\t<div class=\"elementor-widget-wrap elementor-element-populated\">\n\t\t\t\t\t\t<div class=\"elementor-element elementor-element-32412e7c elementor-widget elementor-widget-image\" data-id=\"32412e7c\" data-element_type=\"widget\" data-e-type=\"widget\" data-widget_type=\"image.default\">\n\t\t\t\t<div class=\"elementor-widget-container\">\n\t\t\t\t\t\t\t\t\t\t\t\t\t\t\t\t<a href=\"\/baton-lumineux-cyalume-chemlight-snaplight\/batons-et-marqueurs-lumineux\/baton-lumineux-6-inch-chemlight-15cm\/\">\n\t\t\t\t\t\t\t<img fetchpriority=\"high\" decoding=\"async\" width=\"700\" height=\"500\" src=\"https:\/\/www.cyalume.eu\/wp-content\/uploads\/2025\/06\/baton-lumineux-cyalume-Chemlight-15cm.jpg\" class=\"elementor-animation-grow attachment-large size-large wp-image-31014\" alt=\"\" srcset=\"https:\/\/www.cyalume.eu\/wp-content\/uploads\/2025\/06\/baton-lumineux-cyalume-Chemlight-15cm.jpg 700w, https:\/\/www.cyalume.eu\/wp-content\/uploads\/2025\/06\/baton-lumineux-cyalume-Chemlight-15cm-300x214.jpg 300w, https:\/\/www.cyalume.eu\/wp-content\/uploads\/2025\/06\/baton-lumineux-cyalume-Chemlight-15cm-18x12.jpg 18w\" sizes=\"(max-width: 700px) 100vw, 700px\" \/>\t\t\t\t\t\t\t\t<\/a>\n\t\t\t\t\t\t\t\t\t\t\t\t\t\t\t<\/div>\n\t\t\t\t<\/div>\n\t\t\t\t<div class=\"elementor-element elementor-element-573bd873 elementor-widget elementor-widget-heading\" data-id=\"573bd873\" data-element_type=\"widget\" data-e-type=\"widget\" data-widget_type=\"heading.default\">\n\t\t\t\t<div class=\"elementor-widget-container\">\n\t\t\t\t\t<p class=\"elementor-heading-title elementor-size-default\"><a href=\"\/baton-lumineux-cyalume-chemlight-snaplight\/batons-et-marqueurs-lumineux\/baton-lumineux-6-inch-chemlight-15cm\/\">ChemLight 6\u2033 (15cm)<\/a><\/p>\t\t\t\t<\/div>\n\t\t\t\t<\/div>\n\t\t\t\t\t<\/div>\n\t\t<\/div>\n\t\t\t\t<div class=\"elementor-column elementor-col-25 elementor-inner-column elementor-element elementor-element-a8ecc15 home_produits\" data-id=\"a8ecc15\" data-element_type=\"column\" data-e-type=\"column\" data-settings=\"{&quot;background_background&quot;:&quot;classic&quot;}\">\n\t\t\t<div class=\"elementor-widget-wrap elementor-element-populated\">\n\t\t\t\t\t\t<div class=\"elementor-element elementor-element-487f2c84 elementor-widget elementor-widget-image\" data-id=\"487f2c84\" data-element_type=\"widget\" data-e-type=\"widget\" data-widget_type=\"image.default\">\n\t\t\t\t<div class=\"elementor-widget-container\">\n\t\t\t\t\t\t\t\t\t\t\t\t\t\t\t\t<a href=\"https:\/\/www.cyalume.eu\/baton-lumineux-cyalume-chemlight-snaplight\/accessoires-batons-lumineux-cyalume\/base-magnetique-pour-batons-lumineux-utilisation-militaire\/\">\n\t\t\t\t\t\t\t<img decoding=\"async\" width=\"700\" height=\"500\" src=\"https:\/\/www.cyalume.eu\/wp-content\/uploads\/2019\/03\/base-magnetique-modele-militaire-pour-batons-lumineux.jpg\" class=\"elementor-animation-grow attachment-large size-large wp-image-4000\" alt=\"base magnetique modele militaire pour batons lumineux\" srcset=\"https:\/\/www.cyalume.eu\/wp-content\/uploads\/2019\/03\/base-magnetique-modele-militaire-pour-batons-lumineux.jpg 700w, https:\/\/www.cyalume.eu\/wp-content\/uploads\/2019\/03\/base-magnetique-modele-militaire-pour-batons-lumineux-300x214.jpg 300w, https:\/\/www.cyalume.eu\/wp-content\/uploads\/2019\/03\/base-magnetique-modele-militaire-pour-batons-lumineux-204x146.jpg 204w, https:\/\/www.cyalume.eu\/wp-content\/uploads\/2019\/03\/base-magnetique-modele-militaire-pour-batons-lumineux-50x36.jpg 50w, https:\/\/www.cyalume.eu\/wp-content\/uploads\/2019\/03\/base-magnetique-modele-militaire-pour-batons-lumineux-105x75.jpg 105w\" sizes=\"(max-width: 700px) 100vw, 700px\" \/>\t\t\t\t\t\t\t\t<\/a>\n\t\t\t\t\t\t\t\t\t\t\t\t\t\t\t<\/div>\n\t\t\t\t<\/div>\n\t\t\t\t<div class=\"elementor-element elementor-element-45ae1d59 elementor-widget elementor-widget-heading\" data-id=\"45ae1d59\" data-element_type=\"widget\" data-e-type=\"widget\" data-widget_type=\"heading.default\">\n\t\t\t\t<div class=\"elementor-widget-container\">\n\t\t\t\t\t<p class=\"elementor-heading-title elementor-size-default\"><a href=\"https:\/\/www.cyalume.eu\/baton-lumineux-cyalume-chemlight-snaplight\/accessoires-batons-lumineux-cyalume\/base-magnetique-pour-batons-lumineux-utilisation-militaire\/\">Base Magn\u00e9tique -Utilisation Militaire<\/a><\/p>\t\t\t\t<\/div>\n\t\t\t\t<\/div>\n\t\t\t\t\t<\/div>\n\t\t<\/div>\n\t\t\t\t<div class=\"elementor-column elementor-col-25 elementor-inner-column elementor-element elementor-element-606778f7 home_produits\" data-id=\"606778f7\" data-element_type=\"column\" data-e-type=\"column\" data-settings=\"{&quot;background_background&quot;:&quot;classic&quot;}\">\n\t\t\t<div class=\"elementor-widget-wrap elementor-element-populated\">\n\t\t\t\t\t\t<div class=\"elementor-element elementor-element-6b756f58 elementor-widget elementor-widget-image\" data-id=\"6b756f58\" data-element_type=\"widget\" data-e-type=\"widget\" data-widget_type=\"image.default\">\n\t\t\t\t<div class=\"elementor-widget-container\">\n\t\t\t\t\t\t\t\t\t\t\t\t\t\t\t\t<a href=\"\/baton-lumineux-cyalume-chemlight-snaplight\/batons-et-marqueurs-lumineux\/balise-lumineuse-personnelle-identification-pml\/\">\n\t\t\t\t\t\t\t<img decoding=\"async\" width=\"700\" height=\"500\" src=\"https:\/\/www.cyalume.eu\/wp-content\/uploads\/2025\/06\/green-pml.png\" class=\"elementor-animation-grow attachment-large size-large wp-image-30997\" alt=\"\" srcset=\"https:\/\/www.cyalume.eu\/wp-content\/uploads\/2025\/06\/green-pml.png 700w, https:\/\/www.cyalume.eu\/wp-content\/uploads\/2025\/06\/green-pml-300x214.png 300w, https:\/\/www.cyalume.eu\/wp-content\/uploads\/2025\/06\/green-pml-18x12.png 18w\" sizes=\"(max-width: 700px) 100vw, 700px\" \/>\t\t\t\t\t\t\t\t<\/a>\n\t\t\t\t\t\t\t\t\t\t\t\t\t\t\t<\/div>\n\t\t\t\t<\/div>\n\t\t\t\t<div class=\"elementor-element elementor-element-65dfb0fe elementor-widget elementor-widget-heading\" data-id=\"65dfb0fe\" data-element_type=\"widget\" data-e-type=\"widget\" data-widget_type=\"heading.default\">\n\t\t\t\t<div class=\"elementor-widget-container\">\n\t\t\t\t\t<p class=\"elementor-heading-title elementor-size-default\"><a href=\"\/baton-lumineux-cyalume-chemlight-snaplight\/batons-et-marqueurs-lumineux\/balise-lumineuse-personnelle-identification-pml\/\">Balise lumineuse personnelle d\u2019identification PML<\/a><\/p>\t\t\t\t<\/div>\n\t\t\t\t<\/div>\n\t\t\t\t\t<\/div>\n\t\t<\/div>\n\t\t\t\t<div class=\"elementor-column elementor-col-25 elementor-inner-column elementor-element elementor-element-477a3ba6 home_produits\" data-id=\"477a3ba6\" data-element_type=\"column\" data-e-type=\"column\" data-settings=\"{&quot;background_background&quot;:&quot;classic&quot;}\">\n\t\t\t<div class=\"elementor-widget-wrap elementor-element-populated\">\n\t\t\t\t\t\t<div class=\"elementor-element elementor-element-22a1d54e elementor-widget elementor-widget-image\" data-id=\"22a1d54e\" data-element_type=\"widget\" data-e-type=\"widget\" data-widget_type=\"image.default\">\n\t\t\t\t<div class=\"elementor-widget-container\">\n\t\t\t\t\t\t\t\t\t\t\t\t\t\t\t\t<a href=\"https:\/\/www.cyalume.eu\/baton-lumineux-cyalume-chemlight-snaplight\/accessoires-batons-lumineux-cyalume\/fil-piege-detecteur-lumineux-intrusion\/\">\n\t\t\t\t\t\t\t<img loading=\"lazy\" decoding=\"async\" width=\"700\" height=\"500\" src=\"https:\/\/www.cyalume.eu\/wp-content\/uploads\/2019\/03\/fil-piege-detecteur-lumineux-d-intrusion-pour-baton-cyalume-e1556198142653.jpg\" class=\"elementor-animation-grow attachment-large size-large wp-image-4002\" alt=\"fil piege detecteur lumineux d intrusion pour baton cyalume\" srcset=\"https:\/\/www.cyalume.eu\/wp-content\/uploads\/2019\/03\/fil-piege-detecteur-lumineux-d-intrusion-pour-baton-cyalume-e1556198142653.jpg 700w, https:\/\/www.cyalume.eu\/wp-content\/uploads\/2019\/03\/fil-piege-detecteur-lumineux-d-intrusion-pour-baton-cyalume-e1556198142653-300x214.jpg 300w, https:\/\/www.cyalume.eu\/wp-content\/uploads\/2019\/03\/fil-piege-detecteur-lumineux-d-intrusion-pour-baton-cyalume-e1556198142653-204x146.jpg 204w, https:\/\/www.cyalume.eu\/wp-content\/uploads\/2019\/03\/fil-piege-detecteur-lumineux-d-intrusion-pour-baton-cyalume-e1556198142653-50x36.jpg 50w, https:\/\/www.cyalume.eu\/wp-content\/uploads\/2019\/03\/fil-piege-detecteur-lumineux-d-intrusion-pour-baton-cyalume-e1556198142653-105x75.jpg 105w\" sizes=\"(max-width: 700px) 100vw, 700px\" \/>\t\t\t\t\t\t\t\t<\/a>\n\t\t\t\t\t\t\t\t\t\t\t\t\t\t\t<\/div>\n\t\t\t\t<\/div>\n\t\t\t\t<div class=\"elementor-element elementor-element-607ddb9c elementor-widget elementor-widget-heading\" data-id=\"607ddb9c\" data-element_type=\"widget\" data-e-type=\"widget\" data-widget_type=\"heading.default\">\n\t\t\t\t<div class=\"elementor-widget-container\">\n\t\t\t\t\t<p class=\"elementor-heading-title elementor-size-default\"><a href=\"https:\/\/www.cyalume.eu\/baton-lumineux-cyalume-chemlight-snaplight\/accessoires-batons-lumineux-cyalume\/fil-piege-detecteur-lumineux-intrusion\/\">Fil Pi\u00e8ge D\u00e9tecteur lumineux Intrusion<\/a><\/p>\t\t\t\t<\/div>\n\t\t\t\t<\/div>\n\t\t\t\t\t<\/div>\n\t\t<\/div>\n\t\t\t\t\t<\/div>\n\t\t<\/section>\n\t\t\t\t\t<\/div>\n\t\t<\/div>\n\t\t\t\t\t<\/div>\n\t\t<\/section>\n\t\t\t\t<\/div>\n\t\t","protected":false},"excerpt":{"rendered":"<p>\u00c9cran kaki directionnel pour b\u00e2ton 15cm : un \u00e9tui pour contr\u00f4ler la quantit\u00e9 de lumi\u00e8re \u00e9mise L\u2019\u00e9cran kaki directionnel permet de loger un b\u00e2ton lumineux de 15cm et de contr\u00f4ler la quantit\u00e9 de lumi\u00e8re \u00e9mise par le stick. Une fois le b\u00e2ton lumineux activ\u00e9 et ins\u00e9r\u00e9 \u00e0 l\u2019int\u00e9rieur de l\u2019\u00e9tui directionnel , sa fen\u00eatre rotative [&hellip;]<\/p>\n","protected":false},"author":2,"featured_media":4011,"parent":3989,"menu_order":0,"comment_status":"closed","ping_status":"closed","template":"","meta":{"footnotes":""},"class_list":["post-4679","page","type-page","status-publish","has-post-thumbnail","hentry"],"aioseo_notices":[],"_links":{"self":[{"href":"https:\/\/www.cyalume.eu\/en\/wp-json\/wp\/v2\/pages\/4679","targetHints":{"allow":["GET"]}}],"collection":[{"href":"https:\/\/www.cyalume.eu\/en\/wp-json\/wp\/v2\/pages"}],"about":[{"href":"https:\/\/www.cyalume.eu\/en\/wp-json\/wp\/v2\/types\/page"}],"author":[{"embeddable":true,"href":"https:\/\/www.cyalume.eu\/en\/wp-json\/wp\/v2\/users\/2"}],"replies":[{"embeddable":true,"href":"https:\/\/www.cyalume.eu\/en\/wp-json\/wp\/v2\/comments?post=4679"}],"version-history":[{"count":20,"href":"https:\/\/www.cyalume.eu\/en\/wp-json\/wp\/v2\/pages\/4679\/revisions"}],"predecessor-version":[{"id":31076,"href":"https:\/\/www.cyalume.eu\/en\/wp-json\/wp\/v2\/pages\/4679\/revisions\/31076"}],"up":[{"embeddable":true,"href":"https:\/\/www.cyalume.eu\/en\/wp-json\/wp\/v2\/pages\/3989"}],"wp:featuredmedia":[{"embeddable":true,"href":"https:\/\/www.cyalume.eu\/en\/wp-json\/wp\/v2\/media\/4011"}],"wp:attachment":[{"href":"https:\/\/www.cyalume.eu\/en\/wp-json\/wp\/v2\/media?parent=4679"}],"curies":[{"name":"wp","href":"https:\/\/api.w.org\/{rel}","templated":true}]}}