{"id":4097,"date":"2019-03-08T12:12:19","date_gmt":"2019-03-08T11:12:19","guid":{"rendered":"https:\/\/www.cyalume.eu\/?page_id=4097"},"modified":"2023-09-04T17:04:35","modified_gmt":"2023-09-04T15:04:35","slug":"40mm-ammunition","status":"publish","type":"page","link":"https:\/\/www.cyalume.eu\/en\/cyalume-lightsticks-chemlight-snaplight-glowsticks\/40mm-ammunition\/","title":{"rendered":"40mm Ammunition"},"content":{"rendered":"\t\t<div data-elementor-type=\"wp-page\" data-elementor-id=\"4097\" class=\"elementor elementor-4097\" data-elementor-post-type=\"page\">\n\t\t\t\t\t\t<section class=\"elementor-section elementor-top-section elementor-element elementor-element-1f5b81e6 elementor-section-boxed elementor-section-height-default elementor-section-height-default\" data-id=\"1f5b81e6\" data-element_type=\"section\" data-e-type=\"section\" data-settings=\"{&quot;background_background&quot;:&quot;classic&quot;}\">\n\t\t\t\t\t\t<div class=\"elementor-container elementor-column-gap-default\">\n\t\t\t\t\t<div class=\"elementor-column elementor-col-100 elementor-top-column elementor-element elementor-element-36d2372c\" data-id=\"36d2372c\" data-element_type=\"column\" data-e-type=\"column\">\n\t\t\t<div class=\"elementor-widget-wrap elementor-element-populated\">\n\t\t\t\t\t\t<div class=\"elementor-element elementor-element-16c742d4 elementor-widget elementor-widget-heading\" data-id=\"16c742d4\" data-element_type=\"widget\" data-e-type=\"widget\" data-widget_type=\"heading.default\">\n\t\t\t\t<div class=\"elementor-widget-container\">\n\t\t\t\t\t<h1 class=\"elementor-heading-title elementor-size-default\">Munitions 40mm<\/h1>\t\t\t\t<\/div>\n\t\t\t\t<\/div>\n\t\t\t\t<div class=\"elementor-element elementor-element-52f62dbd elementor-widget elementor-widget-shortcode\" data-id=\"52f62dbd\" data-element_type=\"widget\" data-e-type=\"widget\" data-widget_type=\"shortcode.default\">\n\t\t\t\t<div class=\"elementor-widget-container\">\n\t\t\t\t\t\t\t<div class=\"elementor-shortcode\"><nav aria-label=\"breadcrumbs\">\n            <div class=\"breadcrumb-container theme1\">\n                <ol>\n                                    <\/ol>\n            <\/div>\n        <\/nav>    <script type=\"application\/ld+json\">\n        {\n            \"@context\": \"http:\/\/schema.org\",\n            \"@type\": \"BreadcrumbList\",\n            \"itemListElement\": [\n                            ]\n        }\n    <\/script>\n   \n    <script>\n            <\/script>\n<\/div>\n\t\t\t\t\t\t<\/div>\n\t\t\t\t<\/div>\n\t\t\t\t\t<\/div>\n\t\t<\/div>\n\t\t\t\t\t<\/div>\n\t\t<\/section>\n\t\t\t\t<section class=\"elementor-section elementor-top-section elementor-element elementor-element-4a94fdc elementor-section-full_width elementor-section-height-default elementor-section-height-default\" data-id=\"4a94fdc\" data-element_type=\"section\" data-e-type=\"section\" data-settings=\"{&quot;background_background&quot;:&quot;classic&quot;}\">\n\t\t\t\t\t\t<div class=\"elementor-container elementor-column-gap-default\">\n\t\t\t\t\t<div class=\"elementor-column elementor-col-100 elementor-top-column elementor-element elementor-element-3d19c30\" data-id=\"3d19c30\" data-element_type=\"column\" data-e-type=\"column\">\n\t\t\t<div class=\"elementor-widget-wrap elementor-element-populated\">\n\t\t\t\t\t\t<div class=\"elementor-element elementor-element-906089c elementor-widget elementor-widget-heading\" data-id=\"906089c\" data-element_type=\"widget\" data-e-type=\"widget\" data-widget_type=\"heading.default\">\n\t\t\t\t<div class=\"elementor-widget-container\">\n\t\t\t\t\t<h2 class=\"elementor-heading-title elementor-size-default\">Cartouche d\u2019exercice Cyalume basse v\u00e9locit\u00e9 40mm, munition chimioluminescente pour l\u2019entrainement: l\u2019alternative id\u00e9ale aux munitions pyrotechniques traditionnelles<\/h2>\t\t\t\t<\/div>\n\t\t\t\t<\/div>\n\t\t\t\t\t<\/div>\n\t\t<\/div>\n\t\t\t\t\t<\/div>\n\t\t<\/section>\n\t\t\t\t<section class=\"elementor-section elementor-top-section elementor-element elementor-element-56961df elementor-section-boxed elementor-section-height-default elementor-section-height-default\" data-id=\"56961df\" data-element_type=\"section\" data-e-type=\"section\">\n\t\t\t\t\t\t<div class=\"elementor-container elementor-column-gap-default\">\n\t\t\t\t\t<div class=\"elementor-column elementor-col-100 elementor-top-column elementor-element elementor-element-db686c3\" data-id=\"db686c3\" data-element_type=\"column\" data-e-type=\"column\">\n\t\t\t<div class=\"elementor-widget-wrap elementor-element-populated\">\n\t\t\t\t\t\t<div class=\"elementor-element elementor-element-d57b592 elementor-align-center elementor-widget elementor-widget-button\" data-id=\"d57b592\" data-element_type=\"widget\" data-e-type=\"widget\" data-widget_type=\"button.default\">\n\t\t\t\t<div class=\"elementor-widget-container\">\n\t\t\t\t\t\t\t\t\t<div class=\"elementor-button-wrapper\">\n\t\t\t\t\t<a class=\"elementor-button elementor-button-link elementor-size-sm\" href=\"https:\/\/www.cyalume.eu\/cyalume-technologies\/contact-ou-nous-trouver\/\" target=\"_blank\">\n\t\t\t\t\t\t<span class=\"elementor-button-content-wrapper\">\n\t\t\t\t\t\t<span class=\"elementor-button-icon\">\n\t\t\t\t<i aria-hidden=\"true\" class=\"fas fa-envelope-open\"><\/i>\t\t\t<\/span>\n\t\t\t\t\t\t\t\t\t<span class=\"elementor-button-text\"> Nous consulter pour nous soumettre votre projet<\/span>\n\t\t\t\t\t<\/span>\n\t\t\t\t\t<\/a>\n\t\t\t\t<\/div>\n\t\t\t\t\t\t\t\t<\/div>\n\t\t\t\t<\/div>\n\t\t\t\t\t<\/div>\n\t\t<\/div>\n\t\t\t\t\t<\/div>\n\t\t<\/section>\n\t\t\t\t<section class=\"elementor-section elementor-top-section elementor-element elementor-element-22ccd8c elementor-section-boxed elementor-section-height-default elementor-section-height-default\" data-id=\"22ccd8c\" data-element_type=\"section\" data-e-type=\"section\">\n\t\t\t\t\t\t<div class=\"elementor-container elementor-column-gap-default\">\n\t\t\t\t\t<div class=\"elementor-column elementor-col-50 elementor-top-column elementor-element elementor-element-5d9983e\" data-id=\"5d9983e\" data-element_type=\"column\" data-e-type=\"column\">\n\t\t\t<div class=\"elementor-widget-wrap elementor-element-populated\">\n\t\t\t\t\t\t<div class=\"elementor-element elementor-element-f639fe2 elementor-widget elementor-widget-text-editor\" data-id=\"f639fe2\" data-element_type=\"widget\" data-e-type=\"widget\" data-widget_type=\"text-editor.default\">\n\t\t\t\t<div class=\"elementor-widget-container\">\n\t\t\t\t\t\t\t\t\t<p>Les applications de munitions chimioluminescentes fournissent des signatures d\u2019impact r\u00e9alistes et sont non-pyrotechniques, sans risque d\u2019explosion pour les munitions rat\u00e9es (munitions vertes), non incendiaires et ne n\u00e9cessitent pas l\u2019intervention d\u2019\u00e9quipes de d\u00e9minage. Elles sont \u00e9galement respectueuses de l\u2019environnement.<br \/>Developp\u00e9e en tant que solution alternative moins on\u00e9reuse et moins dangereuse que les munitions pyrotechniques traditionnelles, la gamme CyMunition propose de r\u00e9duire les co\u00fbts directement associ\u00e9s aux polluants toxiques \u00e9manant des munitions rat\u00e9es et des incendies pouvant s\u2019en d\u00e9gager.<br \/>Les CyMunitions sont utilis\u00e9es pour l\u2019entra\u00eenement, le rep\u00e9rage, le marquage et la signalisation. Les charges Cyalume de calibre moyen offrent de hautes performances en termes d\u2019illumination et de dur\u00e9e avec des capacit\u00e9s in\u00e9gal\u00e9es de fonctionnement dans des environnements aussi bien secs qu\u2019humides. Leur fonctionnement reste tr\u00e8s discret ne laissant aucune trace de lumi\u00e8re visible.<br \/>Cyalume Technologies est fier d\u2019\u00eatre le seul fabriquant ayant mis au point la technologie de munitions chimioluminescentes.<\/p><h3>Applications des munitions Cyalume de calibre moyen 40mm<\/h3><ul><li>Munition pour l\u2019ENTRAINEMENT \u2013 Permet au combattant de s\u2019entra\u00eener sans pr\u00e9occupations de s\u00e9curit\u00e9 li\u00e9es aux munitions conventionnelles.<\/li><li>Munition pour le MARQUAGE\u2013 Les grenades CyMunition offrent de jour comme de nuit des solutions de marquage visibles et discr\u00e8tes.<\/li><\/ul><h3>Description de la cartouche d\u2019exercice Cyalume 40 mm Basse V\u00e9locit\u00e9 :<\/h3><p>La grenade Cyalume est un type de munition fixe destin\u00e9e \u00e0 \u00eatre tir\u00e9e par des lanceurs de grenade 40mm.<\/p><h3><strong>Pour utilisations dans les armes:<br \/><\/strong><\/h3><p>Cette munition d\u2019entrainement ou grenade d\u2019exercice peut \u00eatre utilis\u00e9e avec un M203, M79, HK269 F et autres lanceurs de grenade\u00a040mm compatibles qualifi\u00e9s par l\u2019OTAN.<\/p>\t\t\t\t\t\t\t\t<\/div>\n\t\t\t\t<\/div>\n\t\t\t\t\t<\/div>\n\t\t<\/div>\n\t\t\t\t<div class=\"elementor-column elementor-col-50 elementor-top-column elementor-element elementor-element-2caeb4a\" data-id=\"2caeb4a\" data-element_type=\"column\" data-e-type=\"column\">\n\t\t\t<div class=\"elementor-widget-wrap elementor-element-populated\">\n\t\t\t\t\t\t<div class=\"elementor-element elementor-element-a20e14b elementor-arrows-position-inside elementor-pagination-position-outside elementor-widget elementor-widget-image-carousel\" data-id=\"a20e14b\" data-element_type=\"widget\" data-e-type=\"widget\" data-settings=\"{&quot;slides_to_show&quot;:&quot;1&quot;,&quot;navigation&quot;:&quot;both&quot;,&quot;autoplay&quot;:&quot;yes&quot;,&quot;pause_on_hover&quot;:&quot;yes&quot;,&quot;pause_on_interaction&quot;:&quot;yes&quot;,&quot;autoplay_speed&quot;:5000,&quot;infinite&quot;:&quot;yes&quot;,&quot;effect&quot;:&quot;slide&quot;,&quot;speed&quot;:500}\" data-widget_type=\"image-carousel.default\">\n\t\t\t\t<div class=\"elementor-widget-container\">\n\t\t\t\t\t\t\t<div class=\"elementor-image-carousel-wrapper swiper\" role=\"region\" aria-roledescription=\"carousel\" aria-label=\"Image Carousel\" dir=\"ltr\">\n\t\t\t<div class=\"elementor-image-carousel swiper-wrapper\" aria-live=\"off\">\n\t\t\t\t\t\t\t\t<div class=\"swiper-slide\" role=\"group\" aria-roledescription=\"slide\" aria-label=\"1 sur 2\"><figure class=\"swiper-slide-inner\"><img decoding=\"async\" class=\"swiper-slide-image\" src=\"https:\/\/www.cyalume.eu\/wp-content\/uploads\/2019\/03\/munition-40mm-grenade-exercice-cyalume.jpg\" alt=\"munition 40mm grenade exercice cyalume\" \/><\/figure><\/div><div class=\"swiper-slide\" role=\"group\" aria-roledescription=\"slide\" aria-label=\"2 sur 2\"><figure class=\"swiper-slide-inner\"><img decoding=\"async\" class=\"swiper-slide-image\" src=\"https:\/\/www.cyalume.eu\/wp-content\/uploads\/2019\/03\/munition-innovante-lumineuse-sans-risque-de-munitions-non-explosee.jpg\" alt=\"munition innovante lumineuse sans risque de munitions non explos\u00e9e\" \/><\/figure><\/div>\t\t\t<\/div>\n\t\t\t\t\t\t\t\t\t\t\t\t<div class=\"elementor-swiper-button elementor-swiper-button-prev\" role=\"button\" tabindex=\"0\">\n\t\t\t\t\t\t<i aria-hidden=\"true\" class=\"eicon-chevron-left\"><\/i>\t\t\t\t\t<\/div>\n\t\t\t\t\t<div class=\"elementor-swiper-button elementor-swiper-button-next\" role=\"button\" tabindex=\"0\">\n\t\t\t\t\t\t<i aria-hidden=\"true\" class=\"eicon-chevron-right\"><\/i>\t\t\t\t\t<\/div>\n\t\t\t\t\n\t\t\t\t\t\t\t\t\t<div class=\"swiper-pagination\"><\/div>\n\t\t\t\t\t\t\t\t\t<\/div>\n\t\t\t\t\t\t<\/div>\n\t\t\t\t<\/div>\n\t\t\t\t\t<\/div>\n\t\t<\/div>\n\t\t\t\t\t<\/div>\n\t\t<\/section>\n\t\t\t\t<section class=\"elementor-section elementor-top-section elementor-element elementor-element-7c863f0 elementor-section-boxed elementor-section-height-default elementor-section-height-default\" data-id=\"7c863f0\" data-element_type=\"section\" data-e-type=\"section\">\n\t\t\t\t\t\t<div class=\"elementor-container elementor-column-gap-default\">\n\t\t\t\t\t<div class=\"elementor-column elementor-col-50 elementor-top-column elementor-element elementor-element-c8128f7\" data-id=\"c8128f7\" data-element_type=\"column\" data-e-type=\"column\">\n\t\t\t<div class=\"elementor-widget-wrap elementor-element-populated\">\n\t\t\t\t\t\t<div class=\"elementor-element elementor-element-0076283 elementor-widget elementor-widget-image\" data-id=\"0076283\" data-element_type=\"widget\" data-e-type=\"widget\" data-widget_type=\"image.default\">\n\t\t\t\t<div class=\"elementor-widget-container\">\n\t\t\t\t\t\t\t\t\t\t\t\t\t\t\t<img decoding=\"async\" width=\"343\" height=\"129\" src=\"https:\/\/www.cyalume.eu\/wp-content\/uploads\/2019\/03\/munition-d-entrainement-non-pyrotechnique-basse-velocite.jpg\" class=\"attachment-large size-large wp-image-4100\" alt=\"munition d&#039;entrainement non pyrotechnique basse v\u00e9locit\u00e9\" srcset=\"https:\/\/www.cyalume.eu\/wp-content\/uploads\/2019\/03\/munition-d-entrainement-non-pyrotechnique-basse-velocite.jpg 343w, https:\/\/www.cyalume.eu\/wp-content\/uploads\/2019\/03\/munition-d-entrainement-non-pyrotechnique-basse-velocite-300x113.jpg 300w, https:\/\/www.cyalume.eu\/wp-content\/uploads\/2019\/03\/munition-d-entrainement-non-pyrotechnique-basse-velocite-260x98.jpg 260w, https:\/\/www.cyalume.eu\/wp-content\/uploads\/2019\/03\/munition-d-entrainement-non-pyrotechnique-basse-velocite-50x19.jpg 50w, https:\/\/www.cyalume.eu\/wp-content\/uploads\/2019\/03\/munition-d-entrainement-non-pyrotechnique-basse-velocite-150x56.jpg 150w\" sizes=\"(max-width: 343px) 100vw, 343px\" \/>\t\t\t\t\t\t\t\t\t\t\t\t\t\t\t<\/div>\n\t\t\t\t<\/div>\n\t\t\t\t\t<\/div>\n\t\t<\/div>\n\t\t\t\t<div class=\"elementor-column elementor-col-50 elementor-top-column elementor-element elementor-element-e5998aa\" data-id=\"e5998aa\" data-element_type=\"column\" data-e-type=\"column\">\n\t\t\t<div class=\"elementor-widget-wrap elementor-element-populated\">\n\t\t\t\t\t\t<div class=\"elementor-element elementor-element-c248024 elementor-widget elementor-widget-image\" data-id=\"c248024\" data-element_type=\"widget\" data-e-type=\"widget\" data-widget_type=\"image.default\">\n\t\t\t\t<div class=\"elementor-widget-container\">\n\t\t\t\t\t\t\t\t\t\t\t\t\t\t\t<img decoding=\"async\" width=\"343\" height=\"138\" src=\"https:\/\/www.cyalume.eu\/wp-content\/uploads\/2019\/03\/marquage-visible-par-grenade-d-exercice-40mm-en-entrainement.jpg\" class=\"attachment-large size-large wp-image-4098\" alt=\"marquage visible par grenade d&#039;exercice 40mm en entrainement\" srcset=\"https:\/\/www.cyalume.eu\/wp-content\/uploads\/2019\/03\/marquage-visible-par-grenade-d-exercice-40mm-en-entrainement.jpg 343w, https:\/\/www.cyalume.eu\/wp-content\/uploads\/2019\/03\/marquage-visible-par-grenade-d-exercice-40mm-en-entrainement-300x121.jpg 300w, https:\/\/www.cyalume.eu\/wp-content\/uploads\/2019\/03\/marquage-visible-par-grenade-d-exercice-40mm-en-entrainement-260x105.jpg 260w, https:\/\/www.cyalume.eu\/wp-content\/uploads\/2019\/03\/marquage-visible-par-grenade-d-exercice-40mm-en-entrainement-50x20.jpg 50w, https:\/\/www.cyalume.eu\/wp-content\/uploads\/2019\/03\/marquage-visible-par-grenade-d-exercice-40mm-en-entrainement-150x60.jpg 150w\" sizes=\"(max-width: 343px) 100vw, 343px\" \/>\t\t\t\t\t\t\t\t\t\t\t\t\t\t\t<\/div>\n\t\t\t\t<\/div>\n\t\t\t\t\t<\/div>\n\t\t<\/div>\n\t\t\t\t\t<\/div>\n\t\t<\/section>\n\t\t\t\t<section class=\"elementor-section elementor-top-section elementor-element elementor-element-78616a7 elementor-section-boxed elementor-section-height-default elementor-section-height-default\" data-id=\"78616a7\" data-element_type=\"section\" data-e-type=\"section\">\n\t\t\t\t\t\t<div class=\"elementor-container elementor-column-gap-default\">\n\t\t\t\t\t<div class=\"elementor-column elementor-col-100 elementor-top-column elementor-element elementor-element-dd6e643\" data-id=\"dd6e643\" data-element_type=\"column\" data-e-type=\"column\">\n\t\t\t<div class=\"elementor-widget-wrap elementor-element-populated\">\n\t\t\t\t\t\t<div class=\"elementor-element elementor-element-0e1a3a2 elementor-widget elementor-widget-heading\" data-id=\"0e1a3a2\" data-element_type=\"widget\" data-e-type=\"widget\" data-widget_type=\"heading.default\">\n\t\t\t\t<div class=\"elementor-widget-container\">\n\t\t\t\t\t<h2 class=\"elementor-heading-title elementor-size-default\">Quelles sont les diff\u00e9rences entre une munition d\u2019entrainement Cyalume et les autres munitions disponibles sur le march\u00e9?<\/h2>\t\t\t\t<\/div>\n\t\t\t\t<\/div>\n\t\t\t\t\t<\/div>\n\t\t<\/div>\n\t\t\t\t\t<\/div>\n\t\t<\/section>\n\t\t\t\t<section class=\"elementor-section elementor-top-section elementor-element elementor-element-1b82ece elementor-section-boxed elementor-section-height-default elementor-section-height-default\" data-id=\"1b82ece\" data-element_type=\"section\" data-e-type=\"section\">\n\t\t\t\t\t\t<div class=\"elementor-container elementor-column-gap-default\">\n\t\t\t\t\t<div class=\"elementor-column elementor-col-66 elementor-top-column elementor-element elementor-element-dce0939\" data-id=\"dce0939\" data-element_type=\"column\" data-e-type=\"column\">\n\t\t\t<div class=\"elementor-widget-wrap elementor-element-populated\">\n\t\t\t\t\t\t<div class=\"elementor-element elementor-element-4c87c66 elementor-widget elementor-widget-text-editor\" data-id=\"4c87c66\" data-element_type=\"widget\" data-e-type=\"widget\" data-widget_type=\"text-editor.default\">\n\t\t\t\t<div class=\"elementor-widget-container\">\n\t\t\t\t\t\t\t\t\t<h3><strong>La grenade d\u2019exercice Cyalume 40mm est non-pyrotechnique<br \/><\/strong><\/h3><p>Les charges chimioluminescentes CyMunition sont non-pyrotechniques \u00e0 100% \u00e9liminant le risque d\u2019incendies lors d\u2019entra\u00eenements.<br \/>Chaque ann\u00e9e, des entra\u00eenements avec des munitions conventionnelles donnent lieu \u00e0 des incendies et de nombreuses heures d\u2019entra\u00eenement sont perdues en raison d\u2019une impossibilit\u00e9 \u00e0 s\u2019entra\u00eener durant les p\u00e9riodes de grande s\u00e9cheresse.<\/p><h3><strong>La grenade d\u2019exercice Cyalume est verte<br \/><\/strong><\/h3><p>Les grenades Cymunition ne donnent pas lieu \u00e0 des Munitions Non-Explos\u00e9es (MNE). Les grenades d\u2019exercice Cyalume de taille moyenne r\u00e9duisent les temps de nettoyage et am\u00e9liorent les conditions d\u2019entra\u00eenement en permettant des sc\u00e9narii d\u2019entra\u00eenement r\u00e9alistes au sein des Centres d\u2019Entra\u00eenement aux Manoeuvres.<\/p>\t\t\t\t\t\t\t\t<\/div>\n\t\t\t\t<\/div>\n\t\t\t\t\t<\/div>\n\t\t<\/div>\n\t\t\t\t<div class=\"elementor-column elementor-col-33 elementor-top-column elementor-element elementor-element-9ad0a75\" data-id=\"9ad0a75\" data-element_type=\"column\" data-e-type=\"column\">\n\t\t\t<div class=\"elementor-widget-wrap elementor-element-populated\">\n\t\t\t\t\t\t<div class=\"elementor-element elementor-element-edb0739 elementor-widget elementor-widget-video\" data-id=\"edb0739\" data-element_type=\"widget\" data-e-type=\"widget\" data-settings=\"{&quot;youtube_url&quot;:&quot;https:\\\/\\\/www.youtube.com\\\/watch?v=2vgR0FCKkjk&quot;,&quot;video_type&quot;:&quot;youtube&quot;,&quot;controls&quot;:&quot;yes&quot;}\" data-widget_type=\"video.default\">\n\t\t\t\t<div class=\"elementor-widget-container\">\n\t\t\t\t\t\t\t<div class=\"elementor-wrapper elementor-open-inline\">\n\t\t\t<div class=\"elementor-video\"><\/div>\t\t<\/div>\n\t\t\t\t\t\t<\/div>\n\t\t\t\t<\/div>\n\t\t\t\t\t<\/div>\n\t\t<\/div>\n\t\t\t\t\t<\/div>\n\t\t<\/section>\n\t\t\t\t<section class=\"elementor-section elementor-top-section elementor-element elementor-element-28270f3 elementor-section-boxed elementor-section-height-default elementor-section-height-default\" data-id=\"28270f3\" data-element_type=\"section\" data-e-type=\"section\">\n\t\t\t\t\t\t<div class=\"elementor-container elementor-column-gap-default\">\n\t\t\t\t\t<div class=\"elementor-column elementor-col-100 elementor-top-column elementor-element elementor-element-7246e16\" data-id=\"7246e16\" data-element_type=\"column\" data-e-type=\"column\">\n\t\t\t<div class=\"elementor-widget-wrap elementor-element-populated\">\n\t\t\t\t\t\t<div class=\"elementor-element elementor-element-f21d367 elementor-widget elementor-widget-text-editor\" data-id=\"f21d367\" data-element_type=\"widget\" data-e-type=\"widget\" data-widget_type=\"text-editor.default\">\n\t\t\t\t<div class=\"elementor-widget-container\">\n\t\t\t\t\t\t\t\t\t<h3><strong>La charge de munition Cyalume est fabriqu\u00e9e \u00e0 partir d\u2019une composition chimique respectueuse de l\u2019environnement<br \/><\/strong><\/h3><p>Contrairement \u00e0 la plupart des munitions conventionnelles, la technologie chimioluminescente CyMunition \u00e9limine les cons\u00e9quences nocives et co\u00fbteuses pouvant porter pr\u00e9judice \u00e0 la sant\u00e9 et l\u2019environnement.<\/p><ul><li>Sans Phtalate<\/li><li>Non-toxique<\/li><li>Sans Perchlorate<\/li><li>Non-incendiaire<\/li><li>Non-\u00e9nergetique<\/li><\/ul><h3>\u00c9conomies r\u00e9alis\u00e9es gr\u00e2ce aux munitions d\u2019entrainement Cyalume<\/h3><p>Les charges CyMunition sont similaires en co\u00fbts aux charges de munition traditionnelles tout en offrant des \u00e9conomies importantes car elles suppriment le co\u00fbt d\u2019\u00e9limination des Munitions Non-Explos\u00e9es qui multiplient par 3 fois le co\u00fbt de tir de la munition traditionnelle.<\/p><ul><li>Les co\u00fbts estim\u00e9s de nettoyage de l\u2019environnement d\u00fbs aux toxines trouv\u00e9es dans les munitions d\u2019entra\u00eenement traditionnelles se retrouvant au sein et autour des zones d\u2019entra\u00eenement d\u00e9passent les 20 Milliards de Dollars (1).<\/li><li>Les nouvelles grenades d\u2019exercice chimioluminescentes Cyalume de 40mm repr\u00e9sentent une \u00e9conomie de nettoyage\u00a0 de $75\/tir compar\u00e9 aux munitions d\u2019entra\u00eenement conventionnelles comme cit\u00e9 dans le Rapport de 2003 du Minist\u00e8re de la D\u00e9fense Am\u00e9ricaine.<\/li><li>Les charges CyMunition permettent aux unit\u00e9s de s\u2019entra\u00eener et de se former aussi bien dans des conditions climatiques humides que s\u00e8ches. Les combattants peuvent ainsi achever leurs cycles de formation dans les temps et budgets impartis.<\/li><\/ul><p><em>(1) Source: 2001 Minit\u00e8re de la D\u00e9fense Am\u00e9ricaine<\/em><\/p>\t\t\t\t\t\t\t\t<\/div>\n\t\t\t\t<\/div>\n\t\t\t\t\t<\/div>\n\t\t<\/div>\n\t\t\t\t\t<\/div>\n\t\t<\/section>\n\t\t\t\t<\/div>\n\t\t","protected":false},"excerpt":{"rendered":"<p>Cartouche d\u2019exercice Cyalume basse v\u00e9locit\u00e9 40mm, munition chimioluminescente pour l\u2019entrainement: l\u2019alternative id\u00e9ale aux munitions pyrotechniques traditionnelles Nous consulter pour nous soumettre votre projet Les applications de munitions chimioluminescentes fournissent des signatures d\u2019impact r\u00e9alistes et sont non-pyrotechniques, sans risque d\u2019explosion pour les munitions rat\u00e9es (munitions vertes), non incendiaires et ne n\u00e9cessitent pas l\u2019intervention d\u2019\u00e9quipes de d\u00e9minage. [&hellip;]<\/p>\n","protected":false},"author":2,"featured_media":4115,"parent":2392,"menu_order":0,"comment_status":"closed","ping_status":"closed","template":"","meta":{"footnotes":""},"class_list":["post-4097","page","type-page","status-publish","has-post-thumbnail","hentry"],"aioseo_notices":[],"_links":{"self":[{"href":"https:\/\/www.cyalume.eu\/en\/wp-json\/wp\/v2\/pages\/4097","targetHints":{"allow":["GET"]}}],"collection":[{"href":"https:\/\/www.cyalume.eu\/en\/wp-json\/wp\/v2\/pages"}],"about":[{"href":"https:\/\/www.cyalume.eu\/en\/wp-json\/wp\/v2\/types\/page"}],"author":[{"embeddable":true,"href":"https:\/\/www.cyalume.eu\/en\/wp-json\/wp\/v2\/users\/2"}],"replies":[{"embeddable":true,"href":"https:\/\/www.cyalume.eu\/en\/wp-json\/wp\/v2\/comments?post=4097"}],"version-history":[{"count":30,"href":"https:\/\/www.cyalume.eu\/en\/wp-json\/wp\/v2\/pages\/4097\/revisions"}],"predecessor-version":[{"id":30364,"href":"https:\/\/www.cyalume.eu\/en\/wp-json\/wp\/v2\/pages\/4097\/revisions\/30364"}],"up":[{"embeddable":true,"href":"https:\/\/www.cyalume.eu\/en\/wp-json\/wp\/v2\/pages\/2392"}],"wp:featuredmedia":[{"embeddable":true,"href":"https:\/\/www.cyalume.eu\/en\/wp-json\/wp\/v2\/media\/4115"}],"wp:attachment":[{"href":"https:\/\/www.cyalume.eu\/en\/wp-json\/wp\/v2\/media?parent=4097"}],"curies":[{"name":"wp","href":"https:\/\/api.w.org\/{rel}","templated":true}]}}