{"id":3831,"date":"2019-03-05T18:18:19","date_gmt":"2019-03-05T17:18:19","guid":{"rendered":"https:\/\/www.cyalume.eu\/?page_id=3831"},"modified":"2025-06-27T16:35:39","modified_gmt":"2025-06-27T14:35:39","slug":"lightstick-with-nsn-nspa-and-cage-code","status":"publish","type":"page","link":"https:\/\/www.cyalume.eu\/en\/cyalume-technologies-company-presentation\/lightstick-with-nsn-nspa-and-cage-code\/","title":{"rendered":"Lightstick with NSN \/ NSPA and Cage Code"},"content":{"rendered":"\t\t<div data-elementor-type=\"wp-page\" data-elementor-id=\"3831\" class=\"elementor elementor-3831\" data-elementor-post-type=\"page\">\n\t\t\t\t\t\t<section class=\"elementor-section elementor-top-section elementor-element elementor-element-cb54b7a elementor-section-boxed elementor-section-height-default elementor-section-height-default\" data-id=\"cb54b7a\" data-element_type=\"section\" data-e-type=\"section\" data-settings=\"{&quot;background_background&quot;:&quot;classic&quot;}\">\n\t\t\t\t\t\t<div class=\"elementor-container elementor-column-gap-default\">\n\t\t\t\t\t<div class=\"elementor-column elementor-col-100 elementor-top-column elementor-element elementor-element-745d0090\" data-id=\"745d0090\" data-element_type=\"column\" data-e-type=\"column\">\n\t\t\t<div class=\"elementor-widget-wrap elementor-element-populated\">\n\t\t\t\t\t\t<div class=\"elementor-element elementor-element-353b6170 elementor-widget elementor-widget-heading\" data-id=\"353b6170\" data-element_type=\"widget\" data-e-type=\"widget\" data-widget_type=\"heading.default\">\n\t\t\t\t<div class=\"elementor-widget-container\">\n\t\t\t\t\t<h1 class=\"elementor-heading-title elementor-size-default\">B\u00e2ton avec NNO \/ NSPA et Cage Code<\/h1>\t\t\t\t<\/div>\n\t\t\t\t<\/div>\n\t\t\t\t<div class=\"elementor-element elementor-element-1a73565d elementor-widget elementor-widget-shortcode\" data-id=\"1a73565d\" data-element_type=\"widget\" data-e-type=\"widget\" data-widget_type=\"shortcode.default\">\n\t\t\t\t<div class=\"elementor-widget-container\">\n\t\t\t\t\t\t\t<div class=\"elementor-shortcode\"><nav aria-label=\"breadcrumbs\">\n            <div class=\"breadcrumb-container theme1\">\n                <ol>\n                                    <\/ol>\n            <\/div>\n        <\/nav>    <script type=\"application\/ld+json\">\n        {\n            \"@context\": \"http:\/\/schema.org\",\n            \"@type\": \"BreadcrumbList\",\n            \"itemListElement\": [\n                            ]\n        }\n    <\/script>\n   \n    <script>\n            <\/script>\n<\/div>\n\t\t\t\t\t\t<\/div>\n\t\t\t\t<\/div>\n\t\t\t\t\t<\/div>\n\t\t<\/div>\n\t\t\t\t\t<\/div>\n\t\t<\/section>\n\t\t\t\t<section class=\"elementor-section elementor-top-section elementor-element elementor-element-582b8615 elementor-section-full_width elementor-section-height-default elementor-section-height-default\" data-id=\"582b8615\" data-element_type=\"section\" data-e-type=\"section\" data-settings=\"{&quot;background_background&quot;:&quot;classic&quot;}\">\n\t\t\t\t\t\t<div class=\"elementor-container elementor-column-gap-default\">\n\t\t\t\t\t<div class=\"elementor-column elementor-col-100 elementor-top-column elementor-element elementor-element-1a290f76\" data-id=\"1a290f76\" data-element_type=\"column\" data-e-type=\"column\">\n\t\t\t<div class=\"elementor-widget-wrap elementor-element-populated\">\n\t\t\t\t\t\t<div class=\"elementor-element elementor-element-5f41a610 elementor-widget elementor-widget-heading\" data-id=\"5f41a610\" data-element_type=\"widget\" data-e-type=\"widget\" data-widget_type=\"heading.default\">\n\t\t\t\t<div class=\"elementor-widget-container\">\n\t\t\t\t\t<h2 class=\"elementor-heading-title elementor-size-default\">Qu\u2019est-ce qu\u2019un NNO? la NSPA et un Cage Code?<\/h2>\t\t\t\t<\/div>\n\t\t\t\t<\/div>\n\t\t\t\t\t<\/div>\n\t\t<\/div>\n\t\t\t\t\t<\/div>\n\t\t<\/section>\n\t\t\t\t<section class=\"elementor-section elementor-top-section elementor-element elementor-element-6ec1ad5 elementor-section-boxed elementor-section-height-default elementor-section-height-default\" data-id=\"6ec1ad5\" data-element_type=\"section\" data-e-type=\"section\">\n\t\t\t\t\t\t<div class=\"elementor-container elementor-column-gap-default\">\n\t\t\t\t\t<div class=\"elementor-column elementor-col-50 elementor-top-column elementor-element elementor-element-b52ef5f\" data-id=\"b52ef5f\" data-element_type=\"column\" data-e-type=\"column\">\n\t\t\t<div class=\"elementor-widget-wrap elementor-element-populated\">\n\t\t\t\t\t\t<div class=\"elementor-element elementor-element-0b20c0d elementor-align-center elementor-widget elementor-widget-button\" data-id=\"0b20c0d\" data-element_type=\"widget\" data-e-type=\"widget\" data-widget_type=\"button.default\">\n\t\t\t\t<div class=\"elementor-widget-container\">\n\t\t\t\t\t\t\t\t\t<div class=\"elementor-button-wrapper\">\n\t\t\t\t\t<a class=\"elementor-button elementor-button-link elementor-size-sm\" href=\"https:\/\/www.cyalume.shop\/fr\/\" target=\"_blank\">\n\t\t\t\t\t\t<span class=\"elementor-button-content-wrapper\">\n\t\t\t\t\t\t<span class=\"elementor-button-icon\">\n\t\t\t\t<i aria-hidden=\"true\" class=\"fas fa-shopping-cart\"><\/i>\t\t\t<\/span>\n\t\t\t\t\t\t\t\t\t<span class=\"elementor-button-text\"> Allez sur la Boutique en Ligne Cyalume !<\/span>\n\t\t\t\t\t<\/span>\n\t\t\t\t\t<\/a>\n\t\t\t\t<\/div>\n\t\t\t\t\t\t\t\t<\/div>\n\t\t\t\t<\/div>\n\t\t\t\t\t<\/div>\n\t\t<\/div>\n\t\t\t\t<div class=\"elementor-column elementor-col-50 elementor-top-column elementor-element elementor-element-cc7b678\" data-id=\"cc7b678\" data-element_type=\"column\" data-e-type=\"column\">\n\t\t\t<div class=\"elementor-widget-wrap elementor-element-populated\">\n\t\t\t\t\t\t<div class=\"elementor-element elementor-element-c83638a elementor-align-center elementor-widget elementor-widget-button\" data-id=\"c83638a\" data-element_type=\"widget\" data-e-type=\"widget\" data-widget_type=\"button.default\">\n\t\t\t\t<div class=\"elementor-widget-container\">\n\t\t\t\t\t\t\t\t\t<div class=\"elementor-button-wrapper\">\n\t\t\t\t\t<a class=\"elementor-button elementor-button-link elementor-size-sm\" href=\"https:\/\/www.cyalume.eu\/wp-content\/uploads\/2019\/03\/Produits-Cyalume-avec-NNO.pdf\" target=\"_blank\">\n\t\t\t\t\t\t<span class=\"elementor-button-content-wrapper\">\n\t\t\t\t\t\t<span class=\"elementor-button-icon\">\n\t\t\t\t<i aria-hidden=\"true\" class=\"fas fa-shopping-cart\"><\/i>\t\t\t<\/span>\n\t\t\t\t\t\t\t\t\t<span class=\"elementor-button-text\">Liste de produits Cyalume avec NNO<\/span>\n\t\t\t\t\t<\/span>\n\t\t\t\t\t<\/a>\n\t\t\t\t<\/div>\n\t\t\t\t\t\t\t\t<\/div>\n\t\t\t\t<\/div>\n\t\t\t\t\t<\/div>\n\t\t<\/div>\n\t\t\t\t\t<\/div>\n\t\t<\/section>\n\t\t\t\t<section class=\"elementor-section elementor-top-section elementor-element elementor-element-21ca6bb elementor-section-boxed elementor-section-height-default elementor-section-height-default\" data-id=\"21ca6bb\" data-element_type=\"section\" data-e-type=\"section\">\n\t\t\t\t\t\t<div class=\"elementor-container elementor-column-gap-default\">\n\t\t\t\t\t<div class=\"elementor-column elementor-col-100 elementor-top-column elementor-element elementor-element-85fcdaf\" data-id=\"85fcdaf\" data-element_type=\"column\" data-e-type=\"column\">\n\t\t\t<div class=\"elementor-widget-wrap elementor-element-populated\">\n\t\t\t\t\t\t<div class=\"elementor-element elementor-element-5918773 elementor-widget elementor-widget-text-editor\" data-id=\"5918773\" data-element_type=\"widget\" data-e-type=\"widget\" data-widget_type=\"text-editor.default\">\n\t\t\t\t<div class=\"elementor-widget-container\">\n\t\t\t\t\t\t\t\t\t<h3>Qu\u2019est ce qu\u2019un produit avec Num\u00e9ro de Nomenclature OTAN (NNO) ou NSN (NATO Stock Number)\u00a0?<\/h3><p>Cyalume est le seul fournisseur autoris\u00e9 par les forces de l\u2019OTAN pour la fourniture de b\u00e2tons lumineux et autres produits chimioluminescents appartenant \u00e0 la gamme Cyalume. C\u2019est-\u00e0-dire qu\u2019il est le seul fabricant autoris\u00e9 pour les achats dans la base des produits avec NNO (Num\u00e9ro de Nomenclature OTAN) r\u00e9f\u00e9renc\u00e9s OTAN. Tous les produits Cyalume ont \u00e9t\u00e9 test\u00e9s sur le terrain et approuv\u00e9s par l\u2019OTAN et sont donc en conformit\u00e9 avec le cahier des charges des NNO.<br \/>Cyalume est l\u2019unique fournisseur de produits chimioluminescents sous contrat OTAN en Europe et aux USA.<br \/>Les soci\u00e9t\u00e9s fournissant des b\u00e2tons lumineux dont les packagings comportent des NNO doivent attirer votre attention. En effet, il est fort probable qu\u2019il s\u2019agisse de produits avec NNO temporaires, sp\u00e9ciaux achet\u00e9s aupr\u00e8s de pays, ou produits auto-certifi\u00e9s aux NNO d\u00e9finitifs OTAN et que ces produits ne r\u00e9pondent pas aux sp\u00e9cifications NNO attendues au cahier des charges et restent non-test\u00e9s par l\u2019OTAN.<\/p><p>Il vous revient de v\u00e9rifier la l\u00e9gitimit\u00e9 de ces produits par rapport aux sp\u00e9cifications OTAN.<br \/>N\u2019h\u00e9sitez pas \u00e0 nous contacter pour un soutien sp\u00e9cifique sur les appels d\u2019offres militaires.<\/p>\t\t\t\t\t\t\t\t<\/div>\n\t\t\t\t<\/div>\n\t\t\t\t<div class=\"elementor-element elementor-element-4c10e65 elementor-widget-divider--view-line elementor-widget elementor-widget-divider\" data-id=\"4c10e65\" data-element_type=\"widget\" data-e-type=\"widget\" data-widget_type=\"divider.default\">\n\t\t\t\t<div class=\"elementor-widget-container\">\n\t\t\t\t\t\t\t<div class=\"elementor-divider\">\n\t\t\t<span class=\"elementor-divider-separator\">\n\t\t\t\t\t\t<\/span>\n\t\t<\/div>\n\t\t\t\t\t\t<\/div>\n\t\t\t\t<\/div>\n\t\t\t\t<section class=\"elementor-section elementor-inner-section elementor-element elementor-element-030e21f elementor-section-boxed elementor-section-height-default elementor-section-height-default\" data-id=\"030e21f\" data-element_type=\"section\" data-e-type=\"section\">\n\t\t\t\t\t\t<div class=\"elementor-container elementor-column-gap-default\">\n\t\t\t\t\t<div class=\"elementor-column elementor-col-50 elementor-inner-column elementor-element elementor-element-81cf9e6\" data-id=\"81cf9e6\" data-element_type=\"column\" data-e-type=\"column\">\n\t\t\t<div class=\"elementor-widget-wrap elementor-element-populated\">\n\t\t\t\t\t\t<div class=\"elementor-element elementor-element-681a076 elementor-widget elementor-widget-text-editor\" data-id=\"681a076\" data-element_type=\"widget\" data-e-type=\"widget\" data-widget_type=\"text-editor.default\">\n\t\t\t\t<div class=\"elementor-widget-container\">\n\t\t\t\t\t\t\t\t\t<h3>Qu\u2019est-ce que la NSPA\u00a0?<\/h3><p>La NSPA (Nato Support and Procurement Agency, c\u2019est-\u00e0-dire l\u2019Agence OTAN de Soutien et d\u2019Acquisition) est la principale agence de gestion du soutien logistique de l\u2019OTAN. L\u2019Agence a pour r\u00f4le principal de regrouper les besoins des pays, de centraliser les activit\u00e9s de gestion logistique, de faire jouer la concurrence internationale, et de contr\u00f4ler le co\u00fbt et la qualit\u00e9 des services fournis aux clients.<br \/>Avec le syst\u00e8me NSPA il est possible pour les arm\u00e9es de l\u2019OTAN de commander les articles s\u00e9lectionn\u00e9s par la Bourse logistique de l\u2019OTAN (NLSE) via leurs syst\u00e8mes logistiques centralis\u00e9s: DCMAT\/ SIMAT, SERMACOM\u2026<br \/>Un email automatis\u00e9 et instantan\u00e9 est alors envoy\u00e9 au service client\u00e8le Cyalume.<\/p><p>Les avantages de commander via la NSPA sont\u00a0:<\/p><ul><li>Rapidit\u00e9 d\u2019ex\u00e9cution<\/li><li>Priorit\u00e9 de votre commande sur les ventes directes<\/li><li>Garantie des meilleurs tarifs contractuels du march\u00e9<\/li><li>Produits garantis sp\u00e9cifications NNO\/NSN<\/li><\/ul>\t\t\t\t\t\t\t\t<\/div>\n\t\t\t\t<\/div>\n\t\t\t\t\t<\/div>\n\t\t<\/div>\n\t\t\t\t<div class=\"elementor-column elementor-col-50 elementor-inner-column elementor-element elementor-element-ecf41c5\" data-id=\"ecf41c5\" data-element_type=\"column\" data-e-type=\"column\">\n\t\t\t<div class=\"elementor-widget-wrap elementor-element-populated\">\n\t\t\t\t\t\t<div class=\"elementor-element elementor-element-6d6a7c5 elementor-widget elementor-widget-image\" data-id=\"6d6a7c5\" data-element_type=\"widget\" data-e-type=\"widget\" data-widget_type=\"image.default\">\n\t\t\t\t<div class=\"elementor-widget-container\">\n\t\t\t\t\t\t\t\t\t\t\t\t\t\t\t<img decoding=\"async\" width=\"200\" height=\"210\" src=\"https:\/\/www.cyalume.eu\/wp-content\/uploads\/2019\/03\/Logo-NSPA-contrat-avec-Cyalume.jpg\" class=\"attachment-large size-large wp-image-3836\" alt=\"logo NSPA contrat OTAN avec Cyalume\" srcset=\"https:\/\/www.cyalume.eu\/wp-content\/uploads\/2019\/03\/Logo-NSPA-contrat-avec-Cyalume.jpg 200w, https:\/\/www.cyalume.eu\/wp-content\/uploads\/2019\/03\/Logo-NSPA-contrat-avec-Cyalume-139x146.jpg 139w, https:\/\/www.cyalume.eu\/wp-content\/uploads\/2019\/03\/Logo-NSPA-contrat-avec-Cyalume-48x50.jpg 48w, https:\/\/www.cyalume.eu\/wp-content\/uploads\/2019\/03\/Logo-NSPA-contrat-avec-Cyalume-71x75.jpg 71w\" sizes=\"(max-width: 200px) 100vw, 200px\" \/>\t\t\t\t\t\t\t\t\t\t\t\t\t\t\t<\/div>\n\t\t\t\t<\/div>\n\t\t\t\t\t<\/div>\n\t\t<\/div>\n\t\t\t\t\t<\/div>\n\t\t<\/section>\n\t\t\t\t\t<\/div>\n\t\t<\/div>\n\t\t\t\t\t<\/div>\n\t\t<\/section>\n\t\t\t\t<\/div>\n\t\t","protected":false},"excerpt":{"rendered":"<p>B\u00e2ton avec NNO \/ NSPA et Cage Code Qu\u2019est-ce qu\u2019un NNO? la NSPA et un Cage Code? Allez sur la Boutique en Ligne Cyalume ! Liste de produits Cyalume avec NNO Qu\u2019est ce qu\u2019un produit avec Num\u00e9ro de Nomenclature OTAN (NNO) ou NSN (NATO Stock Number)\u00a0? Cyalume est le seul fournisseur autoris\u00e9 par les forces [&hellip;]<\/p>\n","protected":false},"author":2,"featured_media":3844,"parent":2552,"menu_order":0,"comment_status":"closed","ping_status":"closed","template":"","meta":{"footnotes":""},"class_list":["post-3831","page","type-page","status-publish","has-post-thumbnail","hentry"],"aioseo_notices":[],"_links":{"self":[{"href":"https:\/\/www.cyalume.eu\/en\/wp-json\/wp\/v2\/pages\/3831","targetHints":{"allow":["GET"]}}],"collection":[{"href":"https:\/\/www.cyalume.eu\/en\/wp-json\/wp\/v2\/pages"}],"about":[{"href":"https:\/\/www.cyalume.eu\/en\/wp-json\/wp\/v2\/types\/page"}],"author":[{"embeddable":true,"href":"https:\/\/www.cyalume.eu\/en\/wp-json\/wp\/v2\/users\/2"}],"replies":[{"embeddable":true,"href":"https:\/\/www.cyalume.eu\/en\/wp-json\/wp\/v2\/comments?post=3831"}],"version-history":[{"count":19,"href":"https:\/\/www.cyalume.eu\/en\/wp-json\/wp\/v2\/pages\/3831\/revisions"}],"predecessor-version":[{"id":31365,"href":"https:\/\/www.cyalume.eu\/en\/wp-json\/wp\/v2\/pages\/3831\/revisions\/31365"}],"up":[{"embeddable":true,"href":"https:\/\/www.cyalume.eu\/en\/wp-json\/wp\/v2\/pages\/2552"}],"wp:featuredmedia":[{"embeddable":true,"href":"https:\/\/www.cyalume.eu\/en\/wp-json\/wp\/v2\/media\/3844"}],"wp:attachment":[{"href":"https:\/\/www.cyalume.eu\/en\/wp-json\/wp\/v2\/media?parent=3831"}],"curies":[{"name":"wp","href":"https:\/\/api.w.org\/{rel}","templated":true}]}}